{"id":88002,"date":"2025-09-29T14:15:26","date_gmt":"2025-09-29T14:15:26","guid":{"rendered":"https:\/\/sharearchiver.com\/terms-and-conditions\/"},"modified":"2025-10-17T07:37:56","modified_gmt":"2025-10-17T07:37:56","slug":"terms-and-conditions","status":"publish","type":"page","link":"https:\/\/sharearchiver.com\/fr\/terms-and-conditions\/","title":{"rendered":"Terms and Conditions"},"content":{"rendered":"\t\t<div data-elementor-type=\"wp-page\" data-elementor-id=\"88002\" class=\"elementor elementor-88002 elementor-87935\" data-elementor-post-type=\"page\">\n\t\t\t\t<div class=\"elementor-element elementor-element-a263e31 e-con-full banner e-flex e-con e-parent\" data-id=\"a263e31\" data-element_type=\"container\" data-e-type=\"container\" data-settings=\"{&quot;background_background&quot;:&quot;classic&quot;}\">\n\t\t<div class=\"elementor-element elementor-element-c6b1c91 e-flex e-con-boxed e-con e-child\" data-id=\"c6b1c91\" data-element_type=\"container\" data-e-type=\"container\">\n\t\t\t\t\t<div class=\"e-con-inner\">\n\t\t<div class=\"elementor-element elementor-element-aa81259 e-con-full e-flex e-con e-child\" data-id=\"aa81259\" data-element_type=\"container\" data-e-type=\"container\">\n\t\t\t\t<div class=\"elementor-element elementor-element-e13d871 elementor-widget elementor-widget-heading\" data-id=\"e13d871\" data-element_type=\"widget\" data-e-type=\"widget\" data-widget_type=\"heading.default\">\n\t\t\t\t\t<h1 class=\"elementor-heading-title elementor-size-default\">Termes et conditions <\/h1>\t\t\t\t<\/div>\n\t\t\t\t<\/div>\n\t\t<div class=\"elementor-element elementor-element-a987cfc e-con-full e-flex e-con e-child\" data-id=\"a987cfc\" data-element_type=\"container\" data-e-type=\"container\">\n\t\t\t\t<\/div>\n\t\t\t\t\t<\/div>\n\t\t\t\t<\/div>\n\t\t\t\t<\/div>\n\t\t<div class=\"elementor-element elementor-element-1ed8cf0 e-con-full e-flex e-con e-parent\" data-id=\"1ed8cf0\" data-element_type=\"container\" data-e-type=\"container\">\n\t\t<div class=\"elementor-element elementor-element-2877ac7 e-flex e-con-boxed e-con e-child\" data-id=\"2877ac7\" data-element_type=\"container\" data-e-type=\"container\">\n\t\t\t\t\t<div class=\"e-con-inner\">\n\t\t\t\t<div class=\"elementor-element elementor-element-22f7f82 elementor-widget elementor-widget-heading\" data-id=\"22f7f82\" data-element_type=\"widget\" data-e-type=\"widget\" data-widget_type=\"heading.default\">\n\t\t\t\t\t<h2 class=\"elementor-heading-title elementor-size-default\">1. Acceptation des conditions<\/h2>\t\t\t\t<\/div>\n\t\t\t\t<div class=\"elementor-element elementor-element-5544bcb elementor-widget__width-initial elementor-widget elementor-widget-text-editor\" data-id=\"5544bcb\" data-element_type=\"widget\" data-e-type=\"widget\" data-widget_type=\"text-editor.default\">\n\t\t\t\t\t\t\t\t\t<p>En acc\u00e9dant \u00e0 ShareArchiver.com ou \u00e0 nos solutions logicielles, ou en les utilisant, vous acceptez les pr\u00e9sentes Conditions g\u00e9n\u00e9rales. En cas de d\u00e9saccord, vous ne pourrez pas utiliser nos services. <\/p>\t\t\t\t\t\t\t\t<\/div>\n\t\t\t\t<div class=\"elementor-element elementor-element-bf93139 elementor-widget elementor-widget-heading\" data-id=\"bf93139\" data-element_type=\"widget\" data-e-type=\"widget\" data-widget_type=\"heading.default\">\n\t\t\t\t\t<h2 class=\"elementor-heading-title elementor-size-default\">2. Services fournis<\/h2>\t\t\t\t<\/div>\n\t\t\t\t<div class=\"elementor-element elementor-element-a2390f9 elementor-widget__width-initial elementor-widget elementor-widget-text-editor\" data-id=\"a2390f9\" data-element_type=\"widget\" data-e-type=\"widget\" data-widget_type=\"text-editor.default\">\n\t\t\t\t\t\t\t\t\t<p>ShareArchiver fournit des solutions de gestion de donn\u00e9es, y compris, mais sans s&rsquo;y limiter, des logiciels d&rsquo;archivage, de conformit\u00e9 et d&rsquo;optimisation du stockage.<\/p>\t\t\t\t\t\t\t\t<\/div>\n\t\t\t\t<div class=\"elementor-element elementor-element-194effb elementor-widget elementor-widget-heading\" data-id=\"194effb\" data-element_type=\"widget\" data-e-type=\"widget\" data-widget_type=\"heading.default\">\n\t\t\t\t\t<h2 class=\"elementor-heading-title elementor-size-default\">3. Admissibilit\u00e9<\/h2>\t\t\t\t<\/div>\n\t\t\t\t<div class=\"elementor-element elementor-element-cc0d34e elementor-widget__width-initial elementor-widget elementor-widget-text-editor\" data-id=\"cc0d34e\" data-element_type=\"widget\" data-e-type=\"widget\" data-widget_type=\"text-editor.default\">\n\t\t\t\t\t\t\t\t\t<p><em>Vous devez avoir au moins 18 ans (ou l&rsquo;\u00e2ge de la majorit\u00e9 dans votre juridiction) pour utiliser nos services<\/em><\/p>\t\t\t\t\t\t\t\t<\/div>\n\t\t\t\t<div class=\"elementor-element elementor-element-f841ec5 elementor-widget elementor-widget-heading\" data-id=\"f841ec5\" data-element_type=\"widget\" data-e-type=\"widget\" data-widget_type=\"heading.default\">\n\t\t\t\t\t<h2 class=\"elementor-heading-title elementor-size-default\">4. Responsabilit\u00e9s du compte<\/h2>\t\t\t\t<\/div>\n\t\t\t\t<div class=\"elementor-element elementor-element-440b00e elementor-widget__width-initial elementor-widget elementor-widget-text-editor\" data-id=\"440b00e\" data-element_type=\"widget\" data-e-type=\"widget\" data-widget_type=\"text-editor.default\">\n\t\t\t\t\t\t\t\t\t<ul><li>Vous \u00eates responsable de la protection des informations d\u2019identification de votre compte.<\/li><li>Vous acceptez de fournir des informations exactes et \u00e0 jour.<\/li><li>Vous acceptez la responsabilit\u00e9 de toutes les activit\u00e9s effectu\u00e9es sous votre compte.<\/li><\/ul>\t\t\t\t\t\t\t\t<\/div>\n\t\t\t\t<div class=\"elementor-element elementor-element-c7e3bef elementor-widget elementor-widget-heading\" data-id=\"c7e3bef\" data-element_type=\"widget\" data-e-type=\"widget\" data-widget_type=\"heading.default\">\n\t\t\t\t\t<h2 class=\"elementor-heading-title elementor-size-default\">5. Licence et restrictions<\/h2>\t\t\t\t<\/div>\n\t\t\t\t<div class=\"elementor-element elementor-element-d42532a elementor-widget__width-initial elementor-widget elementor-widget-text-editor\" data-id=\"d42532a\" data-element_type=\"widget\" data-e-type=\"widget\" data-widget_type=\"text-editor.default\">\n\t\t\t\t\t\t\t\t\t<ul><li>ShareArchiver vous accorde une licence limit\u00e9e, non exclusive et non transf\u00e9rable pour utiliser notre logiciel.<\/li><li>ShareArchiver vous accorde une licence limit\u00e9e, non exclusive et non transf\u00e9rable pour utiliser notre logiciel.You may not reverse-engineer, resell, modify, or distribute our products.<\/li><li>Toute utilisation non autoris\u00e9e peut entra\u00eener la suspension ou la r\u00e9siliation du compte.<\/li><\/ul>\t\t\t\t\t\t\t\t<\/div>\n\t\t\t\t<div class=\"elementor-element elementor-element-ac1ec17 elementor-widget elementor-widget-heading\" data-id=\"ac1ec17\" data-element_type=\"widget\" data-e-type=\"widget\" data-widget_type=\"heading.default\">\n\t\t\t\t\t<h2 class=\"elementor-heading-title elementor-size-default\">6. Politique de paiement et de remboursement<\/h2>\t\t\t\t<\/div>\n\t\t\t\t<div class=\"elementor-element elementor-element-83b6a7f elementor-widget__width-initial elementor-widget elementor-widget-text-editor\" data-id=\"83b6a7f\" data-element_type=\"widget\" data-e-type=\"widget\" data-widget_type=\"text-editor.default\">\n\t\t\t\t\t\t\t\t\t<ul><li>Toutes les factures sont payables dans les <strong>30<\/strong> jours nets suivant la date de facture.<\/li><li>Les demandes de remboursement sont honor\u00e9es dans les <strong>30<\/strong> jours suivant l&rsquo;achat.<\/li><li>Apr\u00e8s 30 jours, les paiements ne sont pas remboursables, sauf si la loi l&rsquo;exige.<\/li><li>Le non-paiement peut entra\u00eener la suspension des services.<\/li><\/ul>\t\t\t\t\t\t\t\t<\/div>\n\t\t\t\t<div class=\"elementor-element elementor-element-117e167 elementor-widget elementor-widget-heading\" data-id=\"117e167\" data-element_type=\"widget\" data-e-type=\"widget\" data-widget_type=\"heading.default\">\n\t\t\t\t\t<h2 class=\"elementor-heading-title elementor-size-default\">7. Propri\u00e9t\u00e9 intellectuelle<\/h2>\t\t\t\t<\/div>\n\t\t\t\t<div class=\"elementor-element elementor-element-5ae40f9 elementor-widget__width-initial elementor-widget elementor-widget-text-editor\" data-id=\"5ae40f9\" data-element_type=\"widget\" data-e-type=\"widget\" data-widget_type=\"text-editor.default\">\n\t\t\t\t\t\t\t\t\t<p>Tout le contenu, les logiciels et les mat\u00e9riaux fournis par ShareArchiver restent la propri\u00e9t\u00e9 intellectuelle de ShareArchiver et sont prot\u00e9g\u00e9s par les lois applicables sur le droit d&rsquo;auteur et les marques.<\/p>\t\t\t\t\t\t\t\t<\/div>\n\t\t\t\t<div class=\"elementor-element elementor-element-4126527 elementor-widget elementor-widget-heading\" data-id=\"4126527\" data-element_type=\"widget\" data-e-type=\"widget\" data-widget_type=\"heading.default\">\n\t\t\t\t\t<h2 class=\"elementor-heading-title elementor-size-default\">8. Propri\u00e9t\u00e9 et responsabilit\u00e9 des donn\u00e9es<\/h2>\t\t\t\t<\/div>\n\t\t\t\t<div class=\"elementor-element elementor-element-cc5a3d9 elementor-widget__width-initial elementor-widget elementor-widget-text-editor\" data-id=\"cc5a3d9\" data-element_type=\"widget\" data-e-type=\"widget\" data-widget_type=\"text-editor.default\">\n\t\t\t\t\t\t\t\t\t<ul><li>Vous conservez la propri\u00e9t\u00e9 de toutes les donn\u00e9es t\u00e9l\u00e9charg\u00e9es sur notre logiciel.<\/li><li>ShareArchiver ne stocke ni ne g\u00e8re les donn\u00e9es personnelles ou financi\u00e8res sensibles pour le compte des clients.<\/li><li>Vous \u00eates responsable de garantir le respect des r\u00e9glementations locales, r\u00e9gionales et internationales en mati\u00e8re de protection des donn\u00e9es lors de l&rsquo;utilisation de nos services.<\/li><\/ul>\t\t\t\t\t\t\t\t<\/div>\n\t\t\t\t<div class=\"elementor-element elementor-element-2ed4b14 elementor-widget elementor-widget-heading\" data-id=\"2ed4b14\" data-element_type=\"widget\" data-e-type=\"widget\" data-widget_type=\"heading.default\">\n\t\t\t\t\t<h2 class=\"elementor-heading-title elementor-size-default\">9. Limitation de responsabilit\u00e9<\/h2>\t\t\t\t<\/div>\n\t\t\t\t<div class=\"elementor-element elementor-element-691da11 elementor-widget__width-initial elementor-widget elementor-widget-text-editor\" data-id=\"691da11\" data-element_type=\"widget\" data-e-type=\"widget\" data-widget_type=\"text-editor.default\">\n\t\t\t\t\t\t\t\t\t<ul><li>ShareArchiver n&rsquo;est pas responsable des dommages indirects, accessoires ou cons\u00e9cutifs r\u00e9sultant de l&rsquo;utilisation ou de l&rsquo;impossibilit\u00e9 d&rsquo;utiliser nos services.<\/li><li>Notre responsabilit\u00e9 est limit\u00e9e au montant que vous avez pay\u00e9 \u00e0 ShareArchiver au cours des <strong>12<\/strong> mois pr\u00e9c\u00e9dant la r\u00e9clamation.<\/li><\/ul>\t\t\t\t\t\t\t\t<\/div>\n\t\t\t\t<div class=\"elementor-element elementor-element-01d9688 elementor-widget elementor-widget-heading\" data-id=\"01d9688\" data-element_type=\"widget\" data-e-type=\"widget\" data-widget_type=\"heading.default\">\n\t\t\t\t\t<h2 class=\"elementor-heading-title elementor-size-default\">10. Assistance client et accord de niveau de service (SLA)<\/h2>\t\t\t\t<\/div>\n\t\t\t\t<div class=\"elementor-element elementor-element-e8de690 elementor-widget__width-initial elementor-widget elementor-widget-text-editor\" data-id=\"e8de690\" data-element_type=\"widget\" data-e-type=\"widget\" data-widget_type=\"text-editor.default\">\n\t\t\t\t\t\t\t\t\t<ul><li><strong>Canaux d&rsquo;assistance :<\/strong> les clients peuvent nous contacter par e-mail \u00e0 <strong>support@sharearchiver.com<\/strong> pour obtenir une assistance technique ou li\u00e9e \u00e0 leur compte.<\/li><li><strong>D\u00e9lais de r\u00e9ponse : <\/strong>Nous nous effor\u00e7ons de r\u00e9pondre aux demandes d&rsquo;assistance dans un d\u00e9lai d&rsquo;<strong>un jour ouvrable<\/strong> et de fournir une r\u00e9solution ou des mises \u00e0 jour dans un d\u00e9lai raisonnable, en fonction de la complexit\u00e9 du probl\u00e8me.<\/li><li><strong>Disponibilit\u00e9 :<\/strong> ShareArchiver s&rsquo;efforce de maintenir un temps de disponibilit\u00e9 de <strong>99 % pour ses<\/strong> services, \u00e0 l&rsquo;exclusion de la maintenance planifi\u00e9e, des \u00e9v\u00e9nements de force majeure ou des facteurs ind\u00e9pendants de notre volont\u00e9.<\/li><li><strong>Exclusions : <\/strong>Le SLA ne s\u2019applique pas aux temps d\u2019arr\u00eat caus\u00e9s par une mauvaise utilisation du client, des modifications non autoris\u00e9es, des logiciels tiers ou des probl\u00e8mes de connectivit\u00e9 Internet hors du contr\u00f4le de ShareArchiver.<\/li><\/ul>\t\t\t\t\t\t\t\t<\/div>\n\t\t\t\t<div class=\"elementor-element elementor-element-bd02baa elementor-widget elementor-widget-heading\" data-id=\"bd02baa\" data-element_type=\"widget\" data-e-type=\"widget\" data-widget_type=\"heading.default\">\n\t\t\t\t\t<h2 class=\"elementor-heading-title elementor-size-default\">11. Exclusion de garanties<\/h2>\t\t\t\t<\/div>\n\t\t\t\t<div class=\"elementor-element elementor-element-d9dcef1 elementor-widget__width-initial elementor-widget elementor-widget-text-editor\" data-id=\"d9dcef1\" data-element_type=\"widget\" data-e-type=\"widget\" data-widget_type=\"text-editor.default\">\n\t\t\t\t\t\t\t\t\t<ul><li>Nos services sont fournis <strong>\u00ab tels quels \u00bb et \u00ab tels que disponibles \u00bb<\/strong> sans garantie d\u2019aucune sorte, expresse ou implicite.<\/li><li>Nous ne garantissons pas que nos services r\u00e9pondront \u00e0 vos exigences sp\u00e9cifiques ou fonctionneront de mani\u00e8re ininterrompue, sans erreur ou en toute s\u00e9curit\u00e9.<\/li><\/ul>\t\t\t\t\t\t\t\t<\/div>\n\t\t\t\t<div class=\"elementor-element elementor-element-0f0d7ef elementor-widget elementor-widget-heading\" data-id=\"0f0d7ef\" data-element_type=\"widget\" data-e-type=\"widget\" data-widget_type=\"heading.default\">\n\t\t\t\t\t<h2 class=\"elementor-heading-title elementor-size-default\">12. R\u00e9siliation<\/h2>\t\t\t\t<\/div>\n\t\t\t\t<div class=\"elementor-element elementor-element-5b721b5 elementor-widget__width-initial elementor-widget elementor-widget-text-editor\" data-id=\"5b721b5\" data-element_type=\"widget\" data-e-type=\"widget\" data-widget_type=\"text-editor.default\">\n\t\t\t\t\t\t\t\t\t<ul><li><p>Nous nous r\u00e9servons le droit de suspendre ou de r\u00e9silier votre compte en cas de violation des pr\u00e9sentes Conditions. Vous pouvez r\u00e9silier votre compte \u00e0 tout moment en nous contactant. <\/p><\/li><\/ul>\t\t\t\t\t\t\t\t<\/div>\n\t\t\t\t<div class=\"elementor-element elementor-element-7dfea6b elementor-widget elementor-widget-heading\" data-id=\"7dfea6b\" data-element_type=\"widget\" data-e-type=\"widget\" data-widget_type=\"heading.default\">\n\t\t\t\t\t<h2 class=\"elementor-heading-title elementor-size-default\">13. Loi applicable<\/h2>\t\t\t\t<\/div>\n\t\t\t\t<div class=\"elementor-element elementor-element-b0333a0 elementor-widget__width-initial elementor-widget elementor-widget-text-editor\" data-id=\"b0333a0\" data-element_type=\"widget\" data-e-type=\"widget\" data-widget_type=\"text-editor.default\">\n\t\t\t\t\t\t\t\t\t<ul><li><p>Les pr\u00e9sentes conditions seront r\u00e9gies et interpr\u00e9t\u00e9es conform\u00e9ment aux lois de l\u2019Ontario, au <strong>Canada<\/strong>, sans \u00e9gard aux conflits de lois.<\/p><\/li><\/ul>\t\t\t\t\t\t\t\t<\/div>\n\t\t\t\t<div class=\"elementor-element elementor-element-39acc84 elementor-widget elementor-widget-heading\" data-id=\"39acc84\" data-element_type=\"widget\" data-e-type=\"widget\" data-widget_type=\"heading.default\">\n\t\t\t\t\t<h2 class=\"elementor-heading-title elementor-size-default\">14. Modifications des conditions<\/h2>\t\t\t\t<\/div>\n\t\t\t\t<div class=\"elementor-element elementor-element-6c5fd18 elementor-widget__width-initial elementor-widget elementor-widget-text-editor\" data-id=\"6c5fd18\" data-element_type=\"widget\" data-e-type=\"widget\" data-widget_type=\"text-editor.default\">\n\t\t\t\t\t\t\t\t\t<ul><li><p>Nous pouvons mettre \u00e0 jour les pr\u00e9sentes Conditions g\u00e9n\u00e9rales \u00e0 tout moment. L&rsquo;utilisation continue de nos services apr\u00e8s les mises \u00e0 jour vaut acceptation des conditions r\u00e9vis\u00e9es. <\/p><\/li><\/ul>\t\t\t\t\t\t\t\t<\/div>\n\t\t\t\t<div class=\"elementor-element elementor-element-7f31f21 elementor-widget elementor-widget-heading\" data-id=\"7f31f21\" data-element_type=\"widget\" data-e-type=\"widget\" data-widget_type=\"heading.default\">\n\t\t\t\t\t<h2 class=\"elementor-heading-title elementor-size-default\">15. Coordonn\u00e9es<\/h2>\t\t\t\t<\/div>\n\t\t\t\t<div class=\"elementor-element elementor-element-74f7dd7 elementor-widget__width-initial elementor-widget elementor-widget-text-editor\" data-id=\"74f7dd7\" data-element_type=\"widget\" data-e-type=\"widget\" data-widget_type=\"text-editor.default\">\n\t\t\t\t\t\t\t\t\t<ul><li><p>Pour toute question concernant ces conditions, contactez-nous \u00e0 :<\/p><p><strong>Courriel : support@sharearchiver.com<\/strong><\/p><\/li><li><p><strong>Adresse:<\/strong><\/p><p>ShareArchiver INC<\/p><p>700-2425 Matheson Blvd E<\/p><p>Mississauga, Ontario, Canada<\/p><p>L4W 5K4<\/p><\/li><\/ul>\t\t\t\t\t\t\t\t<\/div>\n\t\t\t\t\t<\/div>\n\t\t\t\t<\/div>\n\t\t\t\t<\/div>\n\t\t\t\t<\/div>\n\t\t","protected":false},"excerpt":{"rendered":"<p>Termes et conditions 1. Acceptation des conditions En acc\u00e9dant \u00e0 ShareArchiver.com ou \u00e0 nos solutions logicielles, ou en les utilisant, vous acceptez les pr\u00e9sentes Conditions g\u00e9n\u00e9rales. En cas de d\u00e9saccord, vous ne pourrez pas utiliser nos services. 2. Services fournis ShareArchiver fournit des solutions de gestion de donn\u00e9es, y compris, mais sans s&rsquo;y limiter, des [&hellip;]<\/p>\n","protected":false},"author":12,"featured_media":0,"parent":0,"menu_order":0,"comment_status":"closed","ping_status":"closed","template":"","meta":{"_acf_changed":false,"_glsr_average":0,"_glsr_ranking":0,"_glsr_reviews":0,"footnotes":""},"class_list":["post-88002","page","type-page","status-publish","hentry"],"acf":[],"yoast_head":"<!-- This site is optimized with the Yoast SEO Premium plugin v26.9 (Yoast SEO v27.6) - https:\/\/yoast.com\/product\/yoast-seo-premium-wordpress\/ -->\n<title>ShareArchiver: Conditions G\u00e9n\u00e9rales de Vente et Service<\/title>\n<meta name=\"description\" content=\"Consultez les Conditions G\u00e9n\u00e9rales d&#039;utilisation des services ShareArchiver. Comprenez vos droits, obligations et les r\u00e8gles r\u00e9gissant l&#039;usage de notre logiciel\" \/>\n<meta name=\"robots\" content=\"index, follow, max-snippet:-1, max-image-preview:large, max-video-preview:-1\" \/>\n<link rel=\"canonical\" href=\"https:\/\/sharearchiver.com\/fr\/terms-and-conditions\/\" \/>\n<meta name=\"twitter:label1\" content=\"Dur\u00e9e de lecture estim\u00e9e\" \/>\n\t<meta name=\"twitter:data1\" content=\"3 minutes\" \/>\n<script type=\"application\/ld+json\" class=\"yoast-schema-graph\">{\"@context\":\"https:\\\/\\\/schema.org\",\"@graph\":[{\"@type\":\"WebPage\",\"@id\":\"https:\\\/\\\/sharearchiver.com\\\/fr\\\/terms-and-conditions\\\/\",\"url\":\"https:\\\/\\\/sharearchiver.com\\\/fr\\\/terms-and-conditions\\\/\",\"name\":\"ShareArchiver: Conditions G\u00e9n\u00e9rales de Vente et Service\",\"isPartOf\":{\"@id\":\"https:\\\/\\\/sharearchiver.com\\\/fr\\\/#website\"},\"datePublished\":\"2025-09-29T14:15:26+00:00\",\"dateModified\":\"2025-10-17T07:37:56+00:00\",\"description\":\"Consultez les Conditions G\u00e9n\u00e9rales d'utilisation des services ShareArchiver. Comprenez vos droits, obligations et les r\u00e8gles r\u00e9gissant l'usage de notre logiciel\",\"breadcrumb\":{\"@id\":\"https:\\\/\\\/sharearchiver.com\\\/fr\\\/terms-and-conditions\\\/#breadcrumb\"},\"inLanguage\":\"fr-FR\",\"potentialAction\":[{\"@type\":\"ReadAction\",\"target\":[\"https:\\\/\\\/sharearchiver.com\\\/fr\\\/terms-and-conditions\\\/\"]}]},{\"@type\":\"BreadcrumbList\",\"@id\":\"https:\\\/\\\/sharearchiver.com\\\/fr\\\/terms-and-conditions\\\/#breadcrumb\",\"itemListElement\":[{\"@type\":\"ListItem\",\"position\":1,\"name\":\"Home\",\"item\":\"https:\\\/\\\/sharearchiver.com\\\/fr\\\/\"},{\"@type\":\"ListItem\",\"position\":2,\"name\":\"Terms and Conditions\"}]},{\"@type\":\"WebSite\",\"@id\":\"https:\\\/\\\/sharearchiver.com\\\/fr\\\/#website\",\"url\":\"https:\\\/\\\/sharearchiver.com\\\/fr\\\/\",\"name\":\"ShareArchiver\",\"description\":\"Enterprise Data Archiving Without Disrupting User Workflows.\",\"publisher\":{\"@id\":\"https:\\\/\\\/sharearchiver.com\\\/fr\\\/#organization\"},\"potentialAction\":[{\"@type\":\"SearchAction\",\"target\":{\"@type\":\"EntryPoint\",\"urlTemplate\":\"https:\\\/\\\/sharearchiver.com\\\/fr\\\/?s={search_term_string}\"},\"query-input\":{\"@type\":\"PropertyValueSpecification\",\"valueRequired\":true,\"valueName\":\"search_term_string\"}}],\"inLanguage\":\"fr-FR\"},{\"@type\":\"Organization\",\"@id\":\"https:\\\/\\\/sharearchiver.com\\\/fr\\\/#organization\",\"name\":\"ShareArchiver\",\"url\":\"https:\\\/\\\/sharearchiver.com\\\/fr\\\/\",\"logo\":{\"@type\":\"ImageObject\",\"inLanguage\":\"fr-FR\",\"@id\":\"https:\\\/\\\/sharearchiver.com\\\/fr\\\/#\\\/schema\\\/logo\\\/image\\\/\",\"url\":\"https:\\\/\\\/sharearchiver.com\\\/wp-content\\\/uploads\\\/2021\\\/10\\\/ShareArchiver.png\",\"contentUrl\":\"https:\\\/\\\/sharearchiver.com\\\/wp-content\\\/uploads\\\/2021\\\/10\\\/ShareArchiver.png\",\"width\":205,\"height\":45,\"caption\":\"ShareArchiver\"},\"image\":{\"@id\":\"https:\\\/\\\/sharearchiver.com\\\/fr\\\/#\\\/schema\\\/logo\\\/image\\\/\"},\"sameAs\":[\"https:\\\/\\\/www.facebook.com\\\/ShareArchiverOfficial\\\/\",\"https:\\\/\\\/www.linkedin.com\\\/company\\\/sharearchiver\\\/\",\"https:\\\/\\\/www.youtube.com\\\/@ShareArchiverINCMississauga\"],\"description\":\"ShareArchiver provides enterprise data archiving solutions that reduce storage costs and preserve long-term access to data without disrupting user workflows across on-premises and cloud environments.\",\"email\":\"info@sharearchiver.com\",\"telephone\":\"1 855 927 2448\"}]}<\/script>\n<!-- \/ Yoast SEO Premium plugin. -->","yoast_head_json":{"title":"ShareArchiver: Conditions G\u00e9n\u00e9rales de Vente et Service","description":"Consultez les Conditions G\u00e9n\u00e9rales d'utilisation des services ShareArchiver. Comprenez vos droits, obligations et les r\u00e8gles r\u00e9gissant l'usage de notre logiciel","robots":{"index":"index","follow":"follow","max-snippet":"max-snippet:-1","max-image-preview":"max-image-preview:large","max-video-preview":"max-video-preview:-1"},"canonical":"https:\/\/sharearchiver.com\/fr\/terms-and-conditions\/","twitter_misc":{"Dur\u00e9e de lecture estim\u00e9e":"3 minutes"},"schema":{"@context":"https:\/\/schema.org","@graph":[{"@type":"WebPage","@id":"https:\/\/sharearchiver.com\/fr\/terms-and-conditions\/","url":"https:\/\/sharearchiver.com\/fr\/terms-and-conditions\/","name":"ShareArchiver: Conditions G\u00e9n\u00e9rales de Vente et Service","isPartOf":{"@id":"https:\/\/sharearchiver.com\/fr\/#website"},"datePublished":"2025-09-29T14:15:26+00:00","dateModified":"2025-10-17T07:37:56+00:00","description":"Consultez les Conditions G\u00e9n\u00e9rales d'utilisation des services ShareArchiver. Comprenez vos droits, obligations et les r\u00e8gles r\u00e9gissant l'usage de notre logiciel","breadcrumb":{"@id":"https:\/\/sharearchiver.com\/fr\/terms-and-conditions\/#breadcrumb"},"inLanguage":"fr-FR","potentialAction":[{"@type":"ReadAction","target":["https:\/\/sharearchiver.com\/fr\/terms-and-conditions\/"]}]},{"@type":"BreadcrumbList","@id":"https:\/\/sharearchiver.com\/fr\/terms-and-conditions\/#breadcrumb","itemListElement":[{"@type":"ListItem","position":1,"name":"Home","item":"https:\/\/sharearchiver.com\/fr\/"},{"@type":"ListItem","position":2,"name":"Terms and Conditions"}]},{"@type":"WebSite","@id":"https:\/\/sharearchiver.com\/fr\/#website","url":"https:\/\/sharearchiver.com\/fr\/","name":"ShareArchiver","description":"Enterprise Data Archiving Without Disrupting User Workflows.","publisher":{"@id":"https:\/\/sharearchiver.com\/fr\/#organization"},"potentialAction":[{"@type":"SearchAction","target":{"@type":"EntryPoint","urlTemplate":"https:\/\/sharearchiver.com\/fr\/?s={search_term_string}"},"query-input":{"@type":"PropertyValueSpecification","valueRequired":true,"valueName":"search_term_string"}}],"inLanguage":"fr-FR"},{"@type":"Organization","@id":"https:\/\/sharearchiver.com\/fr\/#organization","name":"ShareArchiver","url":"https:\/\/sharearchiver.com\/fr\/","logo":{"@type":"ImageObject","inLanguage":"fr-FR","@id":"https:\/\/sharearchiver.com\/fr\/#\/schema\/logo\/image\/","url":"https:\/\/sharearchiver.com\/wp-content\/uploads\/2021\/10\/ShareArchiver.png","contentUrl":"https:\/\/sharearchiver.com\/wp-content\/uploads\/2021\/10\/ShareArchiver.png","width":205,"height":45,"caption":"ShareArchiver"},"image":{"@id":"https:\/\/sharearchiver.com\/fr\/#\/schema\/logo\/image\/"},"sameAs":["https:\/\/www.facebook.com\/ShareArchiverOfficial\/","https:\/\/www.linkedin.com\/company\/sharearchiver\/","https:\/\/www.youtube.com\/@ShareArchiverINCMississauga"],"description":"ShareArchiver provides enterprise data archiving solutions that reduce storage costs and preserve long-term access to data without disrupting user workflows across on-premises and cloud environments.","email":"info@sharearchiver.com","telephone":"1 855 927 2448"}]}},"_links":{"self":[{"href":"https:\/\/sharearchiver.com\/fr\/wp-json\/wp\/v2\/pages\/88002","targetHints":{"allow":["GET"]}}],"collection":[{"href":"https:\/\/sharearchiver.com\/fr\/wp-json\/wp\/v2\/pages"}],"about":[{"href":"https:\/\/sharearchiver.com\/fr\/wp-json\/wp\/v2\/types\/page"}],"author":[{"embeddable":true,"href":"https:\/\/sharearchiver.com\/fr\/wp-json\/wp\/v2\/users\/12"}],"replies":[{"embeddable":true,"href":"https:\/\/sharearchiver.com\/fr\/wp-json\/wp\/v2\/comments?post=88002"}],"version-history":[{"count":1,"href":"https:\/\/sharearchiver.com\/fr\/wp-json\/wp\/v2\/pages\/88002\/revisions"}],"predecessor-version":[{"id":88098,"href":"https:\/\/sharearchiver.com\/fr\/wp-json\/wp\/v2\/pages\/88002\/revisions\/88098"}],"wp:attachment":[{"href":"https:\/\/sharearchiver.com\/fr\/wp-json\/wp\/v2\/media?parent=88002"}],"curies":[{"name":"wp","href":"https:\/\/api.w.org\/{rel}","templated":true}]}}