{"id":87986,"date":"2025-09-29T13:56:03","date_gmt":"2025-09-29T13:56:03","guid":{"rendered":"https:\/\/sharearchiver.com\/privacy-policy\/"},"modified":"2025-10-17T07:30:39","modified_gmt":"2025-10-17T07:30:39","slug":"privacy-policy","status":"publish","type":"page","link":"https:\/\/sharearchiver.com\/fr\/privacy-policy\/","title":{"rendered":"Privacy Policy"},"content":{"rendered":"\t\t<div data-elementor-type=\"wp-page\" data-elementor-id=\"87986\" class=\"elementor elementor-87986 elementor-87916\" data-elementor-post-type=\"page\">\n\t\t\t\t<div class=\"elementor-element elementor-element-a5e45e8 e-con-full banner e-flex e-con e-parent\" data-id=\"a5e45e8\" data-element_type=\"container\" data-e-type=\"container\" data-settings=\"{&quot;background_background&quot;:&quot;classic&quot;}\">\n\t\t<div class=\"elementor-element elementor-element-f3c03a7 e-flex e-con-boxed e-con e-child\" data-id=\"f3c03a7\" data-element_type=\"container\" data-e-type=\"container\">\n\t\t\t\t\t<div class=\"e-con-inner\">\n\t\t<div class=\"elementor-element elementor-element-13bb368 e-con-full e-flex e-con e-child\" data-id=\"13bb368\" data-element_type=\"container\" data-e-type=\"container\">\n\t\t\t\t<div class=\"elementor-element elementor-element-7370692 elementor-widget elementor-widget-heading\" data-id=\"7370692\" data-element_type=\"widget\" data-e-type=\"widget\" data-widget_type=\"heading.default\">\n\t\t\t\t\t<h1 class=\"elementor-heading-title elementor-size-default\">politique de confidentialit\u00e9 <\/h1>\t\t\t\t<\/div>\n\t\t\t\t<\/div>\n\t\t<div class=\"elementor-element elementor-element-a047e03 e-con-full e-flex e-con e-child\" data-id=\"a047e03\" data-element_type=\"container\" data-e-type=\"container\">\n\t\t\t\t<\/div>\n\t\t\t\t\t<\/div>\n\t\t\t\t<\/div>\n\t\t\t\t<\/div>\n\t\t<div class=\"elementor-element elementor-element-d777750 e-con-full e-flex e-con e-parent\" data-id=\"d777750\" data-element_type=\"container\" data-e-type=\"container\">\n\t\t<div class=\"elementor-element elementor-element-a96223c e-flex e-con-boxed e-con e-child\" data-id=\"a96223c\" data-element_type=\"container\" data-e-type=\"container\">\n\t\t\t\t\t<div class=\"e-con-inner\">\n\t\t\t\t<div class=\"elementor-element elementor-element-96ea40a elementor-widget elementor-widget-heading\" data-id=\"96ea40a\" data-element_type=\"widget\" data-e-type=\"widget\" data-widget_type=\"heading.default\">\n\t\t\t\t\t<h2 class=\"elementor-heading-title elementor-size-default\">1. Introduction<\/h2>\t\t\t\t<\/div>\n\t\t\t\t<div class=\"elementor-element elementor-element-e619615 elementor-widget__width-initial elementor-widget elementor-widget-text-editor\" data-id=\"e619615\" data-element_type=\"widget\" data-e-type=\"widget\" data-widget_type=\"text-editor.default\">\n\t\t\t\t\t\t\t\t\t<p>Chez ShareArchiver, nous respectons votre vie priv\u00e9e et nous engageons \u00e0 prot\u00e9ger vos informations personnelles. Cette politique de confidentialit\u00e9 explique comment nous collectons, utilisons et prot\u00e9geons vos informations lorsque vous utilisez notre site web, nos logiciels et nos services. <\/p><p>En acc\u00e9dant \u00e0 ShareArchiver.com ou en l&rsquo;utilisant, vous acceptez cette politique. En cas de d\u00e9saccord, veuillez cesser d&rsquo;utiliser nos services. <\/p>\t\t\t\t\t\t\t\t<\/div>\n\t\t\t\t<div class=\"elementor-element elementor-element-4948812 elementor-widget elementor-widget-heading\" data-id=\"4948812\" data-element_type=\"widget\" data-e-type=\"widget\" data-widget_type=\"heading.default\">\n\t\t\t\t\t<h2 class=\"elementor-heading-title elementor-size-default\">2. Informations que nous collectons<\/h2>\t\t\t\t<\/div>\n\t\t\t\t<div class=\"elementor-element elementor-element-5a3e226 elementor-widget__width-initial elementor-widget elementor-widget-text-editor\" data-id=\"5a3e226\" data-element_type=\"widget\" data-e-type=\"widget\" data-widget_type=\"text-editor.default\">\n\t\t\t\t\t\t\t\t\t<p>Nous pouvons collecter les informations suivantes :<\/p><ul><li><strong>Informations personnelles :<\/strong> nom, adresse e-mail professionnelle, num\u00e9ro de t\u00e9l\u00e9phone, nom de l&rsquo;entreprise et informations d&rsquo;identification du compte.<\/li><li><strong>Informations d&rsquo;utilisation :<\/strong> adresses IP, type de navigateur, informations sur l&rsquo;appareil et activit\u00e9 sur notre plateforme.<\/li><li><strong>Donn\u00e9es de service :<\/strong> Fichiers et donn\u00e9es t\u00e9l\u00e9charg\u00e9s par les clients pour traitement sur notre plateforme. Nous ne collectons ni ne conservons aucune information financi\u00e8re ou personnelle sensible, telle que vos donn\u00e9es de sant\u00e9, vos coordonn\u00e9es bancaires ou vos informations de carte de cr\u00e9dit. <\/li><\/ul>\t\t\t\t\t\t\t\t<\/div>\n\t\t\t\t<div class=\"elementor-element elementor-element-3e40c82 elementor-widget elementor-widget-heading\" data-id=\"3e40c82\" data-element_type=\"widget\" data-e-type=\"widget\" data-widget_type=\"heading.default\">\n\t\t\t\t\t<h2 class=\"elementor-heading-title elementor-size-default\">3. Comment nous utilisons les informations<\/h2>\t\t\t\t<\/div>\n\t\t\t\t<div class=\"elementor-element elementor-element-e219ba1 elementor-widget__width-initial elementor-widget elementor-widget-text-editor\" data-id=\"e219ba1\" data-element_type=\"widget\" data-e-type=\"widget\" data-widget_type=\"text-editor.default\">\n\t\t\t\t\t\t\t\t\t<p>Nous utilisons les informations collect\u00e9es pour :<\/p><ul><li>Fournir, maintenir et am\u00e9liorer nos logiciels et services.<\/li><li>Communiquer avec vous concernant les mises \u00e0 jour de produits, les avis de service ou les demandes d&rsquo;assistance.<\/li><li>Communiquer avec vous concernant les mises \u00e0 jour de produits, les avis de service ou les demandes d&rsquo;assistance.<\/li><li>Faire respecter nos conditions g\u00e9n\u00e9rales.<\/li><li>R\u00e9pondre aux exigences l\u00e9gales et r\u00e9glementaires.<\/li><\/ul>\t\t\t\t\t\t\t\t<\/div>\n\t\t\t\t<div class=\"elementor-element elementor-element-6e437dd elementor-widget elementor-widget-heading\" data-id=\"6e437dd\" data-element_type=\"widget\" data-e-type=\"widget\" data-widget_type=\"heading.default\">\n\t\t\t\t\t<h2 class=\"elementor-heading-title elementor-size-default\">4. Conservation des donn\u00e9es<\/h2>\t\t\t\t<\/div>\n\t\t\t\t<div class=\"elementor-element elementor-element-c6bcf79 elementor-widget__width-initial elementor-widget elementor-widget-text-editor\" data-id=\"c6bcf79\" data-element_type=\"widget\" data-e-type=\"widget\" data-widget_type=\"text-editor.default\">\n\t\t\t\t\t\t\t\t\t<p>Nous conservons les renseignements personnels uniquement aussi longtemps que n\u00e9cessaire pour atteindre les objectifs d\u00e9crits dans la pr\u00e9sente politique ou conform\u00e9ment aux lois canadiennes, am\u00e9ricaines ou europ\u00e9ennes. Une fois les renseignements devenus inutiles, ils sont supprim\u00e9s de mani\u00e8re s\u00e9curis\u00e9e ou anonymis\u00e9s. <\/p>\t\t\t\t\t\t\t\t<\/div>\n\t\t\t\t<div class=\"elementor-element elementor-element-764af15 elementor-widget elementor-widget-heading\" data-id=\"764af15\" data-element_type=\"widget\" data-e-type=\"widget\" data-widget_type=\"heading.default\">\n\t\t\t\t\t<h2 class=\"elementor-heading-title elementor-size-default\">5. S\u00e9curit\u00e9 des donn\u00e9es<\/h2>\t\t\t\t<\/div>\n\t\t\t\t<div class=\"elementor-element elementor-element-9cccfe2 elementor-widget__width-initial elementor-widget elementor-widget-text-editor\" data-id=\"9cccfe2\" data-element_type=\"widget\" data-e-type=\"widget\" data-widget_type=\"text-editor.default\">\n\t\t\t\t\t\t\t\t\t<p>Nous mettons en \u0153uvre des mesures de s\u00e9curit\u00e9 conformes aux normes du secteur pour prot\u00e9ger vos informations contre tout acc\u00e8s, utilisation ou divulgation non autoris\u00e9s. Bien que nous nous efforcions d&rsquo;assurer une protection maximale, aucun syst\u00e8me ne peut \u00eatre garanti \u00e0 100 %. <\/p>\t\t\t\t\t\t\t\t<\/div>\n\t\t\t\t<div class=\"elementor-element elementor-element-afd9672 elementor-widget elementor-widget-heading\" data-id=\"afd9672\" data-element_type=\"widget\" data-e-type=\"widget\" data-widget_type=\"heading.default\">\n\t\t\t\t\t<h2 class=\"elementor-heading-title elementor-size-default\">6. Partage d'informations<\/h2>\t\t\t\t<\/div>\n\t\t\t\t<div class=\"elementor-element elementor-element-57070ad elementor-widget__width-initial elementor-widget elementor-widget-text-editor\" data-id=\"57070ad\" data-element_type=\"widget\" data-e-type=\"widget\" data-widget_type=\"text-editor.default\">\n\t\t\t\t\t\t\t\t\t<p>Nous ne vendons ni ne louons vos informations personnelles. Nous ne pouvons les partager qu&rsquo;avec : <\/p><ul><li>Fournisseurs tiers de confiance qui nous aident \u00e0 fournir nos services (par exemple, h\u00e9bergement, facturation).<\/li><li>Les autorit\u00e9s r\u00e9glementaires ou judiciaires, si la loi l\u2019exige.<\/li><li>Partenaires commerciaux en cas de fusions, d\u2019acquisitions ou de restructurations d\u2019entreprises.<\/li><\/ul>\t\t\t\t\t\t\t\t<\/div>\n\t\t\t\t<div class=\"elementor-element elementor-element-2a5b0fe elementor-widget elementor-widget-heading\" data-id=\"2a5b0fe\" data-element_type=\"widget\" data-e-type=\"widget\" data-widget_type=\"heading.default\">\n\t\t\t\t\t<h2 class=\"elementor-heading-title elementor-size-default\">7. Vos droits<\/h2>\t\t\t\t<\/div>\n\t\t\t\t<div class=\"elementor-element elementor-element-943b00a elementor-widget__width-initial elementor-widget elementor-widget-text-editor\" data-id=\"943b00a\" data-element_type=\"widget\" data-e-type=\"widget\" data-widget_type=\"text-editor.default\">\n\t\t\t\t\t\t\t\t\t<p><strong>En vertu de la loi canadienne (LPRPDE)<\/strong><\/p><ul><li>Acc\u00e9dez et demandez une copie de vos informations personnelles.<\/li><li>Demandez des corrections ou des mises \u00e0 jour de vos donn\u00e9es.<\/li><li>Retirer le consentement au traitement, sous r\u00e9serve de restrictions l\u00e9gales ou contractuelles.<\/li><li><strong>D\u00e9poser une plainte aupr\u00e8s du Commissariat \u00e0 la protection de la vie priv\u00e9e du Canada.<\/strong><\/li><\/ul>\t\t\t\t\t\t\t\t<\/div>\n\t\t\t\t<div class=\"elementor-element elementor-element-783a932 elementor-widget__width-initial elementor-widget elementor-widget-text-editor\" data-id=\"783a932\" data-element_type=\"widget\" data-e-type=\"widget\" data-widget_type=\"text-editor.default\">\n\t\t\t\t\t\t\t\t\t<p><strong>Conform\u00e9ment au droit de l&rsquo;UE\/du Royaume-Uni (RGPD\/RGPD-RU)<\/strong><\/p><p>Si vous \u00eates situ\u00e9 dans l\u2019Union europ\u00e9enne ou au Royaume-Uni, vous disposez de droits suppl\u00e9mentaires :<\/p>\t\t\t\t\t\t\t\t<\/div>\n\t\t\t\t<div class=\"elementor-element elementor-element-c87adcc elementor-widget__width-initial elementor-widget elementor-widget-text-editor\" data-id=\"c87adcc\" data-element_type=\"widget\" data-e-type=\"widget\" data-widget_type=\"text-editor.default\">\n\t\t\t\t\t\t\t\t\t<ul><li>Droit d&rsquo;acc\u00e8s, de rectification et d&rsquo;effacement des donn\u00e9es personnelles.<\/li><li>Droit de restreindre ou de s\u2019opposer au traitement.<\/li><li>Droit \u00e0 la portabilit\u00e9 des donn\u00e9es.<\/li><li>Droit de retirer son consentement \u00e0 tout moment.<\/li><li>Droit de d\u00e9poser une plainte aupr\u00e8s d\u2019une autorit\u00e9 de protection des donn\u00e9es.<\/li><\/ul>\t\t\t\t\t\t\t\t<\/div>\n\t\t\t\t<div class=\"elementor-element elementor-element-6ede603 elementor-widget__width-initial elementor-widget elementor-widget-text-editor\" data-id=\"6ede603\" data-element_type=\"widget\" data-e-type=\"widget\" data-widget_type=\"text-editor.default\">\n\t\t\t\t\t\t\t\t\t<p>Nos bases l\u00e9gales pour le traitement de vos donn\u00e9es personnelles peuvent inclure :<\/p><ul><li style=\"list-style-type: none;\"><ul><li>Ex\u00e9cution d&rsquo;un contrat.<\/li><li>Respect d&rsquo;une obligation l\u00e9gale.<\/li><li>Int\u00e9r\u00eats commerciaux l\u00e9gitimes.<\/li><li>Votre consentement.<\/li><\/ul><\/li><\/ul>\t\t\t\t\t\t\t\t<\/div>\n\t\t\t\t<div class=\"elementor-element elementor-element-d23fdc4 elementor-widget__width-initial elementor-widget elementor-widget-text-editor\" data-id=\"d23fdc4\" data-element_type=\"widget\" data-e-type=\"widget\" data-widget_type=\"text-editor.default\">\n\t\t\t\t\t\t\t\t\t<p><strong>Conform\u00e9ment \u00e0 la loi am\u00e9ricaine (CCPA\/CPRA \u2013 R\u00e9sidents de Californie)<\/strong><\/p>\t\t\t\t\t\t\t\t<\/div>\n\t\t\t\t<div class=\"elementor-element elementor-element-d89cf97 elementor-widget__width-initial elementor-widget elementor-widget-text-editor\" data-id=\"d89cf97\" data-element_type=\"widget\" data-e-type=\"widget\" data-widget_type=\"text-editor.default\">\n\t\t\t\t\t\t\t\t\t<p>Si vous \u00eates r\u00e9sident de Californie, vous pouvez exercer les droits suivants :<\/p><ul><li>Si vous \u00eates r\u00e9sident de Californie, vous pouvez exercer les droits suivants :<\/li><li>Demander la suppression des renseignements personnels, sous r\u00e9serve de certaines exceptions.<\/li><li>Demandez que nous ne vendions ni ne partagions vos donn\u00e9es personnelles (ShareArchiver ne vend pas de donn\u00e9es).<\/li><li>Non-discrimination dans l\u2019exercice de ces droits.<\/li><\/ul>\t\t\t\t\t\t\t\t<\/div>\n\t\t\t\t<div class=\"elementor-element elementor-element-dd490b9 elementor-widget elementor-widget-heading\" data-id=\"dd490b9\" data-element_type=\"widget\" data-e-type=\"widget\" data-widget_type=\"heading.default\">\n\t\t\t\t\t<h2 class=\"elementor-heading-title elementor-size-default\">8. Cookies et technologies de suivi<\/h2>\t\t\t\t<\/div>\n\t\t\t\t<div class=\"elementor-element elementor-element-00603e5 elementor-widget__width-initial elementor-widget elementor-widget-text-editor\" data-id=\"00603e5\" data-element_type=\"widget\" data-e-type=\"widget\" data-widget_type=\"text-editor.default\">\n\t\t\t\t\t\t\t\t\t<p>Nous utilisons des cookies et des technologies similaires pour am\u00e9liorer votre exp\u00e9rience et analyser votre utilisation.<\/p><ul><li>Pour les utilisateurs de l&rsquo;UE\/du Royaume-Uni : les cookies ne sont install\u00e9s qu&rsquo;avec votre consentement, conform\u00e9ment au RGPD\/UK-GDPR.<\/li><li>Pour les autres r\u00e9gions : vous pouvez contr\u00f4ler les cookies via les param\u00e8tres de votre navigateur.<\/li><\/ul>\t\t\t\t\t\t\t\t<\/div>\n\t\t\t\t<div class=\"elementor-element elementor-element-bb0a786 elementor-widget elementor-widget-heading\" data-id=\"bb0a786\" data-element_type=\"widget\" data-e-type=\"widget\" data-widget_type=\"heading.default\">\n\t\t\t\t\t<h2 class=\"elementor-heading-title elementor-size-default\">9. Transferts internationaux de donn\u00e9es<\/h2>\t\t\t\t<\/div>\n\t\t\t\t<div class=\"elementor-element elementor-element-8c1244c elementor-widget__width-initial elementor-widget elementor-widget-text-editor\" data-id=\"8c1244c\" data-element_type=\"widget\" data-e-type=\"widget\" data-widget_type=\"text-editor.default\">\n\t\t\t\t\t\t\t\t\t<p><strong>Vos informations peuvent \u00eatre trait\u00e9es et stock\u00e9es hors de votre pays de r\u00e9sidence. Pour les r\u00e9sidents de l&rsquo;UE et du Royaume-Uni, nous mettons en \u0153uvre des mesures de protection appropri\u00e9es (telles que des clauses contractuelles types) pour garantir la protection de vos donn\u00e9es lors de leurs transferts internationaux.<\/strong> <\/p>\t\t\t\t\t\t\t\t<\/div>\n\t\t\t\t<div class=\"elementor-element elementor-element-1eee83c elementor-widget elementor-widget-heading\" data-id=\"1eee83c\" data-element_type=\"widget\" data-e-type=\"widget\" data-widget_type=\"heading.default\">\n\t\t\t\t\t<h2 class=\"elementor-heading-title elementor-size-default\">10. Mises \u00e0 jour de cette politique<\/h2>\t\t\t\t<\/div>\n\t\t\t\t<div class=\"elementor-element elementor-element-cf50d78 elementor-widget__width-initial elementor-widget elementor-widget-text-editor\" data-id=\"cf50d78\" data-element_type=\"widget\" data-e-type=\"widget\" data-widget_type=\"text-editor.default\">\n\t\t\t\t\t\t\t\t\t<p><strong>Vos informations peuvent \u00eatre trait\u00e9es et stock\u00e9es hors de votre pays de r\u00e9sidence. Pour les r\u00e9sidents de l&rsquo;UE et du Royaume-Uni, nous mettons en \u0153uvre des mesures de protection appropri\u00e9es (telles que des clauses contractuelles types) pour garantir la protection de vos donn\u00e9es lors de leurs transferts internationaux.<\/strong> <\/p>\t\t\t\t\t\t\t\t<\/div>\n\t\t\t\t<div class=\"elementor-element elementor-element-a1de819 elementor-widget elementor-widget-heading\" data-id=\"a1de819\" data-element_type=\"widget\" data-e-type=\"widget\" data-widget_type=\"heading.default\">\n\t\t\t\t\t<h2 class=\"elementor-heading-title elementor-size-default\">11. Coordonn\u00e9es<\/h2>\t\t\t\t<\/div>\n\t\t\t\t<div class=\"elementor-element elementor-element-c5806fa elementor-widget__width-initial elementor-widget elementor-widget-text-editor\" data-id=\"c5806fa\" data-element_type=\"widget\" data-e-type=\"widget\" data-widget_type=\"text-editor.default\">\n\t\t\t\t\t\t\t\t\t<p>Si vous avez des questions ou des demandes concernant cette politique de confidentialit\u00e9, contactez-nous \u00e0 :<\/p><p><strong>Courriel : support@sharearchiver.com<\/strong><\/p><p><strong>Adresse:<\/strong><\/p><p>ShareArchiver INC<\/p><p>700-2425 Matheson Blvd E<\/p><p>Mississauga, Ontario, Canada<\/p><p><em>L4W 5K4<\/em><\/p>\t\t\t\t\t\t\t\t<\/div>\n\t\t\t\t\t<\/div>\n\t\t\t\t<\/div>\n\t\t\t\t<\/div>\n\t\t\t\t<\/div>\n\t\t","protected":false},"excerpt":{"rendered":"<p>politique de confidentialit\u00e9 1. Introduction Chez ShareArchiver, nous respectons votre vie priv\u00e9e et nous engageons \u00e0 prot\u00e9ger vos informations personnelles. Cette politique de confidentialit\u00e9 explique comment nous collectons, utilisons et prot\u00e9geons vos informations lorsque vous utilisez notre site web, nos logiciels et nos services. En acc\u00e9dant \u00e0 ShareArchiver.com ou en l&rsquo;utilisant, vous acceptez cette politique. [&hellip;]<\/p>\n","protected":false},"author":12,"featured_media":0,"parent":0,"menu_order":0,"comment_status":"closed","ping_status":"closed","template":"","meta":{"_acf_changed":false,"_glsr_average":0,"_glsr_ranking":0,"_glsr_reviews":0,"footnotes":""},"class_list":["post-87986","page","type-page","status-publish","hentry"],"acf":[],"yoast_head":"<!-- This site is optimized with the Yoast SEO Premium plugin v26.9 (Yoast SEO v27.6) - https:\/\/yoast.com\/product\/yoast-seo-premium-wordpress\/ -->\n<title>Politique de Confidentialit\u00e9 ShareArchiver: Vos Donn\u00e9es<\/title>\n<meta name=\"description\" content=\"D\u00e9couvrez l&#039;engagement de ShareArchiver envers votre vie priv\u00e9e. Apprenez comment nous g\u00e9rons, stockons et s\u00e9curisons vos donn\u00e9es personnelles.\" \/>\n<meta name=\"robots\" content=\"index, follow, max-snippet:-1, max-image-preview:large, max-video-preview:-1\" \/>\n<link rel=\"canonical\" href=\"https:\/\/sharearchiver.com\/fr\/privacy-policy\/\" \/>\n<meta name=\"twitter:label1\" content=\"Dur\u00e9e de lecture estim\u00e9e\" \/>\n\t<meta name=\"twitter:data1\" content=\"4 minutes\" \/>\n<script type=\"application\/ld+json\" class=\"yoast-schema-graph\">{\"@context\":\"https:\\\/\\\/schema.org\",\"@graph\":[{\"@type\":\"WebPage\",\"@id\":\"https:\\\/\\\/sharearchiver.com\\\/fr\\\/privacy-policy\\\/\",\"url\":\"https:\\\/\\\/sharearchiver.com\\\/fr\\\/privacy-policy\\\/\",\"name\":\"Politique de Confidentialit\u00e9 ShareArchiver: Vos Donn\u00e9es\",\"isPartOf\":{\"@id\":\"https:\\\/\\\/sharearchiver.com\\\/fr\\\/#website\"},\"datePublished\":\"2025-09-29T13:56:03+00:00\",\"dateModified\":\"2025-10-17T07:30:39+00:00\",\"description\":\"D\u00e9couvrez l'engagement de ShareArchiver envers votre vie priv\u00e9e. Apprenez comment nous g\u00e9rons, stockons et s\u00e9curisons vos donn\u00e9es personnelles.\",\"breadcrumb\":{\"@id\":\"https:\\\/\\\/sharearchiver.com\\\/fr\\\/privacy-policy\\\/#breadcrumb\"},\"inLanguage\":\"fr-FR\",\"potentialAction\":[{\"@type\":\"ReadAction\",\"target\":[\"https:\\\/\\\/sharearchiver.com\\\/fr\\\/privacy-policy\\\/\"]}]},{\"@type\":\"BreadcrumbList\",\"@id\":\"https:\\\/\\\/sharearchiver.com\\\/fr\\\/privacy-policy\\\/#breadcrumb\",\"itemListElement\":[{\"@type\":\"ListItem\",\"position\":1,\"name\":\"Home\",\"item\":\"https:\\\/\\\/sharearchiver.com\\\/fr\\\/\"},{\"@type\":\"ListItem\",\"position\":2,\"name\":\"Privacy Policy\"}]},{\"@type\":\"WebSite\",\"@id\":\"https:\\\/\\\/sharearchiver.com\\\/fr\\\/#website\",\"url\":\"https:\\\/\\\/sharearchiver.com\\\/fr\\\/\",\"name\":\"ShareArchiver\",\"description\":\"Enterprise Data Archiving Without Disrupting User Workflows.\",\"publisher\":{\"@id\":\"https:\\\/\\\/sharearchiver.com\\\/fr\\\/#organization\"},\"potentialAction\":[{\"@type\":\"SearchAction\",\"target\":{\"@type\":\"EntryPoint\",\"urlTemplate\":\"https:\\\/\\\/sharearchiver.com\\\/fr\\\/?s={search_term_string}\"},\"query-input\":{\"@type\":\"PropertyValueSpecification\",\"valueRequired\":true,\"valueName\":\"search_term_string\"}}],\"inLanguage\":\"fr-FR\"},{\"@type\":\"Organization\",\"@id\":\"https:\\\/\\\/sharearchiver.com\\\/fr\\\/#organization\",\"name\":\"ShareArchiver\",\"url\":\"https:\\\/\\\/sharearchiver.com\\\/fr\\\/\",\"logo\":{\"@type\":\"ImageObject\",\"inLanguage\":\"fr-FR\",\"@id\":\"https:\\\/\\\/sharearchiver.com\\\/fr\\\/#\\\/schema\\\/logo\\\/image\\\/\",\"url\":\"https:\\\/\\\/sharearchiver.com\\\/wp-content\\\/uploads\\\/2021\\\/10\\\/ShareArchiver.png\",\"contentUrl\":\"https:\\\/\\\/sharearchiver.com\\\/wp-content\\\/uploads\\\/2021\\\/10\\\/ShareArchiver.png\",\"width\":205,\"height\":45,\"caption\":\"ShareArchiver\"},\"image\":{\"@id\":\"https:\\\/\\\/sharearchiver.com\\\/fr\\\/#\\\/schema\\\/logo\\\/image\\\/\"},\"sameAs\":[\"https:\\\/\\\/www.facebook.com\\\/ShareArchiverOfficial\\\/\",\"https:\\\/\\\/www.linkedin.com\\\/company\\\/sharearchiver\\\/\",\"https:\\\/\\\/www.youtube.com\\\/@ShareArchiverINCMississauga\"],\"description\":\"ShareArchiver provides enterprise data archiving solutions that reduce storage costs and preserve long-term access to data without disrupting user workflows across on-premises and cloud environments.\",\"email\":\"info@sharearchiver.com\",\"telephone\":\"1 855 927 2448\"}]}<\/script>\n<!-- \/ Yoast SEO Premium plugin. -->","yoast_head_json":{"title":"Politique de Confidentialit\u00e9 ShareArchiver: Vos Donn\u00e9es","description":"D\u00e9couvrez l'engagement de ShareArchiver envers votre vie priv\u00e9e. Apprenez comment nous g\u00e9rons, stockons et s\u00e9curisons vos donn\u00e9es personnelles.","robots":{"index":"index","follow":"follow","max-snippet":"max-snippet:-1","max-image-preview":"max-image-preview:large","max-video-preview":"max-video-preview:-1"},"canonical":"https:\/\/sharearchiver.com\/fr\/privacy-policy\/","twitter_misc":{"Dur\u00e9e de lecture estim\u00e9e":"4 minutes"},"schema":{"@context":"https:\/\/schema.org","@graph":[{"@type":"WebPage","@id":"https:\/\/sharearchiver.com\/fr\/privacy-policy\/","url":"https:\/\/sharearchiver.com\/fr\/privacy-policy\/","name":"Politique de Confidentialit\u00e9 ShareArchiver: Vos Donn\u00e9es","isPartOf":{"@id":"https:\/\/sharearchiver.com\/fr\/#website"},"datePublished":"2025-09-29T13:56:03+00:00","dateModified":"2025-10-17T07:30:39+00:00","description":"D\u00e9couvrez l'engagement de ShareArchiver envers votre vie priv\u00e9e. Apprenez comment nous g\u00e9rons, stockons et s\u00e9curisons vos donn\u00e9es personnelles.","breadcrumb":{"@id":"https:\/\/sharearchiver.com\/fr\/privacy-policy\/#breadcrumb"},"inLanguage":"fr-FR","potentialAction":[{"@type":"ReadAction","target":["https:\/\/sharearchiver.com\/fr\/privacy-policy\/"]}]},{"@type":"BreadcrumbList","@id":"https:\/\/sharearchiver.com\/fr\/privacy-policy\/#breadcrumb","itemListElement":[{"@type":"ListItem","position":1,"name":"Home","item":"https:\/\/sharearchiver.com\/fr\/"},{"@type":"ListItem","position":2,"name":"Privacy Policy"}]},{"@type":"WebSite","@id":"https:\/\/sharearchiver.com\/fr\/#website","url":"https:\/\/sharearchiver.com\/fr\/","name":"ShareArchiver","description":"Enterprise Data Archiving Without Disrupting User Workflows.","publisher":{"@id":"https:\/\/sharearchiver.com\/fr\/#organization"},"potentialAction":[{"@type":"SearchAction","target":{"@type":"EntryPoint","urlTemplate":"https:\/\/sharearchiver.com\/fr\/?s={search_term_string}"},"query-input":{"@type":"PropertyValueSpecification","valueRequired":true,"valueName":"search_term_string"}}],"inLanguage":"fr-FR"},{"@type":"Organization","@id":"https:\/\/sharearchiver.com\/fr\/#organization","name":"ShareArchiver","url":"https:\/\/sharearchiver.com\/fr\/","logo":{"@type":"ImageObject","inLanguage":"fr-FR","@id":"https:\/\/sharearchiver.com\/fr\/#\/schema\/logo\/image\/","url":"https:\/\/sharearchiver.com\/wp-content\/uploads\/2021\/10\/ShareArchiver.png","contentUrl":"https:\/\/sharearchiver.com\/wp-content\/uploads\/2021\/10\/ShareArchiver.png","width":205,"height":45,"caption":"ShareArchiver"},"image":{"@id":"https:\/\/sharearchiver.com\/fr\/#\/schema\/logo\/image\/"},"sameAs":["https:\/\/www.facebook.com\/ShareArchiverOfficial\/","https:\/\/www.linkedin.com\/company\/sharearchiver\/","https:\/\/www.youtube.com\/@ShareArchiverINCMississauga"],"description":"ShareArchiver provides enterprise data archiving solutions that reduce storage costs and preserve long-term access to data without disrupting user workflows across on-premises and cloud environments.","email":"info@sharearchiver.com","telephone":"1 855 927 2448"}]}},"_links":{"self":[{"href":"https:\/\/sharearchiver.com\/fr\/wp-json\/wp\/v2\/pages\/87986","targetHints":{"allow":["GET"]}}],"collection":[{"href":"https:\/\/sharearchiver.com\/fr\/wp-json\/wp\/v2\/pages"}],"about":[{"href":"https:\/\/sharearchiver.com\/fr\/wp-json\/wp\/v2\/types\/page"}],"author":[{"embeddable":true,"href":"https:\/\/sharearchiver.com\/fr\/wp-json\/wp\/v2\/users\/12"}],"replies":[{"embeddable":true,"href":"https:\/\/sharearchiver.com\/fr\/wp-json\/wp\/v2\/comments?post=87986"}],"version-history":[{"count":1,"href":"https:\/\/sharearchiver.com\/fr\/wp-json\/wp\/v2\/pages\/87986\/revisions"}],"predecessor-version":[{"id":88093,"href":"https:\/\/sharearchiver.com\/fr\/wp-json\/wp\/v2\/pages\/87986\/revisions\/88093"}],"wp:attachment":[{"href":"https:\/\/sharearchiver.com\/fr\/wp-json\/wp\/v2\/media?parent=87986"}],"curies":[{"name":"wp","href":"https:\/\/api.w.org\/{rel}","templated":true}]}}