{"id":87972,"date":"2025-09-29T14:11:04","date_gmt":"2025-09-29T14:11:04","guid":{"rendered":"https:\/\/sharearchiver.com\/a-propos-de-nous\/"},"modified":"2025-10-17T07:51:53","modified_gmt":"2025-10-17T07:51:53","slug":"about-us","status":"publish","type":"page","link":"https:\/\/sharearchiver.com\/fr\/about-us\/","title":{"rendered":"\u00c0 propos de nous"},"content":{"rendered":"\t\t<div data-elementor-type=\"wp-page\" data-elementor-id=\"87972\" class=\"elementor elementor-87972 elementor-87917\" data-elementor-post-type=\"page\">\n\t\t\t\t<div class=\"elementor-element elementor-element-4c022d8 e-con-full banner e-flex e-con e-parent\" data-id=\"4c022d8\" data-element_type=\"container\" data-e-type=\"container\" data-settings=\"{&quot;background_background&quot;:&quot;classic&quot;}\">\n\t\t<div class=\"elementor-element elementor-element-b1f9602 e-flex e-con-boxed e-con e-child\" data-id=\"b1f9602\" data-element_type=\"container\" data-e-type=\"container\">\n\t\t\t\t\t<div class=\"e-con-inner\">\n\t\t<div class=\"elementor-element elementor-element-9ea4bcc e-con-full e-flex e-con e-child\" data-id=\"9ea4bcc\" data-element_type=\"container\" data-e-type=\"container\">\n\t\t\t\t<div class=\"elementor-element elementor-element-9f181f6 elementor-widget elementor-widget-heading\" data-id=\"9f181f6\" data-element_type=\"widget\" data-e-type=\"widget\" data-widget_type=\"heading.default\">\n\t\t\t\t\t<h1 class=\"elementor-heading-title elementor-size-default\">\u00c0 propos de nous<\/h1>\t\t\t\t<\/div>\n\t\t\t\t<\/div>\n\t\t\t\t\t<\/div>\n\t\t\t\t<\/div>\n\t\t\t\t<\/div>\n\t\t<div class=\"elementor-element elementor-element-74142d7 e-con-full e-flex e-con e-parent\" data-id=\"74142d7\" data-element_type=\"container\" data-e-type=\"container\" data-settings=\"{&quot;background_background&quot;:&quot;classic&quot;}\">\n\t\t<div class=\"elementor-element elementor-element-fba0193 e-flex e-con-boxed e-con e-child\" data-id=\"fba0193\" data-element_type=\"container\" data-e-type=\"container\">\n\t\t\t\t\t<div class=\"e-con-inner\">\n\t\t\t\t<div class=\"elementor-element elementor-element-9c00362 elementor-widget__width-initial elementor-widget elementor-widget-text-editor\" data-id=\"9c00362\" data-element_type=\"widget\" data-e-type=\"widget\" data-widget_type=\"text-editor.default\">\n\t\t\t\t\t\t\t\t\tChez ShareArchiver, nous pensons que les donn\u00e9es doivent \u00eatre un atout pr\u00e9cieux, et non un d\u00e9fi insurmontable. D\u00e8s le d\u00e9part, notre mission a \u00e9t\u00e9 simple : simplifier, optimiser et rentabiliser la gestion des donn\u00e9es d\u2019entreprise.\nNous sommes partis d\u2019un constat clair : la croissance des entreprises s\u2019accompagne d\u2019une croissance de leurs donn\u00e9es. Malheureusement, la plupart des syst\u00e8mes de stockage et d\u2019archivage traditionnels ne font qu\u2019accro\u00eetre la complexit\u00e9 au lieu de r\u00e9soudre le probl\u00e8me. C\u2019est pourquoi nous avons cr\u00e9\u00e9 ShareArchiver : pour offrir aux organisations une plateforme qui r\u00e9duit les co\u00fbts, optimise les performances et garantit la conformit\u00e9, tout en simplifiant l\u2019acc\u00e8s et la compr\u00e9hension des donn\u00e9es.\nAujourd\u2019hui, ShareArchiver propose une solution intelligente et conviviale qui rationalise le stockage, am\u00e9liore l\u2019accessibilit\u00e9 et fournit des informations exploitables. Avec nous, la gestion des donn\u00e9es est non seulement plus simple, mais aussi plus rapide, plus intelligente et plus s\u00e9curis\u00e9e.\nCe qui nous distingue, c\u2019est notre priorit\u00e9 : l\u2019innovation, l\u2019efficacit\u00e9 et la r\u00e9ussite client. Nous travaillons main dans la main avec des organisations du monde entier pour les aider \u00e0 rester agiles, conformes et pr\u00eates pour l\u2019avenir.\nAu c\u0153ur de ShareArchiver se trouve une \u00e9quipe d\u00e9di\u00e9e de technologues, de solutionneurs de probl\u00e8mes et de visionnaires, tous anim\u00e9s par un seul objectif : lib\u00e9rer le v\u00e9ritable potentiel des donn\u00e9es d&rsquo;entreprise.\nBienvenue chez ShareArchiver, o\u00f9 vos donn\u00e9es travaillent pour vous, et non contre vous.     \t\t\t\t\t\t\t\t<\/div>\n\t\t\t\t\t<\/div>\n\t\t\t\t<\/div>\n\t\t\t\t<\/div>\n\t\t\t\t<\/div>\n\t\t","protected":false},"excerpt":{"rendered":"<p>\u00c0 propos de nous Chez ShareArchiver, nous pensons que les donn\u00e9es doivent \u00eatre un atout pr\u00e9cieux, et non un d\u00e9fi insurmontable. D\u00e8s le d\u00e9part, notre mission a \u00e9t\u00e9 simple : simplifier, optimiser et rentabiliser la gestion des donn\u00e9es d\u2019entreprise. Nous sommes partis d\u2019un constat clair : la croissance des entreprises s\u2019accompagne d\u2019une croissance de leurs [&hellip;]<\/p>\n","protected":false},"author":12,"featured_media":0,"parent":0,"menu_order":0,"comment_status":"closed","ping_status":"closed","template":"elementor_header_footer","meta":{"_acf_changed":false,"_glsr_average":0,"_glsr_ranking":0,"_glsr_reviews":0,"footnotes":""},"class_list":["post-87972","page","type-page","status-publish","hentry"],"acf":[],"yoast_head":"<!-- This site is optimized with the Yoast SEO Premium plugin v26.9 (Yoast SEO v27.6) - https:\/\/yoast.com\/product\/yoast-seo-premium-wordpress\/ -->\n<title>\u00c0 propos de nous | ShareArchiver<\/title>\n<meta name=\"description\" content=\"D\u00e9couvrez la mission de ShareArchiver : simplifier la gestion des donn\u00e9es, l&#039;archivage et la conformit\u00e9 pour les entreprises. Apprenez-en plus sur nous.\" \/>\n<meta name=\"robots\" content=\"index, follow, max-snippet:-1, max-image-preview:large, max-video-preview:-1\" \/>\n<link rel=\"canonical\" href=\"https:\/\/sharearchiver.com\/fr\/about-us\/\" \/>\n<meta name=\"twitter:label1\" content=\"Dur\u00e9e de lecture estim\u00e9e\" \/>\n\t<meta name=\"twitter:data1\" content=\"1 minute\" \/>\n<script type=\"application\/ld+json\" class=\"yoast-schema-graph\">{\"@context\":\"https:\\\/\\\/schema.org\",\"@graph\":[{\"@type\":\"WebPage\",\"@id\":\"https:\\\/\\\/sharearchiver.com\\\/fr\\\/about-us\\\/\",\"url\":\"https:\\\/\\\/sharearchiver.com\\\/fr\\\/about-us\\\/\",\"name\":\"\u00c0 propos de nous | ShareArchiver\",\"isPartOf\":{\"@id\":\"https:\\\/\\\/sharearchiver.com\\\/fr\\\/#website\"},\"datePublished\":\"2025-09-29T14:11:04+00:00\",\"dateModified\":\"2025-10-17T07:51:53+00:00\",\"description\":\"D\u00e9couvrez la mission de ShareArchiver : simplifier la gestion des donn\u00e9es, l'archivage et la conformit\u00e9 pour les entreprises. Apprenez-en plus sur nous.\",\"breadcrumb\":{\"@id\":\"https:\\\/\\\/sharearchiver.com\\\/fr\\\/about-us\\\/#breadcrumb\"},\"inLanguage\":\"fr-FR\",\"potentialAction\":[{\"@type\":\"ReadAction\",\"target\":[\"https:\\\/\\\/sharearchiver.com\\\/fr\\\/about-us\\\/\"]}]},{\"@type\":\"BreadcrumbList\",\"@id\":\"https:\\\/\\\/sharearchiver.com\\\/fr\\\/about-us\\\/#breadcrumb\",\"itemListElement\":[{\"@type\":\"ListItem\",\"position\":1,\"name\":\"Home\",\"item\":\"https:\\\/\\\/sharearchiver.com\\\/fr\\\/\"},{\"@type\":\"ListItem\",\"position\":2,\"name\":\"\u00c0 propos de nous\"}]},{\"@type\":\"WebSite\",\"@id\":\"https:\\\/\\\/sharearchiver.com\\\/fr\\\/#website\",\"url\":\"https:\\\/\\\/sharearchiver.com\\\/fr\\\/\",\"name\":\"ShareArchiver\",\"description\":\"Enterprise Data Archiving Without Disrupting User Workflows.\",\"publisher\":{\"@id\":\"https:\\\/\\\/sharearchiver.com\\\/fr\\\/#organization\"},\"potentialAction\":[{\"@type\":\"SearchAction\",\"target\":{\"@type\":\"EntryPoint\",\"urlTemplate\":\"https:\\\/\\\/sharearchiver.com\\\/fr\\\/?s={search_term_string}\"},\"query-input\":{\"@type\":\"PropertyValueSpecification\",\"valueRequired\":true,\"valueName\":\"search_term_string\"}}],\"inLanguage\":\"fr-FR\"},{\"@type\":\"Organization\",\"@id\":\"https:\\\/\\\/sharearchiver.com\\\/fr\\\/#organization\",\"name\":\"ShareArchiver\",\"url\":\"https:\\\/\\\/sharearchiver.com\\\/fr\\\/\",\"logo\":{\"@type\":\"ImageObject\",\"inLanguage\":\"fr-FR\",\"@id\":\"https:\\\/\\\/sharearchiver.com\\\/fr\\\/#\\\/schema\\\/logo\\\/image\\\/\",\"url\":\"https:\\\/\\\/sharearchiver.com\\\/wp-content\\\/uploads\\\/2021\\\/10\\\/ShareArchiver.png\",\"contentUrl\":\"https:\\\/\\\/sharearchiver.com\\\/wp-content\\\/uploads\\\/2021\\\/10\\\/ShareArchiver.png\",\"width\":205,\"height\":45,\"caption\":\"ShareArchiver\"},\"image\":{\"@id\":\"https:\\\/\\\/sharearchiver.com\\\/fr\\\/#\\\/schema\\\/logo\\\/image\\\/\"},\"sameAs\":[\"https:\\\/\\\/www.facebook.com\\\/ShareArchiverOfficial\\\/\",\"https:\\\/\\\/www.linkedin.com\\\/company\\\/sharearchiver\\\/\",\"https:\\\/\\\/www.youtube.com\\\/@ShareArchiverINCMississauga\"],\"description\":\"ShareArchiver provides enterprise data archiving solutions that reduce storage costs and preserve long-term access to data without disrupting user workflows across on-premises and cloud environments.\",\"email\":\"info@sharearchiver.com\",\"telephone\":\"1 855 927 2448\"}]}<\/script>\n<!-- \/ Yoast SEO Premium plugin. -->","yoast_head_json":{"title":"\u00c0 propos de nous | ShareArchiver","description":"D\u00e9couvrez la mission de ShareArchiver : simplifier la gestion des donn\u00e9es, l'archivage et la conformit\u00e9 pour les entreprises. Apprenez-en plus sur nous.","robots":{"index":"index","follow":"follow","max-snippet":"max-snippet:-1","max-image-preview":"max-image-preview:large","max-video-preview":"max-video-preview:-1"},"canonical":"https:\/\/sharearchiver.com\/fr\/about-us\/","twitter_misc":{"Dur\u00e9e de lecture estim\u00e9e":"1 minute"},"schema":{"@context":"https:\/\/schema.org","@graph":[{"@type":"WebPage","@id":"https:\/\/sharearchiver.com\/fr\/about-us\/","url":"https:\/\/sharearchiver.com\/fr\/about-us\/","name":"\u00c0 propos de nous | ShareArchiver","isPartOf":{"@id":"https:\/\/sharearchiver.com\/fr\/#website"},"datePublished":"2025-09-29T14:11:04+00:00","dateModified":"2025-10-17T07:51:53+00:00","description":"D\u00e9couvrez la mission de ShareArchiver : simplifier la gestion des donn\u00e9es, l'archivage et la conformit\u00e9 pour les entreprises. Apprenez-en plus sur nous.","breadcrumb":{"@id":"https:\/\/sharearchiver.com\/fr\/about-us\/#breadcrumb"},"inLanguage":"fr-FR","potentialAction":[{"@type":"ReadAction","target":["https:\/\/sharearchiver.com\/fr\/about-us\/"]}]},{"@type":"BreadcrumbList","@id":"https:\/\/sharearchiver.com\/fr\/about-us\/#breadcrumb","itemListElement":[{"@type":"ListItem","position":1,"name":"Home","item":"https:\/\/sharearchiver.com\/fr\/"},{"@type":"ListItem","position":2,"name":"\u00c0 propos de nous"}]},{"@type":"WebSite","@id":"https:\/\/sharearchiver.com\/fr\/#website","url":"https:\/\/sharearchiver.com\/fr\/","name":"ShareArchiver","description":"Enterprise Data Archiving Without Disrupting User Workflows.","publisher":{"@id":"https:\/\/sharearchiver.com\/fr\/#organization"},"potentialAction":[{"@type":"SearchAction","target":{"@type":"EntryPoint","urlTemplate":"https:\/\/sharearchiver.com\/fr\/?s={search_term_string}"},"query-input":{"@type":"PropertyValueSpecification","valueRequired":true,"valueName":"search_term_string"}}],"inLanguage":"fr-FR"},{"@type":"Organization","@id":"https:\/\/sharearchiver.com\/fr\/#organization","name":"ShareArchiver","url":"https:\/\/sharearchiver.com\/fr\/","logo":{"@type":"ImageObject","inLanguage":"fr-FR","@id":"https:\/\/sharearchiver.com\/fr\/#\/schema\/logo\/image\/","url":"https:\/\/sharearchiver.com\/wp-content\/uploads\/2021\/10\/ShareArchiver.png","contentUrl":"https:\/\/sharearchiver.com\/wp-content\/uploads\/2021\/10\/ShareArchiver.png","width":205,"height":45,"caption":"ShareArchiver"},"image":{"@id":"https:\/\/sharearchiver.com\/fr\/#\/schema\/logo\/image\/"},"sameAs":["https:\/\/www.facebook.com\/ShareArchiverOfficial\/","https:\/\/www.linkedin.com\/company\/sharearchiver\/","https:\/\/www.youtube.com\/@ShareArchiverINCMississauga"],"description":"ShareArchiver provides enterprise data archiving solutions that reduce storage costs and preserve long-term access to data without disrupting user workflows across on-premises and cloud environments.","email":"info@sharearchiver.com","telephone":"1 855 927 2448"}]}},"_links":{"self":[{"href":"https:\/\/sharearchiver.com\/fr\/wp-json\/wp\/v2\/pages\/87972","targetHints":{"allow":["GET"]}}],"collection":[{"href":"https:\/\/sharearchiver.com\/fr\/wp-json\/wp\/v2\/pages"}],"about":[{"href":"https:\/\/sharearchiver.com\/fr\/wp-json\/wp\/v2\/types\/page"}],"author":[{"embeddable":true,"href":"https:\/\/sharearchiver.com\/fr\/wp-json\/wp\/v2\/users\/12"}],"replies":[{"embeddable":true,"href":"https:\/\/sharearchiver.com\/fr\/wp-json\/wp\/v2\/comments?post=87972"}],"version-history":[{"count":1,"href":"https:\/\/sharearchiver.com\/fr\/wp-json\/wp\/v2\/pages\/87972\/revisions"}],"predecessor-version":[{"id":88109,"href":"https:\/\/sharearchiver.com\/fr\/wp-json\/wp\/v2\/pages\/87972\/revisions\/88109"}],"wp:attachment":[{"href":"https:\/\/sharearchiver.com\/fr\/wp-json\/wp\/v2\/media?parent=87972"}],"curies":[{"name":"wp","href":"https:\/\/api.w.org\/{rel}","templated":true}]}}