{"id":88006,"date":"2025-09-29T14:15:26","date_gmt":"2025-09-29T14:15:26","guid":{"rendered":"https:\/\/sharearchiver.com\/terms-and-conditions\/"},"modified":"2025-10-17T07:39:30","modified_gmt":"2025-10-17T07:39:30","slug":"terms-and-conditions","status":"publish","type":"page","link":"https:\/\/sharearchiver.com\/es\/terms-and-conditions\/","title":{"rendered":"Terms and Conditions"},"content":{"rendered":"\t\t<div data-elementor-type=\"wp-page\" data-elementor-id=\"88006\" class=\"elementor elementor-88006 elementor-87935\" data-elementor-post-type=\"page\">\n\t\t\t\t<div class=\"elementor-element elementor-element-a263e31 e-con-full banner e-flex e-con e-parent\" data-id=\"a263e31\" data-element_type=\"container\" data-e-type=\"container\" data-settings=\"{&quot;background_background&quot;:&quot;classic&quot;}\">\n\t\t<div class=\"elementor-element elementor-element-c6b1c91 e-flex e-con-boxed e-con e-child\" data-id=\"c6b1c91\" data-element_type=\"container\" data-e-type=\"container\">\n\t\t\t\t\t<div class=\"e-con-inner\">\n\t\t<div class=\"elementor-element elementor-element-aa81259 e-con-full e-flex e-con e-child\" data-id=\"aa81259\" data-element_type=\"container\" data-e-type=\"container\">\n\t\t\t\t<div class=\"elementor-element elementor-element-e13d871 elementor-widget elementor-widget-heading\" data-id=\"e13d871\" data-element_type=\"widget\" data-e-type=\"widget\" data-widget_type=\"heading.default\">\n\t\t\t\t\t<h1 class=\"elementor-heading-title elementor-size-default\">T\u00e9rminos y condiciones <\/h1>\t\t\t\t<\/div>\n\t\t\t\t<\/div>\n\t\t<div class=\"elementor-element elementor-element-a987cfc e-con-full e-flex e-con e-child\" data-id=\"a987cfc\" data-element_type=\"container\" data-e-type=\"container\">\n\t\t\t\t<\/div>\n\t\t\t\t\t<\/div>\n\t\t\t\t<\/div>\n\t\t\t\t<\/div>\n\t\t<div class=\"elementor-element elementor-element-1ed8cf0 e-con-full e-flex e-con e-parent\" data-id=\"1ed8cf0\" data-element_type=\"container\" data-e-type=\"container\">\n\t\t<div class=\"elementor-element elementor-element-2877ac7 e-flex e-con-boxed e-con e-child\" data-id=\"2877ac7\" data-element_type=\"container\" data-e-type=\"container\">\n\t\t\t\t\t<div class=\"e-con-inner\">\n\t\t\t\t<div class=\"elementor-element elementor-element-22f7f82 elementor-widget elementor-widget-heading\" data-id=\"22f7f82\" data-element_type=\"widget\" data-e-type=\"widget\" data-widget_type=\"heading.default\">\n\t\t\t\t\t<h2 class=\"elementor-heading-title elementor-size-default\">1. Aceptaci\u00f3n de los T\u00e9rminos<\/h2>\t\t\t\t<\/div>\n\t\t\t\t<div class=\"elementor-element elementor-element-5544bcb elementor-widget__width-initial elementor-widget elementor-widget-text-editor\" data-id=\"5544bcb\" data-element_type=\"widget\" data-e-type=\"widget\" data-widget_type=\"text-editor.default\">\n\t\t\t\t\t\t\t\t\t<p>Al acceder o utilizar ShareArchiver.com o nuestras soluciones de software, usted acepta estos T\u00e9rminos y Condiciones. Si no los acepta, no podr\u00e1 utilizar nuestros servicios. <\/p>\t\t\t\t\t\t\t\t<\/div>\n\t\t\t\t<div class=\"elementor-element elementor-element-bf93139 elementor-widget elementor-widget-heading\" data-id=\"bf93139\" data-element_type=\"widget\" data-e-type=\"widget\" data-widget_type=\"heading.default\">\n\t\t\t\t\t<h2 class=\"elementor-heading-title elementor-size-default\">2. Servicios prestados<\/h2>\t\t\t\t<\/div>\n\t\t\t\t<div class=\"elementor-element elementor-element-a2390f9 elementor-widget__width-initial elementor-widget elementor-widget-text-editor\" data-id=\"a2390f9\" data-element_type=\"widget\" data-e-type=\"widget\" data-widget_type=\"text-editor.default\">\n\t\t\t\t\t\t\t\t\t<p>ShareArchiver ofrece soluciones de gesti\u00f3n de datos, que incluyen, entre otras, software de archivado, cumplimiento y optimizaci\u00f3n del almacenamiento.<\/p>\t\t\t\t\t\t\t\t<\/div>\n\t\t\t\t<div class=\"elementor-element elementor-element-194effb elementor-widget elementor-widget-heading\" data-id=\"194effb\" data-element_type=\"widget\" data-e-type=\"widget\" data-widget_type=\"heading.default\">\n\t\t\t\t\t<h2 class=\"elementor-heading-title elementor-size-default\">3. Elegibilidad<\/h2>\t\t\t\t<\/div>\n\t\t\t\t<div class=\"elementor-element elementor-element-cc0d34e elementor-widget__width-initial elementor-widget elementor-widget-text-editor\" data-id=\"cc0d34e\" data-element_type=\"widget\" data-e-type=\"widget\" data-widget_type=\"text-editor.default\">\n\t\t\t\t\t\t\t\t\t<p><em>Debe tener al menos 18 a\u00f1os de edad (o la mayor\u00eda de edad en su jurisdicci\u00f3n) para utilizar nuestros servicios.<\/em><\/p>\t\t\t\t\t\t\t\t<\/div>\n\t\t\t\t<div class=\"elementor-element elementor-element-f841ec5 elementor-widget elementor-widget-heading\" data-id=\"f841ec5\" data-element_type=\"widget\" data-e-type=\"widget\" data-widget_type=\"heading.default\">\n\t\t\t\t\t<h2 class=\"elementor-heading-title elementor-size-default\">4. Responsabilidades de la cuenta<\/h2>\t\t\t\t<\/div>\n\t\t\t\t<div class=\"elementor-element elementor-element-440b00e elementor-widget__width-initial elementor-widget elementor-widget-text-editor\" data-id=\"440b00e\" data-element_type=\"widget\" data-e-type=\"widget\" data-widget_type=\"text-editor.default\">\n\t\t\t\t\t\t\t\t\t<ul><li>Usted es responsable de proteger las credenciales de su cuenta.<\/li><li>Usted acepta proporcionar informaci\u00f3n precisa y actual.<\/li><li>Usted acepta la responsabilidad de toda la actividad realizada en su cuenta.<\/li><\/ul>\t\t\t\t\t\t\t\t<\/div>\n\t\t\t\t<div class=\"elementor-element elementor-element-c7e3bef elementor-widget elementor-widget-heading\" data-id=\"c7e3bef\" data-element_type=\"widget\" data-e-type=\"widget\" data-widget_type=\"heading.default\">\n\t\t\t\t\t<h2 class=\"elementor-heading-title elementor-size-default\">5. Licencia y restricciones<\/h2>\t\t\t\t<\/div>\n\t\t\t\t<div class=\"elementor-element elementor-element-d42532a elementor-widget__width-initial elementor-widget elementor-widget-text-editor\" data-id=\"d42532a\" data-element_type=\"widget\" data-e-type=\"widget\" data-widget_type=\"text-editor.default\">\n\t\t\t\t\t\t\t\t\t<ul><li>ShareArchiver le otorga una licencia limitada, no exclusiva e intransferible para utilizar nuestro software.<\/li><li>No puede realizar ingenier\u00eda inversa, revender, modificar ni distribuir nuestros productos.<\/li><li>El uso no autorizado puede resultar en la suspensi\u00f3n o cancelaci\u00f3n de la cuenta.<\/li><\/ul>\t\t\t\t\t\t\t\t<\/div>\n\t\t\t\t<div class=\"elementor-element elementor-element-ac1ec17 elementor-widget elementor-widget-heading\" data-id=\"ac1ec17\" data-element_type=\"widget\" data-e-type=\"widget\" data-widget_type=\"heading.default\">\n\t\t\t\t\t<h2 class=\"elementor-heading-title elementor-size-default\">6. Pol\u00edtica de pagos y reembolsos<\/h2>\t\t\t\t<\/div>\n\t\t\t\t<div class=\"elementor-element elementor-element-83b6a7f elementor-widget__width-initial elementor-widget elementor-widget-text-editor\" data-id=\"83b6a7f\" data-element_type=\"widget\" data-e-type=\"widget\" data-widget_type=\"text-editor.default\">\n\t\t\t\t\t\t\t\t\t<ul><li>Todas las facturas deber\u00e1n pagarse dentro de los <strong>30<\/strong> d\u00edas netos a partir de la fecha de la factura.<\/li><li>Las solicitudes de reembolso se atienden dentro de los<strong> 30<\/strong> d\u00edas posteriores a la compra.<\/li><li>Despu\u00e9s de 30 d\u00edas, los pagos no son reembolsables a menos que lo requiera la ley.<\/li><li>La falta de pago puede resultar en la suspensi\u00f3n de los servicios.<\/li><\/ul>\t\t\t\t\t\t\t\t<\/div>\n\t\t\t\t<div class=\"elementor-element elementor-element-117e167 elementor-widget elementor-widget-heading\" data-id=\"117e167\" data-element_type=\"widget\" data-e-type=\"widget\" data-widget_type=\"heading.default\">\n\t\t\t\t\t<h2 class=\"elementor-heading-title elementor-size-default\">7. Propiedad intelectual<\/h2>\t\t\t\t<\/div>\n\t\t\t\t<div class=\"elementor-element elementor-element-5ae40f9 elementor-widget__width-initial elementor-widget elementor-widget-text-editor\" data-id=\"5ae40f9\" data-element_type=\"widget\" data-e-type=\"widget\" data-widget_type=\"text-editor.default\">\n\t\t\t\t\t\t\t\t\t<p>Todo el contenido, software y materiales proporcionados por ShareArchiver siguen siendo propiedad intelectual de ShareArchiver y est\u00e1n protegidos por las leyes de derechos de autor y marcas registradas aplicables.<\/p>\t\t\t\t\t\t\t\t<\/div>\n\t\t\t\t<div class=\"elementor-element elementor-element-4126527 elementor-widget elementor-widget-heading\" data-id=\"4126527\" data-element_type=\"widget\" data-e-type=\"widget\" data-widget_type=\"heading.default\">\n\t\t\t\t\t<h2 class=\"elementor-heading-title elementor-size-default\">8. Propiedad y responsabilidad de los datos<\/h2>\t\t\t\t<\/div>\n\t\t\t\t<div class=\"elementor-element elementor-element-cc5a3d9 elementor-widget__width-initial elementor-widget elementor-widget-text-editor\" data-id=\"cc5a3d9\" data-element_type=\"widget\" data-e-type=\"widget\" data-widget_type=\"text-editor.default\">\n\t\t\t\t\t\t\t\t\t<ul><li>Usted conserva la propiedad de todos los datos cargados en nuestro software.<\/li><li>ShareArchiver no almacena ni administra datos personales o financieros confidenciales en nombre de los clientes.<\/li><li>Usted es responsable de garantizar el cumplimiento de las regulaciones locales, regionales e internacionales de protecci\u00f3n de datos al utilizar nuestros servicios.<\/li><\/ul>\t\t\t\t\t\t\t\t<\/div>\n\t\t\t\t<div class=\"elementor-element elementor-element-2ed4b14 elementor-widget elementor-widget-heading\" data-id=\"2ed4b14\" data-element_type=\"widget\" data-e-type=\"widget\" data-widget_type=\"heading.default\">\n\t\t\t\t\t<h2 class=\"elementor-heading-title elementor-size-default\">9. Limitaci\u00f3n de responsabilidad<\/h2>\t\t\t\t<\/div>\n\t\t\t\t<div class=\"elementor-element elementor-element-691da11 elementor-widget__width-initial elementor-widget elementor-widget-text-editor\" data-id=\"691da11\" data-element_type=\"widget\" data-e-type=\"widget\" data-widget_type=\"text-editor.default\">\n\t\t\t\t\t\t\t\t\t<ul><li>ShareArchiver no es responsable de da\u00f1os indirectos, incidentales o consecuentes que surjan del uso o la imposibilidad de usar nuestros servicios.<\/li><li>Nuestra responsabilidad se limita al monto que usted pag\u00f3 a ShareArchiver en los <strong>12 meses<\/strong> anteriores al reclamo.<\/li><\/ul>\t\t\t\t\t\t\t\t<\/div>\n\t\t\t\t<div class=\"elementor-element elementor-element-01d9688 elementor-widget elementor-widget-heading\" data-id=\"01d9688\" data-element_type=\"widget\" data-e-type=\"widget\" data-widget_type=\"heading.default\">\n\t\t\t\t\t<h2 class=\"elementor-heading-title elementor-size-default\">10. Acuerdo de Nivel de Servicio y Atenci\u00f3n al Cliente (ANS)<\/h2>\t\t\t\t<\/div>\n\t\t\t\t<div class=\"elementor-element elementor-element-e8de690 elementor-widget__width-initial elementor-widget elementor-widget-text-editor\" data-id=\"e8de690\" data-element_type=\"widget\" data-e-type=\"widget\" data-widget_type=\"text-editor.default\">\n\t\t\t\t\t\t\t\t\t<ul><li><strong>Canales de soporte:<\/strong> Los clientes pueden contactarnos por correo electr\u00f3nico a <strong>support@sharearchiver.com<\/strong> para obtener asistencia t\u00e9cnica o relacionada con la cuenta.<\/li><li><strong>Tiempos de respuesta: <\/strong>Nuestro objetivo es reconocer las solicitudes de soporte dentro de <strong>un d\u00eda h\u00e1bil<\/strong> y brindar resoluci\u00f3n o actualizaciones dentro de un plazo razonable, dependiendo de la complejidad del problema.<\/li><li><strong>Disponibilidad:<\/strong> ShareArchiver se esfuerza por mantener un tiempo de actividad del <strong>99 %<\/strong> para sus servicios, excluyendo mantenimiento planificado, eventos de fuerza mayor o factores fuera de nuestro control razonable.<\/li><li><strong>Exclusiones:<\/strong> El SLA no se aplica al tiempo de inactividad causado por mal uso por parte del cliente, modificaciones no autorizadas, software de terceros o problemas de conectividad a Internet fuera del control de ShareArchiver.<\/li><\/ul>\t\t\t\t\t\t\t\t<\/div>\n\t\t\t\t<div class=\"elementor-element elementor-element-bd02baa elementor-widget elementor-widget-heading\" data-id=\"bd02baa\" data-element_type=\"widget\" data-e-type=\"widget\" data-widget_type=\"heading.default\">\n\t\t\t\t\t<h2 class=\"elementor-heading-title elementor-size-default\">11. Exenci\u00f3n de garant\u00edas<\/h2>\t\t\t\t<\/div>\n\t\t\t\t<div class=\"elementor-element elementor-element-d9dcef1 elementor-widget__width-initial elementor-widget elementor-widget-text-editor\" data-id=\"d9dcef1\" data-element_type=\"widget\" data-e-type=\"widget\" data-widget_type=\"text-editor.default\">\n\t\t\t\t\t\t\t\t\t<ul><li>Nuestros servicios se proporcionan <strong>\u201ctal cual\u201d y \u201cseg\u00fan disponibilidad\u201d<\/strong> sin garant\u00edas de ning\u00fan tipo, ya sean expresas o impl\u00edcitas.<\/li><li>No garantizamos que nuestros servicios cumplir\u00e1n con sus requisitos espec\u00edficos ni funcionar\u00e1n de manera ininterrumpida, sin errores o de forma segura.<\/li><\/ul>\t\t\t\t\t\t\t\t<\/div>\n\t\t\t\t<div class=\"elementor-element elementor-element-0f0d7ef elementor-widget elementor-widget-heading\" data-id=\"0f0d7ef\" data-element_type=\"widget\" data-e-type=\"widget\" data-widget_type=\"heading.default\">\n\t\t\t\t\t<h2 class=\"elementor-heading-title elementor-size-default\">12. Terminaci\u00f3n<\/h2>\t\t\t\t<\/div>\n\t\t\t\t<div class=\"elementor-element elementor-element-5b721b5 elementor-widget__width-initial elementor-widget elementor-widget-text-editor\" data-id=\"5b721b5\" data-element_type=\"widget\" data-e-type=\"widget\" data-widget_type=\"text-editor.default\">\n\t\t\t\t\t\t\t\t\t<ul><li><p>Nos reservamos el derecho de suspender o cancelar su cuenta por infringir estos T\u00e9rminos. Puede cancelar su cuenta en cualquier momento poni\u00e9ndose en contacto con nosotros. <\/p><\/li><\/ul>\t\t\t\t\t\t\t\t<\/div>\n\t\t\t\t<div class=\"elementor-element elementor-element-7dfea6b elementor-widget elementor-widget-heading\" data-id=\"7dfea6b\" data-element_type=\"widget\" data-e-type=\"widget\" data-widget_type=\"heading.default\">\n\t\t\t\t\t<h2 class=\"elementor-heading-title elementor-size-default\">13. Ley aplicable<\/h2>\t\t\t\t<\/div>\n\t\t\t\t<div class=\"elementor-element elementor-element-b0333a0 elementor-widget__width-initial elementor-widget elementor-widget-text-editor\" data-id=\"b0333a0\" data-element_type=\"widget\" data-e-type=\"widget\" data-widget_type=\"text-editor.default\">\n\t\t\t\t\t\t\t\t\t<ul><li><p>Estos T\u00e9rminos se regir\u00e1n e interpretar\u00e1n de conformidad con las leyes de <strong>Ontario<\/strong>, Canad\u00e1, sin tener en cuenta los conflictos de leyes.<\/p><\/li><\/ul>\t\t\t\t\t\t\t\t<\/div>\n\t\t\t\t<div class=\"elementor-element elementor-element-39acc84 elementor-widget elementor-widget-heading\" data-id=\"39acc84\" data-element_type=\"widget\" data-e-type=\"widget\" data-widget_type=\"heading.default\">\n\t\t\t\t\t<h2 class=\"elementor-heading-title elementor-size-default\">14. Cambios en los T\u00e9rminos<\/h2>\t\t\t\t<\/div>\n\t\t\t\t<div class=\"elementor-element elementor-element-6c5fd18 elementor-widget__width-initial elementor-widget elementor-widget-text-editor\" data-id=\"6c5fd18\" data-element_type=\"widget\" data-e-type=\"widget\" data-widget_type=\"text-editor.default\">\n\t\t\t\t\t\t\t\t\t<ul><li><p>Podemos actualizar estos T\u00e9rminos y Condiciones en cualquier momento. El uso continuado de nuestros servicios despu\u00e9s de las actualizaciones implica la aceptaci\u00f3n de los t\u00e9rminos revisados. <\/p><\/li><\/ul>\t\t\t\t\t\t\t\t<\/div>\n\t\t\t\t<div class=\"elementor-element elementor-element-7f31f21 elementor-widget elementor-widget-heading\" data-id=\"7f31f21\" data-element_type=\"widget\" data-e-type=\"widget\" data-widget_type=\"heading.default\">\n\t\t\t\t\t<h2 class=\"elementor-heading-title elementor-size-default\">15. Informaci\u00f3n de contacto<\/h2>\t\t\t\t<\/div>\n\t\t\t\t<div class=\"elementor-element elementor-element-74f7dd7 elementor-widget__width-initial elementor-widget elementor-widget-text-editor\" data-id=\"74f7dd7\" data-element_type=\"widget\" data-e-type=\"widget\" data-widget_type=\"text-editor.default\">\n\t\t\t\t\t\t\t\t\t<ul><li><p>Para consultas sobre estos T\u00e9rminos, cont\u00e1ctenos en:<\/p><p><strong>Correo electr\u00f3nico:<\/strong> support@sharearchiver.com<\/p><\/li><li><p><strong>DIRECCI\u00d3N:<\/strong><\/p><p>ShareArchiver INC<\/p><p>700-2425 Matheson Blvd E<\/p><p>Mississauga, Ontario, Canad\u00e1<\/p><p>L4W 5K4<\/p><\/li><\/ul>\t\t\t\t\t\t\t\t<\/div>\n\t\t\t\t\t<\/div>\n\t\t\t\t<\/div>\n\t\t\t\t<\/div>\n\t\t\t\t<\/div>\n\t\t","protected":false},"excerpt":{"rendered":"<p>T\u00e9rminos y condiciones 1. Aceptaci\u00f3n de los T\u00e9rminos Al acceder o utilizar ShareArchiver.com o nuestras soluciones de software, usted acepta estos T\u00e9rminos y Condiciones. Si no los acepta, no podr\u00e1 utilizar nuestros servicios. 2. Servicios prestados ShareArchiver ofrece soluciones de gesti\u00f3n de datos, que incluyen, entre otras, software de archivado, cumplimiento y optimizaci\u00f3n del almacenamiento. [&hellip;]<\/p>\n","protected":false},"author":12,"featured_media":0,"parent":0,"menu_order":0,"comment_status":"closed","ping_status":"closed","template":"","meta":{"_acf_changed":false,"_glsr_average":0,"_glsr_ranking":0,"_glsr_reviews":0,"footnotes":""},"class_list":["post-88006","page","type-page","status-publish","hentry"],"acf":[],"yoast_head":"<!-- This site is optimized with the Yoast SEO Premium plugin v26.9 (Yoast SEO v27.6) - https:\/\/yoast.com\/product\/yoast-seo-premium-wordpress\/ -->\n<title>ShareArchiver: T\u00e9rminos y Condiciones del Servicio<\/title>\n<meta name=\"description\" content=\"Revise los T\u00e9rminos y Condiciones oficiales para utilizar los servicios de ShareArchiver. Comprenda sus derechos, obligaciones y las reglas del software.\" \/>\n<meta name=\"robots\" content=\"index, follow, max-snippet:-1, max-image-preview:large, max-video-preview:-1\" \/>\n<link rel=\"canonical\" href=\"https:\/\/sharearchiver.com\/es\/terms-and-conditions\/\" \/>\n<meta name=\"twitter:label1\" content=\"Tiempo de lectura\" \/>\n\t<meta name=\"twitter:data1\" content=\"3 minutos\" \/>\n<script type=\"application\/ld+json\" class=\"yoast-schema-graph\">{\"@context\":\"https:\\\/\\\/schema.org\",\"@graph\":[{\"@type\":\"WebPage\",\"@id\":\"https:\\\/\\\/sharearchiver.com\\\/es\\\/terms-and-conditions\\\/\",\"url\":\"https:\\\/\\\/sharearchiver.com\\\/es\\\/terms-and-conditions\\\/\",\"name\":\"ShareArchiver: T\u00e9rminos y Condiciones del Servicio\",\"isPartOf\":{\"@id\":\"https:\\\/\\\/sharearchiver.com\\\/es\\\/#website\"},\"datePublished\":\"2025-09-29T14:15:26+00:00\",\"dateModified\":\"2025-10-17T07:39:30+00:00\",\"description\":\"Revise los T\u00e9rminos y Condiciones oficiales para utilizar los servicios de ShareArchiver. Comprenda sus derechos, obligaciones y las reglas del software.\",\"breadcrumb\":{\"@id\":\"https:\\\/\\\/sharearchiver.com\\\/es\\\/terms-and-conditions\\\/#breadcrumb\"},\"inLanguage\":\"es\",\"potentialAction\":[{\"@type\":\"ReadAction\",\"target\":[\"https:\\\/\\\/sharearchiver.com\\\/es\\\/terms-and-conditions\\\/\"]}]},{\"@type\":\"BreadcrumbList\",\"@id\":\"https:\\\/\\\/sharearchiver.com\\\/es\\\/terms-and-conditions\\\/#breadcrumb\",\"itemListElement\":[{\"@type\":\"ListItem\",\"position\":1,\"name\":\"Home\",\"item\":\"https:\\\/\\\/sharearchiver.com\\\/es\\\/\"},{\"@type\":\"ListItem\",\"position\":2,\"name\":\"Terms and Conditions\"}]},{\"@type\":\"WebSite\",\"@id\":\"https:\\\/\\\/sharearchiver.com\\\/es\\\/#website\",\"url\":\"https:\\\/\\\/sharearchiver.com\\\/es\\\/\",\"name\":\"ShareArchiver\",\"description\":\"Enterprise Data Archiving Without Disrupting User Workflows.\",\"publisher\":{\"@id\":\"https:\\\/\\\/sharearchiver.com\\\/es\\\/#organization\"},\"potentialAction\":[{\"@type\":\"SearchAction\",\"target\":{\"@type\":\"EntryPoint\",\"urlTemplate\":\"https:\\\/\\\/sharearchiver.com\\\/es\\\/?s={search_term_string}\"},\"query-input\":{\"@type\":\"PropertyValueSpecification\",\"valueRequired\":true,\"valueName\":\"search_term_string\"}}],\"inLanguage\":\"es\"},{\"@type\":\"Organization\",\"@id\":\"https:\\\/\\\/sharearchiver.com\\\/es\\\/#organization\",\"name\":\"ShareArchiver\",\"url\":\"https:\\\/\\\/sharearchiver.com\\\/es\\\/\",\"logo\":{\"@type\":\"ImageObject\",\"inLanguage\":\"es\",\"@id\":\"https:\\\/\\\/sharearchiver.com\\\/es\\\/#\\\/schema\\\/logo\\\/image\\\/\",\"url\":\"https:\\\/\\\/sharearchiver.com\\\/wp-content\\\/uploads\\\/2021\\\/10\\\/ShareArchiver.png\",\"contentUrl\":\"https:\\\/\\\/sharearchiver.com\\\/wp-content\\\/uploads\\\/2021\\\/10\\\/ShareArchiver.png\",\"width\":205,\"height\":45,\"caption\":\"ShareArchiver\"},\"image\":{\"@id\":\"https:\\\/\\\/sharearchiver.com\\\/es\\\/#\\\/schema\\\/logo\\\/image\\\/\"},\"sameAs\":[\"https:\\\/\\\/www.facebook.com\\\/ShareArchiverOfficial\\\/\",\"https:\\\/\\\/www.linkedin.com\\\/company\\\/sharearchiver\\\/\",\"https:\\\/\\\/www.youtube.com\\\/@ShareArchiverINCMississauga\"],\"description\":\"ShareArchiver provides enterprise data archiving solutions that reduce storage costs and preserve long-term access to data without disrupting user workflows across on-premises and cloud environments.\",\"email\":\"info@sharearchiver.com\",\"telephone\":\"1 855 927 2448\"}]}<\/script>\n<!-- \/ Yoast SEO Premium plugin. -->","yoast_head_json":{"title":"ShareArchiver: T\u00e9rminos y Condiciones del Servicio","description":"Revise los T\u00e9rminos y Condiciones oficiales para utilizar los servicios de ShareArchiver. Comprenda sus derechos, obligaciones y las reglas del software.","robots":{"index":"index","follow":"follow","max-snippet":"max-snippet:-1","max-image-preview":"max-image-preview:large","max-video-preview":"max-video-preview:-1"},"canonical":"https:\/\/sharearchiver.com\/es\/terms-and-conditions\/","twitter_misc":{"Tiempo de lectura":"3 minutos"},"schema":{"@context":"https:\/\/schema.org","@graph":[{"@type":"WebPage","@id":"https:\/\/sharearchiver.com\/es\/terms-and-conditions\/","url":"https:\/\/sharearchiver.com\/es\/terms-and-conditions\/","name":"ShareArchiver: T\u00e9rminos y Condiciones del Servicio","isPartOf":{"@id":"https:\/\/sharearchiver.com\/es\/#website"},"datePublished":"2025-09-29T14:15:26+00:00","dateModified":"2025-10-17T07:39:30+00:00","description":"Revise los T\u00e9rminos y Condiciones oficiales para utilizar los servicios de ShareArchiver. Comprenda sus derechos, obligaciones y las reglas del software.","breadcrumb":{"@id":"https:\/\/sharearchiver.com\/es\/terms-and-conditions\/#breadcrumb"},"inLanguage":"es","potentialAction":[{"@type":"ReadAction","target":["https:\/\/sharearchiver.com\/es\/terms-and-conditions\/"]}]},{"@type":"BreadcrumbList","@id":"https:\/\/sharearchiver.com\/es\/terms-and-conditions\/#breadcrumb","itemListElement":[{"@type":"ListItem","position":1,"name":"Home","item":"https:\/\/sharearchiver.com\/es\/"},{"@type":"ListItem","position":2,"name":"Terms and Conditions"}]},{"@type":"WebSite","@id":"https:\/\/sharearchiver.com\/es\/#website","url":"https:\/\/sharearchiver.com\/es\/","name":"ShareArchiver","description":"Enterprise Data Archiving Without Disrupting User Workflows.","publisher":{"@id":"https:\/\/sharearchiver.com\/es\/#organization"},"potentialAction":[{"@type":"SearchAction","target":{"@type":"EntryPoint","urlTemplate":"https:\/\/sharearchiver.com\/es\/?s={search_term_string}"},"query-input":{"@type":"PropertyValueSpecification","valueRequired":true,"valueName":"search_term_string"}}],"inLanguage":"es"},{"@type":"Organization","@id":"https:\/\/sharearchiver.com\/es\/#organization","name":"ShareArchiver","url":"https:\/\/sharearchiver.com\/es\/","logo":{"@type":"ImageObject","inLanguage":"es","@id":"https:\/\/sharearchiver.com\/es\/#\/schema\/logo\/image\/","url":"https:\/\/sharearchiver.com\/wp-content\/uploads\/2021\/10\/ShareArchiver.png","contentUrl":"https:\/\/sharearchiver.com\/wp-content\/uploads\/2021\/10\/ShareArchiver.png","width":205,"height":45,"caption":"ShareArchiver"},"image":{"@id":"https:\/\/sharearchiver.com\/es\/#\/schema\/logo\/image\/"},"sameAs":["https:\/\/www.facebook.com\/ShareArchiverOfficial\/","https:\/\/www.linkedin.com\/company\/sharearchiver\/","https:\/\/www.youtube.com\/@ShareArchiverINCMississauga"],"description":"ShareArchiver provides enterprise data archiving solutions that reduce storage costs and preserve long-term access to data without disrupting user workflows across on-premises and cloud environments.","email":"info@sharearchiver.com","telephone":"1 855 927 2448"}]}},"_links":{"self":[{"href":"https:\/\/sharearchiver.com\/es\/wp-json\/wp\/v2\/pages\/88006","targetHints":{"allow":["GET"]}}],"collection":[{"href":"https:\/\/sharearchiver.com\/es\/wp-json\/wp\/v2\/pages"}],"about":[{"href":"https:\/\/sharearchiver.com\/es\/wp-json\/wp\/v2\/types\/page"}],"author":[{"embeddable":true,"href":"https:\/\/sharearchiver.com\/es\/wp-json\/wp\/v2\/users\/12"}],"replies":[{"embeddable":true,"href":"https:\/\/sharearchiver.com\/es\/wp-json\/wp\/v2\/comments?post=88006"}],"version-history":[{"count":1,"href":"https:\/\/sharearchiver.com\/es\/wp-json\/wp\/v2\/pages\/88006\/revisions"}],"predecessor-version":[{"id":88100,"href":"https:\/\/sharearchiver.com\/es\/wp-json\/wp\/v2\/pages\/88006\/revisions\/88100"}],"wp:attachment":[{"href":"https:\/\/sharearchiver.com\/es\/wp-json\/wp\/v2\/media?parent=88006"}],"curies":[{"name":"wp","href":"https:\/\/api.w.org\/{rel}","templated":true}]}}