{"id":87996,"date":"2025-09-29T13:56:03","date_gmt":"2025-09-29T13:56:03","guid":{"rendered":"https:\/\/sharearchiver.com\/privacy-policy\/"},"modified":"2025-10-17T07:27:02","modified_gmt":"2025-10-17T07:27:02","slug":"privacy-policy","status":"publish","type":"page","link":"https:\/\/sharearchiver.com\/es\/privacy-policy\/","title":{"rendered":"Privacy Policy"},"content":{"rendered":"\t\t<div data-elementor-type=\"wp-page\" data-elementor-id=\"87996\" class=\"elementor elementor-87996 elementor-87916\" data-elementor-post-type=\"page\">\n\t\t\t\t<div class=\"elementor-element elementor-element-a5e45e8 e-con-full banner e-flex e-con e-parent\" data-id=\"a5e45e8\" data-element_type=\"container\" data-e-type=\"container\" data-settings=\"{&quot;background_background&quot;:&quot;classic&quot;}\">\n\t\t<div class=\"elementor-element elementor-element-f3c03a7 e-flex e-con-boxed e-con e-child\" data-id=\"f3c03a7\" data-element_type=\"container\" data-e-type=\"container\">\n\t\t\t\t\t<div class=\"e-con-inner\">\n\t\t<div class=\"elementor-element elementor-element-13bb368 e-con-full e-flex e-con e-child\" data-id=\"13bb368\" data-element_type=\"container\" data-e-type=\"container\">\n\t\t\t\t<div class=\"elementor-element elementor-element-7370692 elementor-widget elementor-widget-heading\" data-id=\"7370692\" data-element_type=\"widget\" data-e-type=\"widget\" data-widget_type=\"heading.default\">\n\t\t\t\t\t<h1 class=\"elementor-heading-title elementor-size-default\">pol\u00edtica de privacidad <\/h1>\t\t\t\t<\/div>\n\t\t\t\t<\/div>\n\t\t<div class=\"elementor-element elementor-element-a047e03 e-con-full e-flex e-con e-child\" data-id=\"a047e03\" data-element_type=\"container\" data-e-type=\"container\">\n\t\t\t\t<\/div>\n\t\t\t\t\t<\/div>\n\t\t\t\t<\/div>\n\t\t\t\t<\/div>\n\t\t<div class=\"elementor-element elementor-element-d777750 e-con-full e-flex e-con e-parent\" data-id=\"d777750\" data-element_type=\"container\" data-e-type=\"container\">\n\t\t<div class=\"elementor-element elementor-element-a96223c e-flex e-con-boxed e-con e-child\" data-id=\"a96223c\" data-element_type=\"container\" data-e-type=\"container\">\n\t\t\t\t\t<div class=\"e-con-inner\">\n\t\t\t\t<div class=\"elementor-element elementor-element-96ea40a elementor-widget elementor-widget-heading\" data-id=\"96ea40a\" data-element_type=\"widget\" data-e-type=\"widget\" data-widget_type=\"heading.default\">\n\t\t\t\t\t<h2 class=\"elementor-heading-title elementor-size-default\">1. Introducci\u00f3n<\/h2>\t\t\t\t<\/div>\n\t\t\t\t<div class=\"elementor-element elementor-element-e619615 elementor-widget__width-initial elementor-widget elementor-widget-text-editor\" data-id=\"e619615\" data-element_type=\"widget\" data-e-type=\"widget\" data-widget_type=\"text-editor.default\">\n\t\t\t\t\t\t\t\t\t<p>En ShareArchiver, respetamos su privacidad y nos comprometemos a proteger su informaci\u00f3n personal. Esta Pol\u00edtica de Privacidad explica c\u00f3mo recopilamos, usamos y protegemos su informaci\u00f3n cuando utiliza nuestro sitio web, software y servicios. <\/p><p>Al acceder o utilizar ShareArchiver.com, usted acepta esta pol\u00edtica. Si no la acepta, le rogamos que deje de utilizar nuestros servicios. <\/p>\t\t\t\t\t\t\t\t<\/div>\n\t\t\t\t<div class=\"elementor-element elementor-element-4948812 elementor-widget elementor-widget-heading\" data-id=\"4948812\" data-element_type=\"widget\" data-e-type=\"widget\" data-widget_type=\"heading.default\">\n\t\t\t\t\t<h2 class=\"elementor-heading-title elementor-size-default\">2. Informaci\u00f3n que recopilamos<\/h2>\t\t\t\t<\/div>\n\t\t\t\t<div class=\"elementor-element elementor-element-5a3e226 elementor-widget__width-initial elementor-widget elementor-widget-text-editor\" data-id=\"5a3e226\" data-element_type=\"widget\" data-e-type=\"widget\" data-widget_type=\"text-editor.default\">\n\t\t\t\t\t\t\t\t\t<p>Podemos recopilar la siguiente informaci\u00f3n:<\/p><ul><li><strong>Informaci\u00f3n personal:<\/strong> nombre, correo electr\u00f3nico comercial, n\u00famero de tel\u00e9fono, nombre de la empresa y credenciales de la cuenta.<\/li><li><strong>Informaci\u00f3n de uso:<\/strong> direcciones IP, tipo de navegador, informaci\u00f3n del dispositivo y actividad en nuestra plataforma.<\/li><li><strong>Datos de Servicio:<\/strong> Archivos y datos que los clientes suben para su procesamiento en nuestra plataforma. No recopilamos ni almacenamos informaci\u00f3n financiera ni informaci\u00f3n personal sensible, como datos de salud, datos bancarios o informaci\u00f3n de tarjetas de cr\u00e9dito. <\/li><\/ul>\t\t\t\t\t\t\t\t<\/div>\n\t\t\t\t<div class=\"elementor-element elementor-element-3e40c82 elementor-widget elementor-widget-heading\" data-id=\"3e40c82\" data-element_type=\"widget\" data-e-type=\"widget\" data-widget_type=\"heading.default\">\n\t\t\t\t\t<h2 class=\"elementor-heading-title elementor-size-default\">3. C\u00f3mo usamos la informaci\u00f3n<\/h2>\t\t\t\t<\/div>\n\t\t\t\t<div class=\"elementor-element elementor-element-e219ba1 elementor-widget__width-initial elementor-widget elementor-widget-text-editor\" data-id=\"e219ba1\" data-element_type=\"widget\" data-e-type=\"widget\" data-widget_type=\"text-editor.default\">\n\t\t\t\t\t\t\t\t\t<p>Utilizamos la informaci\u00f3n recopilada para:<\/p><ul><li>Proporcionar, mantener y mejorar nuestro software y servicios.<\/li><li>Comunicarnos con usted respecto de actualizaciones de productos, avisos de servicio o consultas de soporte.<\/li><li>Procesar transacciones y emitir estados de facturaci\u00f3n.<\/li><li>Hacer cumplir nuestros T\u00e9rminos y Condiciones.<\/li><li>Cumplir con los requisitos legales y reglamentarios.<\/li><\/ul>\t\t\t\t\t\t\t\t<\/div>\n\t\t\t\t<div class=\"elementor-element elementor-element-6e437dd elementor-widget elementor-widget-heading\" data-id=\"6e437dd\" data-element_type=\"widget\" data-e-type=\"widget\" data-widget_type=\"heading.default\">\n\t\t\t\t\t<h2 class=\"elementor-heading-title elementor-size-default\">4. Retenci\u00f3n de datos<\/h2>\t\t\t\t<\/div>\n\t\t\t\t<div class=\"elementor-element elementor-element-c6bcf79 elementor-widget__width-initial elementor-widget elementor-widget-text-editor\" data-id=\"c6bcf79\" data-element_type=\"widget\" data-e-type=\"widget\" data-widget_type=\"text-editor.default\">\n\t\t\t\t\t\t\t\t\t<p>Conservamos la informaci\u00f3n personal \u00fanicamente el tiempo necesario para cumplir con los fines descritos en esta pol\u00edtica o seg\u00fan lo exija la legislaci\u00f3n canadiense, estadounidense o europea. Una vez que la informaci\u00f3n ya no sea necesaria, se eliminar\u00e1 de forma segura o se anonimizar\u00e1. <\/p>\t\t\t\t\t\t\t\t<\/div>\n\t\t\t\t<div class=\"elementor-element elementor-element-764af15 elementor-widget elementor-widget-heading\" data-id=\"764af15\" data-element_type=\"widget\" data-e-type=\"widget\" data-widget_type=\"heading.default\">\n\t\t\t\t\t<h2 class=\"elementor-heading-title elementor-size-default\">5. Seguridad de los datos<\/h2>\t\t\t\t<\/div>\n\t\t\t\t<div class=\"elementor-element elementor-element-9cccfe2 elementor-widget__width-initial elementor-widget elementor-widget-text-editor\" data-id=\"9cccfe2\" data-element_type=\"widget\" data-e-type=\"widget\" data-widget_type=\"text-editor.default\">\n\t\t\t\t\t\t\t\t\t<p>Implementamos medidas de seguridad est\u00e1ndar de la industria para proteger su informaci\u00f3n del acceso, uso o divulgaci\u00f3n no autorizados. Si bien nos esforzamos por garantizar la m\u00e1xima protecci\u00f3n, ning\u00fan sistema puede garantizarse al 100 % de seguridad. <\/p>\t\t\t\t\t\t\t\t<\/div>\n\t\t\t\t<div class=\"elementor-element elementor-element-afd9672 elementor-widget elementor-widget-heading\" data-id=\"afd9672\" data-element_type=\"widget\" data-e-type=\"widget\" data-widget_type=\"heading.default\">\n\t\t\t\t\t<h2 class=\"elementor-heading-title elementor-size-default\">6. Intercambio de informaci\u00f3n<\/h2>\t\t\t\t<\/div>\n\t\t\t\t<div class=\"elementor-element elementor-element-57070ad elementor-widget__width-initial elementor-widget elementor-widget-text-editor\" data-id=\"57070ad\" data-element_type=\"widget\" data-e-type=\"widget\" data-widget_type=\"text-editor.default\">\n\t\t\t\t\t\t\t\t\t<p>No vendemos ni alquilamos su informaci\u00f3n personal. Solo podemos compartirla con: <\/p><ul><li>Proveedores externos de confianza que ayudan a prestar nuestros servicios (por ejemplo, alojamiento, facturaci\u00f3n).<\/li><li>Autoridades reguladoras o legales, si as\u00ed lo exige la ley.<\/li><li>Socios comerciales en caso de fusiones, adquisiciones o reestructuraciones corporativas.<\/li><\/ul>\t\t\t\t\t\t\t\t<\/div>\n\t\t\t\t<div class=\"elementor-element elementor-element-2a5b0fe elementor-widget elementor-widget-heading\" data-id=\"2a5b0fe\" data-element_type=\"widget\" data-e-type=\"widget\" data-widget_type=\"heading.default\">\n\t\t\t\t\t<h2 class=\"elementor-heading-title elementor-size-default\">7. Sus derechos<\/h2>\t\t\t\t<\/div>\n\t\t\t\t<div class=\"elementor-element elementor-element-943b00a elementor-widget__width-initial elementor-widget elementor-widget-text-editor\" data-id=\"943b00a\" data-element_type=\"widget\" data-e-type=\"widget\" data-widget_type=\"text-editor.default\">\n\t\t\t\t\t\t\t\t\t<p><strong>Seg\u00fan la legislaci\u00f3n canadiense (PIPEDA)<\/strong><\/p><ul><li>Acceda y solicite una copia de su informaci\u00f3n personal.<\/li><li>Solicitar correcciones o actualizaciones de sus datos.<\/li><li>Retirar el consentimiento para el tratamiento, sujeto a restricciones legales o contractuales.<\/li><li><strong>Presentar una queja ante la Oficina del Comisionado de Privacidad de Canad\u00e1.<\/strong><\/li><\/ul>\t\t\t\t\t\t\t\t<\/div>\n\t\t\t\t<div class=\"elementor-element elementor-element-783a932 elementor-widget__width-initial elementor-widget elementor-widget-text-editor\" data-id=\"783a932\" data-element_type=\"widget\" data-e-type=\"widget\" data-widget_type=\"text-editor.default\">\n\t\t\t\t\t\t\t\t\t<p><strong>Seg\u00fan la legislaci\u00f3n de la UE\/Reino Unido (RGPD\/RGPD del Reino Unido)<\/strong><\/p><p>Si se encuentra en la Uni\u00f3n Europea o el Reino Unido, tiene derechos adicionales:<\/p>\t\t\t\t\t\t\t\t<\/div>\n\t\t\t\t<div class=\"elementor-element elementor-element-c87adcc elementor-widget__width-initial elementor-widget elementor-widget-text-editor\" data-id=\"c87adcc\" data-element_type=\"widget\" data-e-type=\"widget\" data-widget_type=\"text-editor.default\">\n\t\t\t\t\t\t\t\t\t<ul><li>Derecho de acceso, rectificaci\u00f3n y supresi\u00f3n de datos personales.<\/li><li>Derecho a restringir u oponerse al tratamiento.<\/li><li>Derecho a la portabilidad de datos.<\/li><li>Derecho a retirar el consentimiento en cualquier momento.<\/li><li>Derecho a presentar una reclamaci\u00f3n ante una Autoridad de Protecci\u00f3n de Datos.<\/li><\/ul>\t\t\t\t\t\t\t\t<\/div>\n\t\t\t\t<div class=\"elementor-element elementor-element-6ede603 elementor-widget__width-initial elementor-widget elementor-widget-text-editor\" data-id=\"6ede603\" data-element_type=\"widget\" data-e-type=\"widget\" data-widget_type=\"text-editor.default\">\n\t\t\t\t\t\t\t\t\t<p>Nuestras bases legales para procesar sus datos personales pueden incluir:<\/p><ul><li style=\"list-style-type: none;\"><ul><li>Ejecuci\u00f3n de un contrato.<\/li><li>Cumplimiento de una obligaci\u00f3n legal.<\/li><li>Intereses comerciales leg\u00edtimos.<\/li><li>Su consentimiento.<\/li><\/ul><\/li><\/ul>\t\t\t\t\t\t\t\t<\/div>\n\t\t\t\t<div class=\"elementor-element elementor-element-d23fdc4 elementor-widget__width-initial elementor-widget elementor-widget-text-editor\" data-id=\"d23fdc4\" data-element_type=\"widget\" data-e-type=\"widget\" data-widget_type=\"text-editor.default\">\n\t\t\t\t\t\t\t\t\t<p><strong>Seg\u00fan la ley de EE. UU. (CCPA\/CPRA \u2013 Residentes de California)<\/strong><\/p>\t\t\t\t\t\t\t\t<\/div>\n\t\t\t\t<div class=\"elementor-element elementor-element-d89cf97 elementor-widget__width-initial elementor-widget elementor-widget-text-editor\" data-id=\"d89cf97\" data-element_type=\"widget\" data-e-type=\"widget\" data-widget_type=\"text-editor.default\">\n\t\t\t\t\t\t\t\t\t<p>Si es residente de California, puede ejercer los siguientes derechos:<\/p><ul><li>Solicitar la divulgaci\u00f3n de las categor\u00edas y piezas espec\u00edficas de informaci\u00f3n personal que hemos recopilado sobre usted.<\/li><li>Solicitar la eliminaci\u00f3n de informaci\u00f3n personal, sujeto a ciertas excepciones.<\/li><li>Solicitar que no vendamos ni compartamos sus datos personales (ShareArchiver no vende datos).<\/li><li>No discriminaci\u00f3n en el ejercicio de estos derechos.<\/li><\/ul>\t\t\t\t\t\t\t\t<\/div>\n\t\t\t\t<div class=\"elementor-element elementor-element-dd490b9 elementor-widget elementor-widget-heading\" data-id=\"dd490b9\" data-element_type=\"widget\" data-e-type=\"widget\" data-widget_type=\"heading.default\">\n\t\t\t\t\t<h2 class=\"elementor-heading-title elementor-size-default\">8. Cookies y tecnolog\u00edas de seguimiento<\/h2>\t\t\t\t<\/div>\n\t\t\t\t<div class=\"elementor-element elementor-element-00603e5 elementor-widget__width-initial elementor-widget elementor-widget-text-editor\" data-id=\"00603e5\" data-element_type=\"widget\" data-e-type=\"widget\" data-widget_type=\"text-editor.default\">\n\t\t\t\t\t\t\t\t\t<p>Utilizamos cookies y tecnolog\u00edas similares para mejorar su experiencia y analizar su uso.<\/p><ul><li>Para usuarios de la UE\/Reino Unido: las cookies solo se configuran con su consentimiento, de conformidad con el RGPD\/RGPD del Reino Unido.<\/li><li>Para otras regiones: puede controlar las cookies a trav\u00e9s de la configuraci\u00f3n de su navegador.<\/li><\/ul>\t\t\t\t\t\t\t\t<\/div>\n\t\t\t\t<div class=\"elementor-element elementor-element-bb0a786 elementor-widget elementor-widget-heading\" data-id=\"bb0a786\" data-element_type=\"widget\" data-e-type=\"widget\" data-widget_type=\"heading.default\">\n\t\t\t\t\t<h2 class=\"elementor-heading-title elementor-size-default\">9. Transferencias internacionales de datos<\/h2>\t\t\t\t<\/div>\n\t\t\t\t<div class=\"elementor-element elementor-element-8c1244c elementor-widget__width-initial elementor-widget elementor-widget-text-editor\" data-id=\"8c1244c\" data-element_type=\"widget\" data-e-type=\"widget\" data-widget_type=\"text-editor.default\">\n\t\t\t\t\t\t\t\t\t<p>Su informaci\u00f3n podr\u00eda procesarse y almacenarse fuera de su pa\u00eds de residencia. Para los residentes de la UE\/Reino Unido, implementamos las medidas de seguridad adecuadas (como las <strong>Cl\u00e1usulas Contractuales Tipo<\/strong>) para garantizar la protecci\u00f3n de sus datos durante las transferencias internacionales. <\/p>\t\t\t\t\t\t\t\t<\/div>\n\t\t\t\t<div class=\"elementor-element elementor-element-1eee83c elementor-widget elementor-widget-heading\" data-id=\"1eee83c\" data-element_type=\"widget\" data-e-type=\"widget\" data-widget_type=\"heading.default\">\n\t\t\t\t\t<h2 class=\"elementor-heading-title elementor-size-default\">10. Actualizaciones de esta Pol\u00edtica<\/h2>\t\t\t\t<\/div>\n\t\t\t\t<div class=\"elementor-element elementor-element-cf50d78 elementor-widget__width-initial elementor-widget elementor-widget-text-editor\" data-id=\"cf50d78\" data-element_type=\"widget\" data-e-type=\"widget\" data-widget_type=\"text-editor.default\">\n\t\t\t\t\t\t\t\t\t<p>Su informaci\u00f3n podr\u00eda procesarse y almacenarse fuera de su pa\u00eds de residencia. Para los residentes de la UE\/Reino Unido, implementamos las medidas de seguridad adecuadas (como las <strong>Cl\u00e1usulas Contractuales Tipo<\/strong>) para garantizar la protecci\u00f3n de sus datos durante las transferencias internacionales. <\/p>\t\t\t\t\t\t\t\t<\/div>\n\t\t\t\t<div class=\"elementor-element elementor-element-a1de819 elementor-widget elementor-widget-heading\" data-id=\"a1de819\" data-element_type=\"widget\" data-e-type=\"widget\" data-widget_type=\"heading.default\">\n\t\t\t\t\t<h2 class=\"elementor-heading-title elementor-size-default\">11. Informaci\u00f3n de contacto<\/h2>\t\t\t\t<\/div>\n\t\t\t\t<div class=\"elementor-element elementor-element-c5806fa elementor-widget__width-initial elementor-widget elementor-widget-text-editor\" data-id=\"c5806fa\" data-element_type=\"widget\" data-e-type=\"widget\" data-widget_type=\"text-editor.default\">\n\t\t\t\t\t\t\t\t\t<p>Si tiene preguntas o solicitudes sobre esta Pol\u00edtica de privacidad, cont\u00e1ctenos en:<\/p><p><strong>Correo electr\u00f3nico:<\/strong> support@sharearchiver.com<\/p><p><strong>DIRECCI\u00d3N:<\/strong><\/p><p>ShareArchiver INC<\/p><p>700-2425 Matheson Blvd E<\/p><p>Mississauga, Ontario, Canad\u00e1<\/p><p><em>L4W 5K4<\/em><\/p>\t\t\t\t\t\t\t\t<\/div>\n\t\t\t\t\t<\/div>\n\t\t\t\t<\/div>\n\t\t\t\t<\/div>\n\t\t\t\t<\/div>\n\t\t","protected":false},"excerpt":{"rendered":"<p>pol\u00edtica de privacidad 1. Introducci\u00f3n En ShareArchiver, respetamos su privacidad y nos comprometemos a proteger su informaci\u00f3n personal. Esta Pol\u00edtica de Privacidad explica c\u00f3mo recopilamos, usamos y protegemos su informaci\u00f3n cuando utiliza nuestro sitio web, software y servicios. Al acceder o utilizar ShareArchiver.com, usted acepta esta pol\u00edtica. Si no la acepta, le rogamos que deje [&hellip;]<\/p>\n","protected":false},"author":12,"featured_media":0,"parent":0,"menu_order":0,"comment_status":"closed","ping_status":"closed","template":"","meta":{"_acf_changed":false,"_glsr_average":0,"_glsr_ranking":0,"_glsr_reviews":0,"footnotes":""},"class_list":["post-87996","page","type-page","status-publish","hentry"],"acf":[],"yoast_head":"<!-- This site is optimized with the Yoast SEO Premium plugin v26.9 (Yoast SEO v27.6) - https:\/\/yoast.com\/product\/yoast-seo-premium-wordpress\/ -->\n<title>Pol\u00edtica de Privacidad de ShareArchiver y Seguridad<\/title>\n<meta name=\"description\" content=\"Lea el compromiso de ShareArchiver con su privacidad. Conozca c\u00f3mo gestionamos, almacenamos y aseguramos sus datos personales de forma responsable.\" \/>\n<meta name=\"robots\" content=\"index, follow, max-snippet:-1, max-image-preview:large, max-video-preview:-1\" \/>\n<link rel=\"canonical\" href=\"https:\/\/sharearchiver.com\/es\/privacy-policy\/\" \/>\n<meta name=\"twitter:label1\" content=\"Tiempo de lectura\" \/>\n\t<meta name=\"twitter:data1\" content=\"4 minutos\" \/>\n<script type=\"application\/ld+json\" class=\"yoast-schema-graph\">{\"@context\":\"https:\\\/\\\/schema.org\",\"@graph\":[{\"@type\":\"WebPage\",\"@id\":\"https:\\\/\\\/sharearchiver.com\\\/es\\\/privacy-policy\\\/\",\"url\":\"https:\\\/\\\/sharearchiver.com\\\/es\\\/privacy-policy\\\/\",\"name\":\"Pol\u00edtica de Privacidad de ShareArchiver y Seguridad\",\"isPartOf\":{\"@id\":\"https:\\\/\\\/sharearchiver.com\\\/es\\\/#website\"},\"datePublished\":\"2025-09-29T13:56:03+00:00\",\"dateModified\":\"2025-10-17T07:27:02+00:00\",\"description\":\"Lea el compromiso de ShareArchiver con su privacidad. Conozca c\u00f3mo gestionamos, almacenamos y aseguramos sus datos personales de forma responsable.\",\"breadcrumb\":{\"@id\":\"https:\\\/\\\/sharearchiver.com\\\/es\\\/privacy-policy\\\/#breadcrumb\"},\"inLanguage\":\"es\",\"potentialAction\":[{\"@type\":\"ReadAction\",\"target\":[\"https:\\\/\\\/sharearchiver.com\\\/es\\\/privacy-policy\\\/\"]}]},{\"@type\":\"BreadcrumbList\",\"@id\":\"https:\\\/\\\/sharearchiver.com\\\/es\\\/privacy-policy\\\/#breadcrumb\",\"itemListElement\":[{\"@type\":\"ListItem\",\"position\":1,\"name\":\"Home\",\"item\":\"https:\\\/\\\/sharearchiver.com\\\/es\\\/\"},{\"@type\":\"ListItem\",\"position\":2,\"name\":\"Privacy Policy\"}]},{\"@type\":\"WebSite\",\"@id\":\"https:\\\/\\\/sharearchiver.com\\\/es\\\/#website\",\"url\":\"https:\\\/\\\/sharearchiver.com\\\/es\\\/\",\"name\":\"ShareArchiver\",\"description\":\"Enterprise Data Archiving Without Disrupting User Workflows.\",\"publisher\":{\"@id\":\"https:\\\/\\\/sharearchiver.com\\\/es\\\/#organization\"},\"potentialAction\":[{\"@type\":\"SearchAction\",\"target\":{\"@type\":\"EntryPoint\",\"urlTemplate\":\"https:\\\/\\\/sharearchiver.com\\\/es\\\/?s={search_term_string}\"},\"query-input\":{\"@type\":\"PropertyValueSpecification\",\"valueRequired\":true,\"valueName\":\"search_term_string\"}}],\"inLanguage\":\"es\"},{\"@type\":\"Organization\",\"@id\":\"https:\\\/\\\/sharearchiver.com\\\/es\\\/#organization\",\"name\":\"ShareArchiver\",\"url\":\"https:\\\/\\\/sharearchiver.com\\\/es\\\/\",\"logo\":{\"@type\":\"ImageObject\",\"inLanguage\":\"es\",\"@id\":\"https:\\\/\\\/sharearchiver.com\\\/es\\\/#\\\/schema\\\/logo\\\/image\\\/\",\"url\":\"https:\\\/\\\/sharearchiver.com\\\/wp-content\\\/uploads\\\/2021\\\/10\\\/ShareArchiver.png\",\"contentUrl\":\"https:\\\/\\\/sharearchiver.com\\\/wp-content\\\/uploads\\\/2021\\\/10\\\/ShareArchiver.png\",\"width\":205,\"height\":45,\"caption\":\"ShareArchiver\"},\"image\":{\"@id\":\"https:\\\/\\\/sharearchiver.com\\\/es\\\/#\\\/schema\\\/logo\\\/image\\\/\"},\"sameAs\":[\"https:\\\/\\\/www.facebook.com\\\/ShareArchiverOfficial\\\/\",\"https:\\\/\\\/www.linkedin.com\\\/company\\\/sharearchiver\\\/\",\"https:\\\/\\\/www.youtube.com\\\/@ShareArchiverINCMississauga\"],\"description\":\"ShareArchiver provides enterprise data archiving solutions that reduce storage costs and preserve long-term access to data without disrupting user workflows across on-premises and cloud environments.\",\"email\":\"info@sharearchiver.com\",\"telephone\":\"1 855 927 2448\"}]}<\/script>\n<!-- \/ Yoast SEO Premium plugin. -->","yoast_head_json":{"title":"Pol\u00edtica de Privacidad de ShareArchiver y Seguridad","description":"Lea el compromiso de ShareArchiver con su privacidad. Conozca c\u00f3mo gestionamos, almacenamos y aseguramos sus datos personales de forma responsable.","robots":{"index":"index","follow":"follow","max-snippet":"max-snippet:-1","max-image-preview":"max-image-preview:large","max-video-preview":"max-video-preview:-1"},"canonical":"https:\/\/sharearchiver.com\/es\/privacy-policy\/","twitter_misc":{"Tiempo de lectura":"4 minutos"},"schema":{"@context":"https:\/\/schema.org","@graph":[{"@type":"WebPage","@id":"https:\/\/sharearchiver.com\/es\/privacy-policy\/","url":"https:\/\/sharearchiver.com\/es\/privacy-policy\/","name":"Pol\u00edtica de Privacidad de ShareArchiver y Seguridad","isPartOf":{"@id":"https:\/\/sharearchiver.com\/es\/#website"},"datePublished":"2025-09-29T13:56:03+00:00","dateModified":"2025-10-17T07:27:02+00:00","description":"Lea el compromiso de ShareArchiver con su privacidad. Conozca c\u00f3mo gestionamos, almacenamos y aseguramos sus datos personales de forma responsable.","breadcrumb":{"@id":"https:\/\/sharearchiver.com\/es\/privacy-policy\/#breadcrumb"},"inLanguage":"es","potentialAction":[{"@type":"ReadAction","target":["https:\/\/sharearchiver.com\/es\/privacy-policy\/"]}]},{"@type":"BreadcrumbList","@id":"https:\/\/sharearchiver.com\/es\/privacy-policy\/#breadcrumb","itemListElement":[{"@type":"ListItem","position":1,"name":"Home","item":"https:\/\/sharearchiver.com\/es\/"},{"@type":"ListItem","position":2,"name":"Privacy Policy"}]},{"@type":"WebSite","@id":"https:\/\/sharearchiver.com\/es\/#website","url":"https:\/\/sharearchiver.com\/es\/","name":"ShareArchiver","description":"Enterprise Data Archiving Without Disrupting User Workflows.","publisher":{"@id":"https:\/\/sharearchiver.com\/es\/#organization"},"potentialAction":[{"@type":"SearchAction","target":{"@type":"EntryPoint","urlTemplate":"https:\/\/sharearchiver.com\/es\/?s={search_term_string}"},"query-input":{"@type":"PropertyValueSpecification","valueRequired":true,"valueName":"search_term_string"}}],"inLanguage":"es"},{"@type":"Organization","@id":"https:\/\/sharearchiver.com\/es\/#organization","name":"ShareArchiver","url":"https:\/\/sharearchiver.com\/es\/","logo":{"@type":"ImageObject","inLanguage":"es","@id":"https:\/\/sharearchiver.com\/es\/#\/schema\/logo\/image\/","url":"https:\/\/sharearchiver.com\/wp-content\/uploads\/2021\/10\/ShareArchiver.png","contentUrl":"https:\/\/sharearchiver.com\/wp-content\/uploads\/2021\/10\/ShareArchiver.png","width":205,"height":45,"caption":"ShareArchiver"},"image":{"@id":"https:\/\/sharearchiver.com\/es\/#\/schema\/logo\/image\/"},"sameAs":["https:\/\/www.facebook.com\/ShareArchiverOfficial\/","https:\/\/www.linkedin.com\/company\/sharearchiver\/","https:\/\/www.youtube.com\/@ShareArchiverINCMississauga"],"description":"ShareArchiver provides enterprise data archiving solutions that reduce storage costs and preserve long-term access to data without disrupting user workflows across on-premises and cloud environments.","email":"info@sharearchiver.com","telephone":"1 855 927 2448"}]}},"_links":{"self":[{"href":"https:\/\/sharearchiver.com\/es\/wp-json\/wp\/v2\/pages\/87996","targetHints":{"allow":["GET"]}}],"collection":[{"href":"https:\/\/sharearchiver.com\/es\/wp-json\/wp\/v2\/pages"}],"about":[{"href":"https:\/\/sharearchiver.com\/es\/wp-json\/wp\/v2\/types\/page"}],"author":[{"embeddable":true,"href":"https:\/\/sharearchiver.com\/es\/wp-json\/wp\/v2\/users\/12"}],"replies":[{"embeddable":true,"href":"https:\/\/sharearchiver.com\/es\/wp-json\/wp\/v2\/comments?post=87996"}],"version-history":[{"count":1,"href":"https:\/\/sharearchiver.com\/es\/wp-json\/wp\/v2\/pages\/87996\/revisions"}],"predecessor-version":[{"id":88091,"href":"https:\/\/sharearchiver.com\/es\/wp-json\/wp\/v2\/pages\/87996\/revisions\/88091"}],"wp:attachment":[{"href":"https:\/\/sharearchiver.com\/es\/wp-json\/wp\/v2\/media?parent=87996"}],"curies":[{"name":"wp","href":"https:\/\/api.w.org\/{rel}","templated":true}]}}