{"id":87976,"date":"2025-09-29T14:11:04","date_gmt":"2025-09-29T14:11:04","guid":{"rendered":"https:\/\/sharearchiver.com\/about-us\/"},"modified":"2025-10-17T07:19:46","modified_gmt":"2025-10-17T07:19:46","slug":"about-us","status":"publish","type":"page","link":"https:\/\/sharearchiver.com\/es\/about-us\/","title":{"rendered":"About Us"},"content":{"rendered":"\t\t<div data-elementor-type=\"wp-page\" data-elementor-id=\"87976\" class=\"elementor elementor-87976 elementor-87917\" data-elementor-post-type=\"page\">\n\t\t\t\t<div class=\"elementor-element elementor-element-4c022d8 e-con-full banner e-flex e-con e-parent\" data-id=\"4c022d8\" data-element_type=\"container\" data-e-type=\"container\" data-settings=\"{&quot;background_background&quot;:&quot;classic&quot;}\">\n\t\t<div class=\"elementor-element elementor-element-b1f9602 e-flex e-con-boxed e-con e-child\" data-id=\"b1f9602\" data-element_type=\"container\" data-e-type=\"container\">\n\t\t\t\t\t<div class=\"e-con-inner\">\n\t\t<div class=\"elementor-element elementor-element-9ea4bcc e-con-full e-flex e-con e-child\" data-id=\"9ea4bcc\" data-element_type=\"container\" data-e-type=\"container\">\n\t\t\t\t<div class=\"elementor-element elementor-element-9f181f6 elementor-widget elementor-widget-heading\" data-id=\"9f181f6\" data-element_type=\"widget\" data-e-type=\"widget\" data-widget_type=\"heading.default\">\n\t\t\t\t\t<h1 class=\"elementor-heading-title elementor-size-default\">Sobre nosotras<\/h1>\t\t\t\t<\/div>\n\t\t\t\t<\/div>\n\t\t\t\t\t<\/div>\n\t\t\t\t<\/div>\n\t\t\t\t<\/div>\n\t\t<div class=\"elementor-element elementor-element-74142d7 e-con-full e-flex e-con e-parent\" data-id=\"74142d7\" data-element_type=\"container\" data-e-type=\"container\" data-settings=\"{&quot;background_background&quot;:&quot;classic&quot;}\">\n\t\t<div class=\"elementor-element elementor-element-fba0193 e-flex e-con-boxed e-con e-child\" data-id=\"fba0193\" data-element_type=\"container\" data-e-type=\"container\">\n\t\t\t\t\t<div class=\"e-con-inner\">\n\t\t\t\t<div class=\"elementor-element elementor-element-9c00362 elementor-widget__width-initial elementor-widget elementor-widget-text-editor\" data-id=\"9c00362\" data-element_type=\"widget\" data-e-type=\"widget\" data-widget_type=\"text-editor.default\">\n\t\t\t\t\t\t\t\t\tEn ShareArchiver, creemos que los datos deben ser un activo valioso, no un desaf\u00edo abrumador. Nuestra misi\u00f3n, desde el principio, ha sido simple: simplificar, hacer m\u00e1s inteligente y rentable la gesti\u00f3n de datos empresariales.\nEmpezamos con una idea clara: a medida que las empresas crecen, tambi\u00e9n lo hacen sus datos. Desafortunadamente, la mayor\u00eda de los sistemas tradicionales de almacenamiento y archivado solo a\u00f1aden complejidad en lugar de resolver el problema. Por eso creamos ShareArchiver: para brindar a las organizaciones una plataforma que reduzca costos, mejore el rendimiento y garantice el cumplimiento normativo, a la vez que facilita el acceso y la comprensi\u00f3n de los datos.\nHoy, ShareArchiver ofrece una soluci\u00f3n inteligente y f\u00e1cil de usar que optimiza el almacenamiento, mejora la accesibilidad y proporciona informaci\u00f3n \u00fatil. Con nosotros, gestionar los datos no solo es m\u00e1s sencillo, sino tambi\u00e9n m\u00e1s r\u00e1pido, inteligente y seguro.\nLo que nos diferencia es nuestro enfoque en la innovaci\u00f3n, la eficiencia y el \u00e9xito del cliente. Trabajamos codo con codo con organizaciones de todo el mundo, ayud\u00e1ndolas a mantenerse \u00e1giles, cumplir con las normativas y estar preparadas para el futuro. En el coraz\u00f3n de ShareArchiver se encuentra un equipo dedicado de tecn\u00f3logos, solucionadores de problemas y visionarios, todos impulsados \u200b\u200bpor un mismo objetivo: liberar el verdadero potencial de los datos empresariales.\nBienvenido a ShareArchiver, donde sus datos trabajan para usted, no en su contra.     \t\t\t\t\t\t\t\t<\/div>\n\t\t\t\t\t<\/div>\n\t\t\t\t<\/div>\n\t\t\t\t<\/div>\n\t\t\t\t<\/div>\n\t\t","protected":false},"excerpt":{"rendered":"<p>Sobre nosotras En ShareArchiver, creemos que los datos deben ser un activo valioso, no un desaf\u00edo abrumador. Nuestra misi\u00f3n, desde el principio, ha sido simple: simplificar, hacer m\u00e1s inteligente y rentable la gesti\u00f3n de datos empresariales. Empezamos con una idea clara: a medida que las empresas crecen, tambi\u00e9n lo hacen sus datos. Desafortunadamente, la mayor\u00eda [&hellip;]<\/p>\n","protected":false},"author":12,"featured_media":0,"parent":0,"menu_order":0,"comment_status":"closed","ping_status":"closed","template":"elementor_header_footer","meta":{"_acf_changed":false,"_glsr_average":0,"_glsr_ranking":0,"_glsr_reviews":0,"footnotes":""},"class_list":["post-87976","page","type-page","status-publish","hentry"],"acf":[],"yoast_head":"<!-- This site is optimized with the Yoast SEO Premium plugin v26.9 (Yoast SEO v27.6) - https:\/\/yoast.com\/product\/yoast-seo-premium-wordpress\/ -->\n<title>Sobre ShareArchiver: Soluciones de Gesti\u00f3n de Datos<\/title>\n<meta name=\"description\" content=\"Conozca la misi\u00f3n de ShareArchiver: simplificar la gesti\u00f3n de datos, el archivado y el cumplimiento para empresas. Descubra nuestros valores fundamentales.\" \/>\n<meta name=\"robots\" content=\"index, follow, max-snippet:-1, max-image-preview:large, max-video-preview:-1\" \/>\n<link rel=\"canonical\" href=\"https:\/\/sharearchiver.com\/es\/about-us\/\" \/>\n<meta name=\"twitter:label1\" content=\"Tiempo de lectura\" \/>\n\t<meta name=\"twitter:data1\" content=\"2 minutos\" \/>\n<script type=\"application\/ld+json\" class=\"yoast-schema-graph\">{\"@context\":\"https:\\\/\\\/schema.org\",\"@graph\":[{\"@type\":\"WebPage\",\"@id\":\"https:\\\/\\\/sharearchiver.com\\\/es\\\/about-us\\\/\",\"url\":\"https:\\\/\\\/sharearchiver.com\\\/es\\\/about-us\\\/\",\"name\":\"Sobre ShareArchiver: Soluciones de Gesti\u00f3n de Datos\",\"isPartOf\":{\"@id\":\"https:\\\/\\\/sharearchiver.com\\\/es\\\/#website\"},\"datePublished\":\"2025-09-29T14:11:04+00:00\",\"dateModified\":\"2025-10-17T07:19:46+00:00\",\"description\":\"Conozca la misi\u00f3n de ShareArchiver: simplificar la gesti\u00f3n de datos, el archivado y el cumplimiento para empresas. Descubra nuestros valores fundamentales.\",\"breadcrumb\":{\"@id\":\"https:\\\/\\\/sharearchiver.com\\\/es\\\/about-us\\\/#breadcrumb\"},\"inLanguage\":\"es\",\"potentialAction\":[{\"@type\":\"ReadAction\",\"target\":[\"https:\\\/\\\/sharearchiver.com\\\/es\\\/about-us\\\/\"]}]},{\"@type\":\"BreadcrumbList\",\"@id\":\"https:\\\/\\\/sharearchiver.com\\\/es\\\/about-us\\\/#breadcrumb\",\"itemListElement\":[{\"@type\":\"ListItem\",\"position\":1,\"name\":\"Home\",\"item\":\"https:\\\/\\\/sharearchiver.com\\\/es\\\/\"},{\"@type\":\"ListItem\",\"position\":2,\"name\":\"About Us\"}]},{\"@type\":\"WebSite\",\"@id\":\"https:\\\/\\\/sharearchiver.com\\\/es\\\/#website\",\"url\":\"https:\\\/\\\/sharearchiver.com\\\/es\\\/\",\"name\":\"ShareArchiver\",\"description\":\"Enterprise Data Archiving Without Disrupting User Workflows.\",\"publisher\":{\"@id\":\"https:\\\/\\\/sharearchiver.com\\\/es\\\/#organization\"},\"potentialAction\":[{\"@type\":\"SearchAction\",\"target\":{\"@type\":\"EntryPoint\",\"urlTemplate\":\"https:\\\/\\\/sharearchiver.com\\\/es\\\/?s={search_term_string}\"},\"query-input\":{\"@type\":\"PropertyValueSpecification\",\"valueRequired\":true,\"valueName\":\"search_term_string\"}}],\"inLanguage\":\"es\"},{\"@type\":\"Organization\",\"@id\":\"https:\\\/\\\/sharearchiver.com\\\/es\\\/#organization\",\"name\":\"ShareArchiver\",\"url\":\"https:\\\/\\\/sharearchiver.com\\\/es\\\/\",\"logo\":{\"@type\":\"ImageObject\",\"inLanguage\":\"es\",\"@id\":\"https:\\\/\\\/sharearchiver.com\\\/es\\\/#\\\/schema\\\/logo\\\/image\\\/\",\"url\":\"https:\\\/\\\/sharearchiver.com\\\/wp-content\\\/uploads\\\/2021\\\/10\\\/ShareArchiver.png\",\"contentUrl\":\"https:\\\/\\\/sharearchiver.com\\\/wp-content\\\/uploads\\\/2021\\\/10\\\/ShareArchiver.png\",\"width\":205,\"height\":45,\"caption\":\"ShareArchiver\"},\"image\":{\"@id\":\"https:\\\/\\\/sharearchiver.com\\\/es\\\/#\\\/schema\\\/logo\\\/image\\\/\"},\"sameAs\":[\"https:\\\/\\\/www.facebook.com\\\/ShareArchiverOfficial\\\/\",\"https:\\\/\\\/www.linkedin.com\\\/company\\\/sharearchiver\\\/\",\"https:\\\/\\\/www.youtube.com\\\/@ShareArchiverINCMississauga\"],\"description\":\"ShareArchiver provides enterprise data archiving solutions that reduce storage costs and preserve long-term access to data without disrupting user workflows across on-premises and cloud environments.\",\"email\":\"info@sharearchiver.com\",\"telephone\":\"1 855 927 2448\"}]}<\/script>\n<!-- \/ Yoast SEO Premium plugin. -->","yoast_head_json":{"title":"Sobre ShareArchiver: Soluciones de Gesti\u00f3n de Datos","description":"Conozca la misi\u00f3n de ShareArchiver: simplificar la gesti\u00f3n de datos, el archivado y el cumplimiento para empresas. Descubra nuestros valores fundamentales.","robots":{"index":"index","follow":"follow","max-snippet":"max-snippet:-1","max-image-preview":"max-image-preview:large","max-video-preview":"max-video-preview:-1"},"canonical":"https:\/\/sharearchiver.com\/es\/about-us\/","twitter_misc":{"Tiempo de lectura":"2 minutos"},"schema":{"@context":"https:\/\/schema.org","@graph":[{"@type":"WebPage","@id":"https:\/\/sharearchiver.com\/es\/about-us\/","url":"https:\/\/sharearchiver.com\/es\/about-us\/","name":"Sobre ShareArchiver: Soluciones de Gesti\u00f3n de Datos","isPartOf":{"@id":"https:\/\/sharearchiver.com\/es\/#website"},"datePublished":"2025-09-29T14:11:04+00:00","dateModified":"2025-10-17T07:19:46+00:00","description":"Conozca la misi\u00f3n de ShareArchiver: simplificar la gesti\u00f3n de datos, el archivado y el cumplimiento para empresas. Descubra nuestros valores fundamentales.","breadcrumb":{"@id":"https:\/\/sharearchiver.com\/es\/about-us\/#breadcrumb"},"inLanguage":"es","potentialAction":[{"@type":"ReadAction","target":["https:\/\/sharearchiver.com\/es\/about-us\/"]}]},{"@type":"BreadcrumbList","@id":"https:\/\/sharearchiver.com\/es\/about-us\/#breadcrumb","itemListElement":[{"@type":"ListItem","position":1,"name":"Home","item":"https:\/\/sharearchiver.com\/es\/"},{"@type":"ListItem","position":2,"name":"About Us"}]},{"@type":"WebSite","@id":"https:\/\/sharearchiver.com\/es\/#website","url":"https:\/\/sharearchiver.com\/es\/","name":"ShareArchiver","description":"Enterprise Data Archiving Without Disrupting User Workflows.","publisher":{"@id":"https:\/\/sharearchiver.com\/es\/#organization"},"potentialAction":[{"@type":"SearchAction","target":{"@type":"EntryPoint","urlTemplate":"https:\/\/sharearchiver.com\/es\/?s={search_term_string}"},"query-input":{"@type":"PropertyValueSpecification","valueRequired":true,"valueName":"search_term_string"}}],"inLanguage":"es"},{"@type":"Organization","@id":"https:\/\/sharearchiver.com\/es\/#organization","name":"ShareArchiver","url":"https:\/\/sharearchiver.com\/es\/","logo":{"@type":"ImageObject","inLanguage":"es","@id":"https:\/\/sharearchiver.com\/es\/#\/schema\/logo\/image\/","url":"https:\/\/sharearchiver.com\/wp-content\/uploads\/2021\/10\/ShareArchiver.png","contentUrl":"https:\/\/sharearchiver.com\/wp-content\/uploads\/2021\/10\/ShareArchiver.png","width":205,"height":45,"caption":"ShareArchiver"},"image":{"@id":"https:\/\/sharearchiver.com\/es\/#\/schema\/logo\/image\/"},"sameAs":["https:\/\/www.facebook.com\/ShareArchiverOfficial\/","https:\/\/www.linkedin.com\/company\/sharearchiver\/","https:\/\/www.youtube.com\/@ShareArchiverINCMississauga"],"description":"ShareArchiver provides enterprise data archiving solutions that reduce storage costs and preserve long-term access to data without disrupting user workflows across on-premises and cloud environments.","email":"info@sharearchiver.com","telephone":"1 855 927 2448"}]}},"_links":{"self":[{"href":"https:\/\/sharearchiver.com\/es\/wp-json\/wp\/v2\/pages\/87976","targetHints":{"allow":["GET"]}}],"collection":[{"href":"https:\/\/sharearchiver.com\/es\/wp-json\/wp\/v2\/pages"}],"about":[{"href":"https:\/\/sharearchiver.com\/es\/wp-json\/wp\/v2\/types\/page"}],"author":[{"embeddable":true,"href":"https:\/\/sharearchiver.com\/es\/wp-json\/wp\/v2\/users\/12"}],"replies":[{"embeddable":true,"href":"https:\/\/sharearchiver.com\/es\/wp-json\/wp\/v2\/comments?post=87976"}],"version-history":[{"count":1,"href":"https:\/\/sharearchiver.com\/es\/wp-json\/wp\/v2\/pages\/87976\/revisions"}],"predecessor-version":[{"id":88089,"href":"https:\/\/sharearchiver.com\/es\/wp-json\/wp\/v2\/pages\/87976\/revisions\/88089"}],"wp:attachment":[{"href":"https:\/\/sharearchiver.com\/es\/wp-json\/wp\/v2\/media?parent=87976"}],"curies":[{"name":"wp","href":"https:\/\/api.w.org\/{rel}","templated":true}]}}