{"id":83092,"date":"2023-08-19T06:45:09","date_gmt":"2023-08-19T06:45:09","guid":{"rendered":"https:\/\/sharearchiver.com\/download-file\/"},"modified":"2025-01-31T13:18:39","modified_gmt":"2025-01-31T13:18:39","slug":"download-file","status":"publish","type":"page","link":"https:\/\/sharearchiver.com\/es\/download-file\/","title":{"rendered":"download\u00a0file"},"content":{"rendered":"\t\t<div data-elementor-type=\"wp-page\" data-elementor-id=\"83092\" class=\"elementor elementor-83092 elementor-72025\" data-elementor-post-type=\"page\">\n\t\t\t\t<div class=\"elementor-element elementor-element-5479a0e e-con-full banner e-flex e-con e-parent\" data-id=\"5479a0e\" data-element_type=\"container\" data-e-type=\"container\" data-settings=\"{&quot;background_background&quot;:&quot;classic&quot;}\">\n\t\t<div class=\"elementor-element elementor-element-52aa562 e-flex e-con-boxed e-con e-child\" data-id=\"52aa562\" data-element_type=\"container\" data-e-type=\"container\">\n\t\t\t\t\t<div class=\"e-con-inner\">\n\t\t<div class=\"elementor-element elementor-element-b3b8076 e-con-full e-flex e-con e-child\" data-id=\"b3b8076\" data-element_type=\"container\" data-e-type=\"container\">\n\t\t\t\t<div class=\"elementor-element elementor-element-e6fa840 elementor-widget elementor-widget-heading\" data-id=\"e6fa840\" data-element_type=\"widget\" data-e-type=\"widget\" data-widget_type=\"heading.default\">\n\t\t\t\t\t<h1 class=\"elementor-heading-title elementor-size-default\">Descargar archivo<\/h1>\t\t\t\t<\/div>\n\t\t\t\t<div class=\"elementor-element elementor-element-c98d513 elementor-widget elementor-widget-text-editor\" data-id=\"c98d513\" data-element_type=\"widget\" data-e-type=\"widget\" data-widget_type=\"text-editor.default\">\n\t\t\t\t\t\t\t\t\t<p>Los costos de almacenamiento de datos siguen aumentando, pero los suyos no tienen por qu\u00e9 hacerlo. En promedio, el 80% de los datos corporativos son antiguos o no se utilizan. Deje de pagar una prima para almacenar archivos antiguos. Obtenga una demostraci\u00f3n gratuita de ShareArchiver hoy mismo para ver c\u00f3mo puede reducir significativamente los vol\u00famenes y costes de almacenamiento de datos.   <\/p>\n\t\t\t\t\t\t\t\t<\/div>\n\t\t\t\t<\/div>\n\t\t<div class=\"elementor-element elementor-element-2dba53d e-con-full e-flex e-con e-child\" data-id=\"2dba53d\" data-element_type=\"container\" data-e-type=\"container\">\n\t\t\t\t<\/div>\n\t\t\t\t\t<\/div>\n\t\t\t\t<\/div>\n\t\t\t\t<\/div>\n\t\t\t\t<section class=\"elementor-section elementor-top-section elementor-element elementor-element-1904abe elementor-section-boxed elementor-section-height-default elementor-section-height-default\" data-id=\"1904abe\" data-element_type=\"section\" data-e-type=\"section\">\n\t\t\t\t\t\t<div class=\"elementor-container elementor-column-gap-default\">\n\t\t\t\t\t<div class=\"elementor-column elementor-col-100 elementor-top-column elementor-element elementor-element-752fd17\" data-id=\"752fd17\" data-element_type=\"column\" data-e-type=\"column\">\n\t\t\t<div class=\"elementor-widget-wrap elementor-element-populated\">\n\t\t\t\t\t\t<section class=\"elementor-section elementor-inner-section elementor-element elementor-element-bed6a9b elementor-section-boxed elementor-section-height-default elementor-section-height-default\" data-id=\"bed6a9b\" data-element_type=\"section\" data-e-type=\"section\">\n\t\t\t\t\t\t<div class=\"elementor-container elementor-column-gap-default\">\n\t\t\t\t\t<div class=\"elementor-column elementor-col-100 elementor-inner-column elementor-element elementor-element-021166c\" data-id=\"021166c\" data-element_type=\"column\" data-e-type=\"column\" data-settings=\"{&quot;background_background&quot;:&quot;classic&quot;}\">\n\t\t\t<div class=\"elementor-widget-wrap elementor-element-populated\">\n\t\t\t\t\t\t<div class=\"elementor-element elementor-element-2311db4 elementor-widget elementor-widget-html\" data-id=\"2311db4\" data-element_type=\"widget\" data-e-type=\"widget\" data-widget_type=\"html.default\">\n\t\t\t\t\t\n                <div class='gf_browser_gecko gform_wrapper' id='gform_wrapper_19' ><div id='gf_19' class='gform_anchor' tabindex='-1'><\/div><form method='post' enctype='multipart\/form-data' target='gform_ajax_frame_19' id='gform_19'  action='\/es\/wp-json\/wp\/v2\/pages\/83092#gf_19'>\n                        <div class='gform_body'><ul id='gform_fields_19' class='gform_fields top_label form_sublabel_below description_below'><li id='field_19_6'  class='gfield field_sublabel_hidden_label field_description_below hidden_label gfield_visibility_visible' ><label class='gfield_label gfield_label_before_complex'  >Name<\/label><div class='ginput_complex ginput_container no_prefix has_first_name no_middle_name has_last_name no_suffix gf_name_has_2 ginput_container_name' id='input_19_6'>\n                            \n                            <span id='input_19_6_3_container' class='name_first' >\n                                                    <input type='text' name='input_6.3' id='input_19_6_3' value='' aria-label='Nombre'    aria-invalid=\"false\" placeholder='First name'\/>\n                                                    <label for='input_19_6_3' class='hidden_sub_label screen-reader-text'>Nombre<\/label>\n                                                <\/span>\n                            \n                            <span id='input_19_6_6_container' class='name_last' >\n                                                    <input type='text' name='input_6.6' id='input_19_6_6' value='' aria-label='Apellidos'    aria-invalid=\"false\" placeholder='Last name'\/>\n                                                    <label for='input_19_6_6' class='hidden_sub_label screen-reader-text'>Apellidos<\/label>\n                                                <\/span>\n                            \n                        <\/div><\/li><li id='field_19_7'  class='gfield field_sublabel_below field_description_below hidden_label gfield_visibility_visible' ><label class='gfield_label' for='input_19_7' >Email<\/label><div class='ginput_container ginput_container_email'>\n                            <input name='input_7' id='input_19_7' type='email' value='' class='large'   placeholder='Email'  aria-invalid=\"false\" aria-describedby=\"gfield_description_19_7\"\/>\n                        <\/div><div class='gfield_description' id='gfield_description_19_7'>(Gmail, Yahoo and Hotmail not accepted)<\/div><\/li><li id='field_19_8'  class='gfield field_sublabel_below field_description_below hidden_label gfield_visibility_visible' ><label class='gfield_label' for='input_19_8' >Phone<\/label><div class='ginput_container ginput_container_phone'><input name='input_8' id='input_19_8' type='tel' value='' class='large'  placeholder='Phone'  aria-invalid=\"false\"  \/><\/div><\/li><li id='field_19_11'  class='gfield field_sublabel_below field_description_below gfield_visibility_visible' ><label class='gfield_label' for='input_19_11' >CAPTCHA<\/label><div id='input_19_11' class='ginput_container ginput_recaptcha' data-sitekey='6LeinokUAAAAACji4q4E4GrE7NLqPUOuU_x8h9FJ'  data-theme='light' data-tabindex='0'  data-badge=''><\/div><\/li>\n                            <\/ul><\/div>\n        <div class='gform_footer top_label'> <input type='submit' id='gform_submit_button_19' class='gform_button button ' value='Download File'  onclick='if(window[\"gf_submitting_19\"]){return false;}  if( !jQuery(\"#gform_19\")[0].checkValidity || jQuery(\"#gform_19\")[0].checkValidity()){window[\"gf_submitting_19\"]=true;}  ' onkeypress='if( event.keyCode == 13 ){ if(window[\"gf_submitting_19\"]){return false;} if( !jQuery(\"#gform_19\")[0].checkValidity || jQuery(\"#gform_19\")[0].checkValidity()){window[\"gf_submitting_19\"]=true;}  jQuery(\"#gform_19\").trigger(\"submit\",[true]); }' \/> <input type='hidden' name='gform_ajax' value='form_id=19&amp;title=&amp;description=&amp;tabindex=0' \/>\n            <input type='hidden' class='gform_hidden' name='is_submit_19' value='1' \/>\n            <input type='hidden' class='gform_hidden' name='gform_submit' value='19' \/>\n            \n            <input type='hidden' class='gform_hidden' name='gform_unique_id' value='' \/>\n            <input type='hidden' class='gform_hidden' name='state_19' value='WyJbXSIsIjJiOTI1NTVhNzdjMWI0MzVlM2Y3OGVlYzUxMDVkOTYxIl0=' \/>\n            <input type='hidden' class='gform_hidden' name='gform_target_page_number_19' id='gform_target_page_number_19' value='0' \/>\n            <input type='hidden' class='gform_hidden' name='gform_source_page_number_19' id='gform_source_page_number_19' value='1' \/>\n            <input type='hidden' name='gform_field_values' value='' \/>\n            \n        <\/div>\n                        <\/form>\n                        <\/div>\n                <iframe style='display:none;width:0px;height:0px;' src='about:blank' name='gform_ajax_frame_19' id='gform_ajax_frame_19' title='Este iframe contiene la l\u00f3gica necesaria para gestionar formularios con ajax activado.'><\/iframe>\n                <script type='text\/javascript'>jQuery(document).ready(function($){gformInitSpinner( 19, 'https:\/\/sharearchiver.com\/wp-content\/plugins\/gravityforms--\/images\/spinner.gif' );jQuery('#gform_ajax_frame_19').on('load',function(){var contents = jQuery(this).contents().find('*').html();var is_postback = contents.indexOf('GF_AJAX_POSTBACK') >= 0;if(!is_postback){return;}var form_content = jQuery(this).contents().find('#gform_wrapper_19');var is_confirmation = jQuery(this).contents().find('#gform_confirmation_wrapper_19').length > 0;var is_redirect = contents.indexOf('gformRedirect(){') >= 0;var is_form = form_content.length > 0 && ! is_redirect && ! is_confirmation;var mt = parseInt(jQuery('html').css('margin-top'), 10) + parseInt(jQuery('body').css('margin-top'), 10) + 100;if(is_form){jQuery('#gform_wrapper_19').html(form_content.html());if(form_content.hasClass('gform_validation_error')){jQuery('#gform_wrapper_19').addClass('gform_validation_error');} else {jQuery('#gform_wrapper_19').removeClass('gform_validation_error');}setTimeout( function() { \/* delay the scroll by 50 milliseconds to fix a bug in chrome *\/ jQuery(document).scrollTop(jQuery('#gform_wrapper_19').offset().top - mt); }, 50 );if(window['gformInitDatepicker']) {gformInitDatepicker();}if(window['gformInitPriceFields']) {gformInitPriceFields();}var current_page = jQuery('#gform_source_page_number_19').val();gformInitSpinner( 19, 'https:\/\/sharearchiver.com\/wp-content\/plugins\/gravityforms--\/images\/spinner.gif' );jQuery(document).trigger('gform_page_loaded', [19, current_page]);window['gf_submitting_19'] = false;}else if(!is_redirect){var confirmation_content = jQuery(this).contents().find('.GF_AJAX_POSTBACK').html();if(!confirmation_content){confirmation_content = contents;}setTimeout(function(){jQuery('#gform_wrapper_19').replaceWith(confirmation_content);jQuery(document).scrollTop(jQuery('#gf_19').offset().top - mt);jQuery(document).trigger('gform_confirmation_loaded', [19]);window['gf_submitting_19'] = false;}, 50);}else{jQuery('#gform_19').append(contents);if(window['gformRedirect']) {gformRedirect();}}jQuery(document).trigger('gform_post_render', [19, current_page]);} );} );<\/script><script type='text\/javascript'> jQuery(document).bind('gform_post_render', function(event, formId, currentPage){if(formId == 19) {if(typeof Placeholders != 'undefined'){\n                        Placeholders.enable();\n                    }jQuery('#input_19_8').mask('(999) 999-9999').bind('keypress', function(e){if(e.which == 13){jQuery(this).blur();} } );} } );jQuery(document).bind('gform_post_conditional_logic', function(event, formId, fields, isInit){} );<\/script><script type='text\/javascript'> jQuery(document).ready(function(){jQuery(document).trigger('gform_post_render', [19, 1]) } ); <\/script>\t\t\t\t<\/div>\n\t\t\t\t\t<\/div>\n\t\t<\/div>\n\t\t\t\t\t<\/div>\n\t\t<\/section>\n\t\t\t\t\t<\/div>\n\t\t<\/div>\n\t\t\t\t\t<\/div>\n\t\t<\/section>\n\t\t\t\t<section class=\"elementor-section elementor-top-section elementor-element elementor-element-4c494f7 elementor-section-boxed elementor-section-height-default elementor-section-height-default\" data-id=\"4c494f7\" data-element_type=\"section\" data-e-type=\"section\">\n\t\t\t\t\t\t<div class=\"elementor-container elementor-column-gap-default\">\n\t\t\t\t\t<div class=\"elementor-column elementor-col-100 elementor-top-column elementor-element elementor-element-031ae87\" data-id=\"031ae87\" data-element_type=\"column\" data-e-type=\"column\">\n\t\t\t<div class=\"elementor-widget-wrap elementor-element-populated\">\n\t\t\t\t\t\t<div class=\"elementor-element elementor-element-065f850 elementor-widget elementor-widget-text-editor\" data-id=\"065f850\" data-element_type=\"widget\" data-e-type=\"widget\" data-widget_type=\"text-editor.default\">\n\t\t\t\t\t\t\t\t\t<p><span>Programe una cita con un especialista en archivado de archivos para hablar sobre sus necesidades espec\u00edficas. Complete el formulario, ll\u00e1menos al (855) 927 2448 o env\u00edenos un correo electr\u00f3nico a<\/span><a href=\"mailto:sales@sharearchiver.com?subject=I%20would%20like%20a%20free%20trial%20of%20ShareArchiver\">sales@sharearchiver.com<\/a><span>.<\/span><\/p>\n\t\t\t\t\t\t\t\t<\/div>\n\t\t\t\t\t<\/div>\n\t\t<\/div>\n\t\t\t\t\t<\/div>\n\t\t<\/section>\n\t\t\t\t<\/div>\n\t\t","protected":false},"excerpt":{"rendered":"<p>Descargar archivo Los costos de almacenamiento de datos siguen aumentando, pero los suyos no tienen por qu\u00e9 hacerlo. En promedio, el 80% de los datos corporativos son antiguos o no se utilizan. Deje de pagar una prima para almacenar archivos antiguos. Obtenga una demostraci\u00f3n gratuita de ShareArchiver hoy mismo para ver c\u00f3mo puede reducir significativamente [&hellip;]<\/p>\n","protected":false},"author":1,"featured_media":0,"parent":0,"menu_order":0,"comment_status":"closed","ping_status":"closed","template":"elementor_header_footer","meta":{"_acf_changed":false,"_glsr_average":0,"_glsr_ranking":0,"_glsr_reviews":0,"footnotes":""},"class_list":["post-83092","page","type-page","status-publish","hentry"],"acf":[],"yoast_head":"<!-- This site is optimized with the Yoast SEO Premium plugin v26.9 (Yoast SEO v27.5) - https:\/\/yoast.com\/product\/yoast-seo-premium-wordpress\/ -->\n<title>Data Storage and File Archiving Software - Request A Free Demo Now<\/title>\n<meta name=\"description\" content=\"Are you interested on our product? See ShareArchiver in action, with one of our Storage specialists. Schedule your free demo through filling up the form.\" \/>\n<meta name=\"robots\" content=\"index, follow, max-snippet:-1, max-image-preview:large, max-video-preview:-1\" \/>\n<link rel=\"canonical\" href=\"https:\/\/sharearchiver.com\/es\/download-file\/\" \/>\n<meta name=\"twitter:label1\" content=\"Tiempo de lectura\" \/>\n\t<meta name=\"twitter:data1\" content=\"1 minuto\" \/>\n<script type=\"application\/ld+json\" class=\"yoast-schema-graph\">{\"@context\":\"https:\\\/\\\/schema.org\",\"@graph\":[{\"@type\":\"WebPage\",\"@id\":\"https:\\\/\\\/sharearchiver.com\\\/es\\\/download-file\\\/\",\"url\":\"https:\\\/\\\/sharearchiver.com\\\/es\\\/download-file\\\/\",\"name\":\"Data Storage and File Archiving Software - Request A Free Demo Now\",\"isPartOf\":{\"@id\":\"https:\\\/\\\/sharearchiver.com\\\/es\\\/#website\"},\"datePublished\":\"2023-08-19T06:45:09+00:00\",\"dateModified\":\"2025-01-31T13:18:39+00:00\",\"description\":\"Are you interested on our product? See ShareArchiver in action, with one of our Storage specialists. Schedule your free demo through filling up the form.\",\"breadcrumb\":{\"@id\":\"https:\\\/\\\/sharearchiver.com\\\/es\\\/download-file\\\/#breadcrumb\"},\"inLanguage\":\"es\",\"potentialAction\":[{\"@type\":\"ReadAction\",\"target\":[\"https:\\\/\\\/sharearchiver.com\\\/es\\\/download-file\\\/\"]}]},{\"@type\":\"BreadcrumbList\",\"@id\":\"https:\\\/\\\/sharearchiver.com\\\/es\\\/download-file\\\/#breadcrumb\",\"itemListElement\":[{\"@type\":\"ListItem\",\"position\":1,\"name\":\"Home\",\"item\":\"https:\\\/\\\/sharearchiver.com\\\/es\\\/\"},{\"@type\":\"ListItem\",\"position\":2,\"name\":\"download\u00a0file\"}]},{\"@type\":\"WebSite\",\"@id\":\"https:\\\/\\\/sharearchiver.com\\\/es\\\/#website\",\"url\":\"https:\\\/\\\/sharearchiver.com\\\/es\\\/\",\"name\":\"ShareArchiver\",\"description\":\"Enterprise Data Archiving Without Disrupting User Workflows.\",\"publisher\":{\"@id\":\"https:\\\/\\\/sharearchiver.com\\\/es\\\/#organization\"},\"potentialAction\":[{\"@type\":\"SearchAction\",\"target\":{\"@type\":\"EntryPoint\",\"urlTemplate\":\"https:\\\/\\\/sharearchiver.com\\\/es\\\/?s={search_term_string}\"},\"query-input\":{\"@type\":\"PropertyValueSpecification\",\"valueRequired\":true,\"valueName\":\"search_term_string\"}}],\"inLanguage\":\"es\"},{\"@type\":\"Organization\",\"@id\":\"https:\\\/\\\/sharearchiver.com\\\/es\\\/#organization\",\"name\":\"ShareArchiver\",\"url\":\"https:\\\/\\\/sharearchiver.com\\\/es\\\/\",\"logo\":{\"@type\":\"ImageObject\",\"inLanguage\":\"es\",\"@id\":\"https:\\\/\\\/sharearchiver.com\\\/es\\\/#\\\/schema\\\/logo\\\/image\\\/\",\"url\":\"https:\\\/\\\/sharearchiver.com\\\/wp-content\\\/uploads\\\/2021\\\/10\\\/ShareArchiver.png\",\"contentUrl\":\"https:\\\/\\\/sharearchiver.com\\\/wp-content\\\/uploads\\\/2021\\\/10\\\/ShareArchiver.png\",\"width\":205,\"height\":45,\"caption\":\"ShareArchiver\"},\"image\":{\"@id\":\"https:\\\/\\\/sharearchiver.com\\\/es\\\/#\\\/schema\\\/logo\\\/image\\\/\"},\"sameAs\":[\"https:\\\/\\\/www.facebook.com\\\/ShareArchiverOfficial\\\/\",\"https:\\\/\\\/www.linkedin.com\\\/company\\\/sharearchiver\\\/\",\"https:\\\/\\\/www.youtube.com\\\/@ShareArchiverINCMississauga\"],\"description\":\"ShareArchiver provides enterprise data archiving solutions that reduce storage costs and preserve long-term access to data without disrupting user workflows across on-premises and cloud environments.\",\"email\":\"info@sharearchiver.com\",\"telephone\":\"1 855 927 2448\"}]}<\/script>\n<!-- \/ Yoast SEO Premium plugin. -->","yoast_head_json":{"title":"Data Storage and File Archiving Software - Request A Free Demo Now","description":"Are you interested on our product? See ShareArchiver in action, with one of our Storage specialists. Schedule your free demo through filling up the form.","robots":{"index":"index","follow":"follow","max-snippet":"max-snippet:-1","max-image-preview":"max-image-preview:large","max-video-preview":"max-video-preview:-1"},"canonical":"https:\/\/sharearchiver.com\/es\/download-file\/","twitter_misc":{"Tiempo de lectura":"1 minuto"},"schema":{"@context":"https:\/\/schema.org","@graph":[{"@type":"WebPage","@id":"https:\/\/sharearchiver.com\/es\/download-file\/","url":"https:\/\/sharearchiver.com\/es\/download-file\/","name":"Data Storage and File Archiving Software - Request A Free Demo Now","isPartOf":{"@id":"https:\/\/sharearchiver.com\/es\/#website"},"datePublished":"2023-08-19T06:45:09+00:00","dateModified":"2025-01-31T13:18:39+00:00","description":"Are you interested on our product? See ShareArchiver in action, with one of our Storage specialists. Schedule your free demo through filling up the form.","breadcrumb":{"@id":"https:\/\/sharearchiver.com\/es\/download-file\/#breadcrumb"},"inLanguage":"es","potentialAction":[{"@type":"ReadAction","target":["https:\/\/sharearchiver.com\/es\/download-file\/"]}]},{"@type":"BreadcrumbList","@id":"https:\/\/sharearchiver.com\/es\/download-file\/#breadcrumb","itemListElement":[{"@type":"ListItem","position":1,"name":"Home","item":"https:\/\/sharearchiver.com\/es\/"},{"@type":"ListItem","position":2,"name":"download\u00a0file"}]},{"@type":"WebSite","@id":"https:\/\/sharearchiver.com\/es\/#website","url":"https:\/\/sharearchiver.com\/es\/","name":"ShareArchiver","description":"Enterprise Data Archiving Without Disrupting User Workflows.","publisher":{"@id":"https:\/\/sharearchiver.com\/es\/#organization"},"potentialAction":[{"@type":"SearchAction","target":{"@type":"EntryPoint","urlTemplate":"https:\/\/sharearchiver.com\/es\/?s={search_term_string}"},"query-input":{"@type":"PropertyValueSpecification","valueRequired":true,"valueName":"search_term_string"}}],"inLanguage":"es"},{"@type":"Organization","@id":"https:\/\/sharearchiver.com\/es\/#organization","name":"ShareArchiver","url":"https:\/\/sharearchiver.com\/es\/","logo":{"@type":"ImageObject","inLanguage":"es","@id":"https:\/\/sharearchiver.com\/es\/#\/schema\/logo\/image\/","url":"https:\/\/sharearchiver.com\/wp-content\/uploads\/2021\/10\/ShareArchiver.png","contentUrl":"https:\/\/sharearchiver.com\/wp-content\/uploads\/2021\/10\/ShareArchiver.png","width":205,"height":45,"caption":"ShareArchiver"},"image":{"@id":"https:\/\/sharearchiver.com\/es\/#\/schema\/logo\/image\/"},"sameAs":["https:\/\/www.facebook.com\/ShareArchiverOfficial\/","https:\/\/www.linkedin.com\/company\/sharearchiver\/","https:\/\/www.youtube.com\/@ShareArchiverINCMississauga"],"description":"ShareArchiver provides enterprise data archiving solutions that reduce storage costs and preserve long-term access to data without disrupting user workflows across on-premises and cloud environments.","email":"info@sharearchiver.com","telephone":"1 855 927 2448"}]}},"_links":{"self":[{"href":"https:\/\/sharearchiver.com\/es\/wp-json\/wp\/v2\/pages\/83092","targetHints":{"allow":["GET"]}}],"collection":[{"href":"https:\/\/sharearchiver.com\/es\/wp-json\/wp\/v2\/pages"}],"about":[{"href":"https:\/\/sharearchiver.com\/es\/wp-json\/wp\/v2\/types\/page"}],"author":[{"embeddable":true,"href":"https:\/\/sharearchiver.com\/es\/wp-json\/wp\/v2\/users\/1"}],"replies":[{"embeddable":true,"href":"https:\/\/sharearchiver.com\/es\/wp-json\/wp\/v2\/comments?post=83092"}],"version-history":[{"count":0,"href":"https:\/\/sharearchiver.com\/es\/wp-json\/wp\/v2\/pages\/83092\/revisions"}],"wp:attachment":[{"href":"https:\/\/sharearchiver.com\/es\/wp-json\/wp\/v2\/media?parent=83092"}],"curies":[{"name":"wp","href":"https:\/\/api.w.org\/{rel}","templated":true}]}}