{"id":88011,"date":"2025-09-29T14:15:26","date_gmt":"2025-09-29T14:15:26","guid":{"rendered":"https:\/\/sharearchiver.com\/terms-and-conditions\/"},"modified":"2025-10-17T07:36:20","modified_gmt":"2025-10-17T07:36:20","slug":"terms-and-conditions","status":"publish","type":"page","link":"https:\/\/sharearchiver.com\/de\/terms-and-conditions\/","title":{"rendered":"Terms and Conditions"},"content":{"rendered":"\t\t<div data-elementor-type=\"wp-page\" data-elementor-id=\"88011\" class=\"elementor elementor-88011 elementor-87935\" data-elementor-post-type=\"page\">\n\t\t\t\t<div class=\"elementor-element elementor-element-a263e31 e-con-full banner e-flex e-con e-parent\" data-id=\"a263e31\" data-element_type=\"container\" data-e-type=\"container\" data-settings=\"{&quot;background_background&quot;:&quot;classic&quot;}\">\n\t\t<div class=\"elementor-element elementor-element-c6b1c91 e-flex e-con-boxed e-con e-child\" data-id=\"c6b1c91\" data-element_type=\"container\" data-e-type=\"container\">\n\t\t\t\t\t<div class=\"e-con-inner\">\n\t\t<div class=\"elementor-element elementor-element-aa81259 e-con-full e-flex e-con e-child\" data-id=\"aa81259\" data-element_type=\"container\" data-e-type=\"container\">\n\t\t\t\t<div class=\"elementor-element elementor-element-e13d871 elementor-widget elementor-widget-heading\" data-id=\"e13d871\" data-element_type=\"widget\" data-e-type=\"widget\" data-widget_type=\"heading.default\">\n\t\t\t\t\t<h1 class=\"elementor-heading-title elementor-size-default\">Gesch\u00e4ftsbedingungen <\/h1>\t\t\t\t<\/div>\n\t\t\t\t<\/div>\n\t\t<div class=\"elementor-element elementor-element-a987cfc e-con-full e-flex e-con e-child\" data-id=\"a987cfc\" data-element_type=\"container\" data-e-type=\"container\">\n\t\t\t\t<\/div>\n\t\t\t\t\t<\/div>\n\t\t\t\t<\/div>\n\t\t\t\t<\/div>\n\t\t<div class=\"elementor-element elementor-element-1ed8cf0 e-con-full e-flex e-con e-parent\" data-id=\"1ed8cf0\" data-element_type=\"container\" data-e-type=\"container\">\n\t\t<div class=\"elementor-element elementor-element-2877ac7 e-flex e-con-boxed e-con e-child\" data-id=\"2877ac7\" data-element_type=\"container\" data-e-type=\"container\">\n\t\t\t\t\t<div class=\"e-con-inner\">\n\t\t\t\t<div class=\"elementor-element elementor-element-22f7f82 elementor-widget elementor-widget-heading\" data-id=\"22f7f82\" data-element_type=\"widget\" data-e-type=\"widget\" data-widget_type=\"heading.default\">\n\t\t\t\t\t<h2 class=\"elementor-heading-title elementor-size-default\">1. Annahme der Bedingungen<\/h2>\t\t\t\t<\/div>\n\t\t\t\t<div class=\"elementor-element elementor-element-5544bcb elementor-widget__width-initial elementor-widget elementor-widget-text-editor\" data-id=\"5544bcb\" data-element_type=\"widget\" data-e-type=\"widget\" data-widget_type=\"text-editor.default\">\n\t\t\t\t\t\t\t\t\t<p>Durch den Zugriff auf ShareArchiver.com oder unsere Softwarel\u00f6sungen erkl\u00e4ren Sie sich mit diesen Allgemeinen Gesch\u00e4ftsbedingungen einverstanden. Wenn Sie nicht einverstanden sind, d\u00fcrfen Sie unsere Dienste nicht nutzen. <\/p>\t\t\t\t\t\t\t\t<\/div>\n\t\t\t\t<div class=\"elementor-element elementor-element-bf93139 elementor-widget elementor-widget-heading\" data-id=\"bf93139\" data-element_type=\"widget\" data-e-type=\"widget\" data-widget_type=\"heading.default\">\n\t\t\t\t\t<h2 class=\"elementor-heading-title elementor-size-default\">2. Erbrachte Leistungen<\/h2>\t\t\t\t<\/div>\n\t\t\t\t<div class=\"elementor-element elementor-element-a2390f9 elementor-widget__width-initial elementor-widget elementor-widget-text-editor\" data-id=\"a2390f9\" data-element_type=\"widget\" data-e-type=\"widget\" data-widget_type=\"text-editor.default\">\n\t\t\t\t\t\t\t\t\t<p>ShareArchiver bietet Datenverwaltungsl\u00f6sungen, einschlie\u00dflich, aber nicht beschr\u00e4nkt auf Software zur Archivierung, Compliance und Speicheroptimierung.<\/p>\t\t\t\t\t\t\t\t<\/div>\n\t\t\t\t<div class=\"elementor-element elementor-element-194effb elementor-widget elementor-widget-heading\" data-id=\"194effb\" data-element_type=\"widget\" data-e-type=\"widget\" data-widget_type=\"heading.default\">\n\t\t\t\t\t<h2 class=\"elementor-heading-title elementor-size-default\">3. Teilnahmeberechtigung<\/h2>\t\t\t\t<\/div>\n\t\t\t\t<div class=\"elementor-element elementor-element-cc0d34e elementor-widget__width-initial elementor-widget elementor-widget-text-editor\" data-id=\"cc0d34e\" data-element_type=\"widget\" data-e-type=\"widget\" data-widget_type=\"text-editor.default\">\n\t\t\t\t\t\t\t\t\t<p><em>Sie m\u00fcssen mindestens 18 Jahre alt sein (oder das Alter der Vollj\u00e4hrigkeit in Ihrer Gerichtsbarkeit erreicht haben), um unsere Dienste nutzen zu k\u00f6nnen.<\/em><\/p>\t\t\t\t\t\t\t\t<\/div>\n\t\t\t\t<div class=\"elementor-element elementor-element-f841ec5 elementor-widget elementor-widget-heading\" data-id=\"f841ec5\" data-element_type=\"widget\" data-e-type=\"widget\" data-widget_type=\"heading.default\">\n\t\t\t\t\t<h2 class=\"elementor-heading-title elementor-size-default\">4. Kontoverantwortlichkeiten<\/h2>\t\t\t\t<\/div>\n\t\t\t\t<div class=\"elementor-element elementor-element-440b00e elementor-widget__width-initial elementor-widget elementor-widget-text-editor\" data-id=\"440b00e\" data-element_type=\"widget\" data-e-type=\"widget\" data-widget_type=\"text-editor.default\">\n\t\t\t\t\t\t\t\t\t<ul><li>Sie sind f\u00fcr die Sicherung Ihrer Kontoanmeldeinformationen verantwortlich.<\/li><li>Sie verpflichten sich, genaue und aktuelle Informationen bereitzustellen.<\/li><li>Sie \u00fcbernehmen die Verantwortung f\u00fcr alle Aktivit\u00e4ten unter Ihrem Konto.<\/li><\/ul>\t\t\t\t\t\t\t\t<\/div>\n\t\t\t\t<div class=\"elementor-element elementor-element-c7e3bef elementor-widget elementor-widget-heading\" data-id=\"c7e3bef\" data-element_type=\"widget\" data-e-type=\"widget\" data-widget_type=\"heading.default\">\n\t\t\t\t\t<h2 class=\"elementor-heading-title elementor-size-default\">5. Lizenz und Einschr\u00e4nkungen<\/h2>\t\t\t\t<\/div>\n\t\t\t\t<div class=\"elementor-element elementor-element-d42532a elementor-widget__width-initial elementor-widget elementor-widget-text-editor\" data-id=\"d42532a\" data-element_type=\"widget\" data-e-type=\"widget\" data-widget_type=\"text-editor.default\">\n\t\t\t\t\t\t\t\t\t<ul><li>ShareArchiver gew\u00e4hrt Ihnen eine eingeschr\u00e4nkte, nicht exklusive und nicht \u00fcbertragbare Lizenz zur Nutzung unserer Software.<\/li><li>Sie d\u00fcrfen unsere Produkte nicht zur\u00fcckentwickeln, weiterverkaufen, modifizieren oder vertreiben.<\/li><li>Eine unbefugte Nutzung kann zur Sperrung oder K\u00fcndigung des Kontos f\u00fchren.<\/li><\/ul>\t\t\t\t\t\t\t\t<\/div>\n\t\t\t\t<div class=\"elementor-element elementor-element-ac1ec17 elementor-widget elementor-widget-heading\" data-id=\"ac1ec17\" data-element_type=\"widget\" data-e-type=\"widget\" data-widget_type=\"heading.default\">\n\t\t\t\t\t<h2 class=\"elementor-heading-title elementor-size-default\">6. Zahlungs- und R\u00fcckerstattungsbedingungen<\/h2>\t\t\t\t<\/div>\n\t\t\t\t<div class=\"elementor-element elementor-element-83b6a7f elementor-widget__width-initial elementor-widget elementor-widget-text-editor\" data-id=\"83b6a7f\" data-element_type=\"widget\" data-e-type=\"widget\" data-widget_type=\"text-editor.default\">\n\t\t\t\t\t\t\t\t\t<ul><li>Alle Rechnungen sind innerhalb von <strong>30<\/strong> Tagen netto ab Rechnungsdatum zahlbar.<\/li><li>R\u00fcckerstattungsantr\u00e4ge werden innerhalb von <strong>30<\/strong> Tagen nach dem Kauf bearbeitet.<\/li><li>Nach 30 Tagen sind Zahlungen nicht erstattungsf\u00e4hig, sofern dies nicht gesetzlich vorgeschrieben ist.<\/li><li>Bei Nichtzahlung kann es zur Aussetzung der Dienste kommen.<\/li><\/ul>\t\t\t\t\t\t\t\t<\/div>\n\t\t\t\t<div class=\"elementor-element elementor-element-117e167 elementor-widget elementor-widget-heading\" data-id=\"117e167\" data-element_type=\"widget\" data-e-type=\"widget\" data-widget_type=\"heading.default\">\n\t\t\t\t\t<h2 class=\"elementor-heading-title elementor-size-default\">7. Geistiges Eigentum<\/h2>\t\t\t\t<\/div>\n\t\t\t\t<div class=\"elementor-element elementor-element-5ae40f9 elementor-widget__width-initial elementor-widget elementor-widget-text-editor\" data-id=\"5ae40f9\" data-element_type=\"widget\" data-e-type=\"widget\" data-widget_type=\"text-editor.default\">\n\t\t\t\t\t\t\t\t\t<p>Alle von ShareArchiver bereitgestellten Inhalte, Software und Materialien bleiben geistiges Eigentum von ShareArchiver und sind durch geltende Urheber- und Markengesetze gesch\u00fctzt.<\/p>\t\t\t\t\t\t\t\t<\/div>\n\t\t\t\t<div class=\"elementor-element elementor-element-4126527 elementor-widget elementor-widget-heading\" data-id=\"4126527\" data-element_type=\"widget\" data-e-type=\"widget\" data-widget_type=\"heading.default\">\n\t\t\t\t\t<h2 class=\"elementor-heading-title elementor-size-default\">8. Dateneigentum und Verantwortung<\/h2>\t\t\t\t<\/div>\n\t\t\t\t<div class=\"elementor-element elementor-element-cc5a3d9 elementor-widget__width-initial elementor-widget elementor-widget-text-editor\" data-id=\"cc5a3d9\" data-element_type=\"widget\" data-e-type=\"widget\" data-widget_type=\"text-editor.default\">\n\t\t\t\t\t\t\t\t\t<ul><li>Sie behalten das Eigentum an allen in unsere Software hochgeladenen Daten.<\/li><li>ShareArchiver speichert oder verwaltet keine sensiblen pers\u00f6nlichen oder finanziellen Daten im Auftrag von Kunden.<\/li><li>Sie sind daf\u00fcr verantwortlich, bei der Nutzung unserer Dienste die Einhaltung lokaler, regionaler und internationaler Datenschutzbestimmungen sicherzustellen.<\/li><\/ul>\t\t\t\t\t\t\t\t<\/div>\n\t\t\t\t<div class=\"elementor-element elementor-element-2ed4b14 elementor-widget elementor-widget-heading\" data-id=\"2ed4b14\" data-element_type=\"widget\" data-e-type=\"widget\" data-widget_type=\"heading.default\">\n\t\t\t\t\t<h2 class=\"elementor-heading-title elementor-size-default\">9. Haftungsbeschr\u00e4nkung<\/h2>\t\t\t\t<\/div>\n\t\t\t\t<div class=\"elementor-element elementor-element-691da11 elementor-widget__width-initial elementor-widget elementor-widget-text-editor\" data-id=\"691da11\" data-element_type=\"widget\" data-e-type=\"widget\" data-widget_type=\"text-editor.default\">\n\t\t\t\t\t\t\t\t\t<ul><li>ShareArchiver haftet nicht f\u00fcr indirekte, zuf\u00e4llige oder Folgesch\u00e4den, die aus der Nutzung oder der Unm\u00f6glichkeit der Nutzung unserer Dienste entstehen.<\/li><li>Unsere Haftung ist auf den Betrag beschr\u00e4nkt, den Sie in den <strong>12 Monaten<\/strong> vor dem Anspruch an ShareArchiver gezahlt haben.<\/li><\/ul>\t\t\t\t\t\t\t\t<\/div>\n\t\t\t\t<div class=\"elementor-element elementor-element-01d9688 elementor-widget elementor-widget-heading\" data-id=\"01d9688\" data-element_type=\"widget\" data-e-type=\"widget\" data-widget_type=\"heading.default\">\n\t\t\t\t\t<h2 class=\"elementor-heading-title elementor-size-default\">10. Kundensupport und Service Level Agreement (SLA)<\/h2>\t\t\t\t<\/div>\n\t\t\t\t<div class=\"elementor-element elementor-element-e8de690 elementor-widget__width-initial elementor-widget elementor-widget-text-editor\" data-id=\"e8de690\" data-element_type=\"widget\" data-e-type=\"widget\" data-widget_type=\"text-editor.default\">\n\t\t\t\t\t\t\t\t\t<ul><li><strong>Support-Kan\u00e4le: <\/strong>Kunden k\u00f6nnen uns per E-Mail unter <strong>support@sharearchiver.com<\/strong> kontaktieren, wenn sie technische oder kontobezogene Unterst\u00fctzung ben\u00f6tigen.<\/li><li><strong>Reaktionszeiten:<\/strong> Unser Ziel ist es, Supportanfragen innerhalb <strong>eines Werktages<\/strong> zu best\u00e4tigen und je nach Komplexit\u00e4t des Problems innerhalb eines angemessenen Zeitrahmens L\u00f6sungen oder Updates bereitzustellen.<\/li><li><strong>Verf\u00fcgbarkeit: <\/strong>ShareArchiver ist bestrebt, f\u00fcr seine Dienste eine Verf\u00fcgbarkeit von <strong>99 %<\/strong> aufrechtzuerhalten, ausgenommen geplante Wartungsarbeiten, Ereignisse h\u00f6herer Gewalt oder Faktoren, die au\u00dferhalb unserer angemessenen Kontrolle liegen.<\/li><li><strong>Ausschl\u00fcsse: <\/strong>Das SLA gilt nicht f\u00fcr Ausfallzeiten, die durch Missbrauch durch den Kunden, nicht autorisierte \u00c4nderungen, Software von Drittanbietern oder Probleme mit der Internetverbindung au\u00dferhalb der Kontrolle von ShareArchiver verursacht werden.<\/li><\/ul>\t\t\t\t\t\t\t\t<\/div>\n\t\t\t\t<div class=\"elementor-element elementor-element-bd02baa elementor-widget elementor-widget-heading\" data-id=\"bd02baa\" data-element_type=\"widget\" data-e-type=\"widget\" data-widget_type=\"heading.default\">\n\t\t\t\t\t<h2 class=\"elementor-heading-title elementor-size-default\">11. Gew\u00e4hrleistungsausschluss<\/h2>\t\t\t\t<\/div>\n\t\t\t\t<div class=\"elementor-element elementor-element-d9dcef1 elementor-widget__width-initial elementor-widget elementor-widget-text-editor\" data-id=\"d9dcef1\" data-element_type=\"widget\" data-e-type=\"widget\" data-widget_type=\"text-editor.default\">\n\t\t\t\t\t\t\t\t\t<ul><li>Unsere Dienste werden <strong>\u201ewie besehen\u201c und \u201ewie verf\u00fcgbar\u201c<\/strong> ohne jegliche ausdr\u00fcckliche oder stillschweigende Garantien bereitgestellt.<\/li><li>Wir garantieren nicht, dass unsere Dienste Ihren spezifischen Anforderungen entsprechen oder ununterbrochen, fehlerfrei oder sicher funktionieren.<\/li><\/ul>\t\t\t\t\t\t\t\t<\/div>\n\t\t\t\t<div class=\"elementor-element elementor-element-0f0d7ef elementor-widget elementor-widget-heading\" data-id=\"0f0d7ef\" data-element_type=\"widget\" data-e-type=\"widget\" data-widget_type=\"heading.default\">\n\t\t\t\t\t<h2 class=\"elementor-heading-title elementor-size-default\">12. K\u00fcndigung<\/h2>\t\t\t\t<\/div>\n\t\t\t\t<div class=\"elementor-element elementor-element-5b721b5 elementor-widget__width-initial elementor-widget elementor-widget-text-editor\" data-id=\"5b721b5\" data-element_type=\"widget\" data-e-type=\"widget\" data-widget_type=\"text-editor.default\">\n\t\t\t\t\t\t\t\t\t<ul><li><p>Wir behalten uns das Recht vor, Ihr Konto bei Verst\u00f6\u00dfen gegen diese Bedingungen zu sperren oder zu k\u00fcndigen. Sie k\u00f6nnen Ihr Konto jederzeit k\u00fcndigen, indem Sie uns kontaktieren. <\/p><\/li><\/ul>\t\t\t\t\t\t\t\t<\/div>\n\t\t\t\t<div class=\"elementor-element elementor-element-7dfea6b elementor-widget elementor-widget-heading\" data-id=\"7dfea6b\" data-element_type=\"widget\" data-e-type=\"widget\" data-widget_type=\"heading.default\">\n\t\t\t\t\t<h2 class=\"elementor-heading-title elementor-size-default\">13. Geltendes Recht<\/h2>\t\t\t\t<\/div>\n\t\t\t\t<div class=\"elementor-element elementor-element-b0333a0 elementor-widget__width-initial elementor-widget elementor-widget-text-editor\" data-id=\"b0333a0\" data-element_type=\"widget\" data-e-type=\"widget\" data-widget_type=\"text-editor.default\">\n\t\t\t\t\t\t\t\t\t<ul><li><p>Diese Bedingungen unterliegen den Gesetzen von <strong>Ontario, Kanada,<\/strong> und werden in \u00dcbereinstimmung mit diesen ausgelegt, ohne R\u00fccksicht auf Kollisionsnormen.<\/p><\/li><\/ul>\t\t\t\t\t\t\t\t<\/div>\n\t\t\t\t<div class=\"elementor-element elementor-element-39acc84 elementor-widget elementor-widget-heading\" data-id=\"39acc84\" data-element_type=\"widget\" data-e-type=\"widget\" data-widget_type=\"heading.default\">\n\t\t\t\t\t<h2 class=\"elementor-heading-title elementor-size-default\">14. \u00c4nderungen der Bedingungen<\/h2>\t\t\t\t<\/div>\n\t\t\t\t<div class=\"elementor-element elementor-element-6c5fd18 elementor-widget__width-initial elementor-widget elementor-widget-text-editor\" data-id=\"6c5fd18\" data-element_type=\"widget\" data-e-type=\"widget\" data-widget_type=\"text-editor.default\">\n\t\t\t\t\t\t\t\t\t<ul><li><p>Wir behalten uns das Recht vor, diese Allgemeinen Gesch\u00e4ftsbedingungen jederzeit zu aktualisieren. Die fortgesetzte Nutzung unserer Dienste nach Aktualisierungen gilt als Zustimmung zu den \u00fcberarbeiteten Bedingungen. <\/p><\/li><\/ul>\t\t\t\t\t\t\t\t<\/div>\n\t\t\t\t<div class=\"elementor-element elementor-element-7f31f21 elementor-widget elementor-widget-heading\" data-id=\"7f31f21\" data-element_type=\"widget\" data-e-type=\"widget\" data-widget_type=\"heading.default\">\n\t\t\t\t\t<h2 class=\"elementor-heading-title elementor-size-default\">15. Kontaktinformationen<\/h2>\t\t\t\t<\/div>\n\t\t\t\t<div class=\"elementor-element elementor-element-74f7dd7 elementor-widget__width-initial elementor-widget elementor-widget-text-editor\" data-id=\"74f7dd7\" data-element_type=\"widget\" data-e-type=\"widget\" data-widget_type=\"text-editor.default\">\n\t\t\t\t\t\t\t\t\t<ul><li><p>Bei Fragen zu diesen Bedingungen kontaktieren Sie uns unter:<\/p><p><strong>E-Mail:<\/strong> support@sharearchiver.com<\/p><\/li><li><p><strong>Adresse:<\/strong><\/p><p>ShareArchiver INC<\/p><p>700-2425 Matheson Blvd E<\/p><p>Mississauga, Ontario, Kanada<\/p><p>L4W 5K4<\/p><\/li><\/ul>\t\t\t\t\t\t\t\t<\/div>\n\t\t\t\t\t<\/div>\n\t\t\t\t<\/div>\n\t\t\t\t<\/div>\n\t\t\t\t<\/div>\n\t\t","protected":false},"excerpt":{"rendered":"<p>Gesch\u00e4ftsbedingungen 1. Annahme der Bedingungen Durch den Zugriff auf ShareArchiver.com oder unsere Softwarel\u00f6sungen erkl\u00e4ren Sie sich mit diesen Allgemeinen Gesch\u00e4ftsbedingungen einverstanden. Wenn Sie nicht einverstanden sind, d\u00fcrfen Sie unsere Dienste nicht nutzen. 2. Erbrachte Leistungen ShareArchiver bietet Datenverwaltungsl\u00f6sungen, einschlie\u00dflich, aber nicht beschr\u00e4nkt auf Software zur Archivierung, Compliance und Speicheroptimierung. 3. Teilnahmeberechtigung Sie m\u00fcssen mindestens 18 [&hellip;]<\/p>\n","protected":false},"author":12,"featured_media":0,"parent":0,"menu_order":0,"comment_status":"closed","ping_status":"closed","template":"","meta":{"_acf_changed":false,"_glsr_average":0,"_glsr_ranking":0,"_glsr_reviews":0,"footnotes":""},"class_list":["post-88011","page","type-page","status-publish","hentry"],"acf":[],"yoast_head":"<!-- This site is optimized with the Yoast SEO Premium plugin v26.9 (Yoast SEO v27.6) - https:\/\/yoast.com\/product\/yoast-seo-premium-wordpress\/ -->\n<title>ShareArchiver Allgemeine Gesch\u00e4ftsbedingungen (AGB)<\/title>\n<meta name=\"description\" content=\"Lesen Sie die Allgemeinen Gesch\u00e4ftsbedingungen (AGB) f\u00fcr die Nutzung der ShareArchiver-Dienste. Verstehen Sie Ihre Rechte und Pflichten.\" \/>\n<meta name=\"robots\" content=\"index, follow, max-snippet:-1, max-image-preview:large, max-video-preview:-1\" \/>\n<link rel=\"canonical\" href=\"https:\/\/sharearchiver.com\/de\/terms-and-conditions\/\" \/>\n<meta name=\"twitter:label1\" content=\"Gesch\u00e4tzte Lesezeit\" \/>\n\t<meta name=\"twitter:data1\" content=\"3\u00a0Minuten\" \/>\n<script type=\"application\/ld+json\" class=\"yoast-schema-graph\">{\"@context\":\"https:\\\/\\\/schema.org\",\"@graph\":[{\"@type\":\"WebPage\",\"@id\":\"https:\\\/\\\/sharearchiver.com\\\/de\\\/terms-and-conditions\\\/\",\"url\":\"https:\\\/\\\/sharearchiver.com\\\/de\\\/terms-and-conditions\\\/\",\"name\":\"ShareArchiver Allgemeine Gesch\u00e4ftsbedingungen (AGB)\",\"isPartOf\":{\"@id\":\"https:\\\/\\\/sharearchiver.com\\\/de\\\/#website\"},\"datePublished\":\"2025-09-29T14:15:26+00:00\",\"dateModified\":\"2025-10-17T07:36:20+00:00\",\"description\":\"Lesen Sie die Allgemeinen Gesch\u00e4ftsbedingungen (AGB) f\u00fcr die Nutzung der ShareArchiver-Dienste. Verstehen Sie Ihre Rechte und Pflichten.\",\"breadcrumb\":{\"@id\":\"https:\\\/\\\/sharearchiver.com\\\/de\\\/terms-and-conditions\\\/#breadcrumb\"},\"inLanguage\":\"de\",\"potentialAction\":[{\"@type\":\"ReadAction\",\"target\":[\"https:\\\/\\\/sharearchiver.com\\\/de\\\/terms-and-conditions\\\/\"]}]},{\"@type\":\"BreadcrumbList\",\"@id\":\"https:\\\/\\\/sharearchiver.com\\\/de\\\/terms-and-conditions\\\/#breadcrumb\",\"itemListElement\":[{\"@type\":\"ListItem\",\"position\":1,\"name\":\"Home\",\"item\":\"https:\\\/\\\/sharearchiver.com\\\/de\\\/\"},{\"@type\":\"ListItem\",\"position\":2,\"name\":\"Terms and Conditions\"}]},{\"@type\":\"WebSite\",\"@id\":\"https:\\\/\\\/sharearchiver.com\\\/de\\\/#website\",\"url\":\"https:\\\/\\\/sharearchiver.com\\\/de\\\/\",\"name\":\"ShareArchiver\",\"description\":\"Optimize Storage Without Changing User Workflows.\",\"publisher\":{\"@id\":\"https:\\\/\\\/sharearchiver.com\\\/de\\\/#organization\"},\"potentialAction\":[{\"@type\":\"SearchAction\",\"target\":{\"@type\":\"EntryPoint\",\"urlTemplate\":\"https:\\\/\\\/sharearchiver.com\\\/de\\\/?s={search_term_string}\"},\"query-input\":{\"@type\":\"PropertyValueSpecification\",\"valueRequired\":true,\"valueName\":\"search_term_string\"}}],\"inLanguage\":\"de\"},{\"@type\":\"Organization\",\"@id\":\"https:\\\/\\\/sharearchiver.com\\\/de\\\/#organization\",\"name\":\"ShareArchiver\",\"url\":\"https:\\\/\\\/sharearchiver.com\\\/de\\\/\",\"logo\":{\"@type\":\"ImageObject\",\"inLanguage\":\"de\",\"@id\":\"https:\\\/\\\/sharearchiver.com\\\/de\\\/#\\\/schema\\\/logo\\\/image\\\/\",\"url\":\"https:\\\/\\\/sharearchiver.com\\\/wp-content\\\/uploads\\\/2021\\\/10\\\/ShareArchiver.png\",\"contentUrl\":\"https:\\\/\\\/sharearchiver.com\\\/wp-content\\\/uploads\\\/2021\\\/10\\\/ShareArchiver.png\",\"width\":205,\"height\":45,\"caption\":\"ShareArchiver\"},\"image\":{\"@id\":\"https:\\\/\\\/sharearchiver.com\\\/de\\\/#\\\/schema\\\/logo\\\/image\\\/\"},\"sameAs\":[\"https:\\\/\\\/www.facebook.com\\\/ShareArchiverOfficial\\\/\",\"https:\\\/\\\/www.linkedin.com\\\/company\\\/sharearchiver\\\/\",\"https:\\\/\\\/www.youtube.com\\\/@ShareArchiverINCMississauga\"],\"description\":\"ShareArchiver provides enterprise data archiving solutions that reduce storage costs and preserve long-term access to data without disrupting user workflows across on-premises and cloud environments.\",\"email\":\"info@sharearchiver.com\",\"telephone\":\"1 855 927 2448\"}]}<\/script>\n<!-- \/ Yoast SEO Premium plugin. -->","yoast_head_json":{"title":"ShareArchiver Allgemeine Gesch\u00e4ftsbedingungen (AGB)","description":"Lesen Sie die Allgemeinen Gesch\u00e4ftsbedingungen (AGB) f\u00fcr die Nutzung der ShareArchiver-Dienste. Verstehen Sie Ihre Rechte und Pflichten.","robots":{"index":"index","follow":"follow","max-snippet":"max-snippet:-1","max-image-preview":"max-image-preview:large","max-video-preview":"max-video-preview:-1"},"canonical":"https:\/\/sharearchiver.com\/de\/terms-and-conditions\/","twitter_misc":{"Gesch\u00e4tzte Lesezeit":"3\u00a0Minuten"},"schema":{"@context":"https:\/\/schema.org","@graph":[{"@type":"WebPage","@id":"https:\/\/sharearchiver.com\/de\/terms-and-conditions\/","url":"https:\/\/sharearchiver.com\/de\/terms-and-conditions\/","name":"ShareArchiver Allgemeine Gesch\u00e4ftsbedingungen (AGB)","isPartOf":{"@id":"https:\/\/sharearchiver.com\/de\/#website"},"datePublished":"2025-09-29T14:15:26+00:00","dateModified":"2025-10-17T07:36:20+00:00","description":"Lesen Sie die Allgemeinen Gesch\u00e4ftsbedingungen (AGB) f\u00fcr die Nutzung der ShareArchiver-Dienste. Verstehen Sie Ihre Rechte und Pflichten.","breadcrumb":{"@id":"https:\/\/sharearchiver.com\/de\/terms-and-conditions\/#breadcrumb"},"inLanguage":"de","potentialAction":[{"@type":"ReadAction","target":["https:\/\/sharearchiver.com\/de\/terms-and-conditions\/"]}]},{"@type":"BreadcrumbList","@id":"https:\/\/sharearchiver.com\/de\/terms-and-conditions\/#breadcrumb","itemListElement":[{"@type":"ListItem","position":1,"name":"Home","item":"https:\/\/sharearchiver.com\/de\/"},{"@type":"ListItem","position":2,"name":"Terms and Conditions"}]},{"@type":"WebSite","@id":"https:\/\/sharearchiver.com\/de\/#website","url":"https:\/\/sharearchiver.com\/de\/","name":"ShareArchiver","description":"Optimize Storage Without Changing User Workflows.","publisher":{"@id":"https:\/\/sharearchiver.com\/de\/#organization"},"potentialAction":[{"@type":"SearchAction","target":{"@type":"EntryPoint","urlTemplate":"https:\/\/sharearchiver.com\/de\/?s={search_term_string}"},"query-input":{"@type":"PropertyValueSpecification","valueRequired":true,"valueName":"search_term_string"}}],"inLanguage":"de"},{"@type":"Organization","@id":"https:\/\/sharearchiver.com\/de\/#organization","name":"ShareArchiver","url":"https:\/\/sharearchiver.com\/de\/","logo":{"@type":"ImageObject","inLanguage":"de","@id":"https:\/\/sharearchiver.com\/de\/#\/schema\/logo\/image\/","url":"https:\/\/sharearchiver.com\/wp-content\/uploads\/2021\/10\/ShareArchiver.png","contentUrl":"https:\/\/sharearchiver.com\/wp-content\/uploads\/2021\/10\/ShareArchiver.png","width":205,"height":45,"caption":"ShareArchiver"},"image":{"@id":"https:\/\/sharearchiver.com\/de\/#\/schema\/logo\/image\/"},"sameAs":["https:\/\/www.facebook.com\/ShareArchiverOfficial\/","https:\/\/www.linkedin.com\/company\/sharearchiver\/","https:\/\/www.youtube.com\/@ShareArchiverINCMississauga"],"description":"ShareArchiver provides enterprise data archiving solutions that reduce storage costs and preserve long-term access to data without disrupting user workflows across on-premises and cloud environments.","email":"info@sharearchiver.com","telephone":"1 855 927 2448"}]}},"_links":{"self":[{"href":"https:\/\/sharearchiver.com\/de\/wp-json\/wp\/v2\/pages\/88011","targetHints":{"allow":["GET"]}}],"collection":[{"href":"https:\/\/sharearchiver.com\/de\/wp-json\/wp\/v2\/pages"}],"about":[{"href":"https:\/\/sharearchiver.com\/de\/wp-json\/wp\/v2\/types\/page"}],"author":[{"embeddable":true,"href":"https:\/\/sharearchiver.com\/de\/wp-json\/wp\/v2\/users\/12"}],"replies":[{"embeddable":true,"href":"https:\/\/sharearchiver.com\/de\/wp-json\/wp\/v2\/comments?post=88011"}],"version-history":[{"count":1,"href":"https:\/\/sharearchiver.com\/de\/wp-json\/wp\/v2\/pages\/88011\/revisions"}],"predecessor-version":[{"id":88097,"href":"https:\/\/sharearchiver.com\/de\/wp-json\/wp\/v2\/pages\/88011\/revisions\/88097"}],"wp:attachment":[{"href":"https:\/\/sharearchiver.com\/de\/wp-json\/wp\/v2\/media?parent=88011"}],"curies":[{"name":"wp","href":"https:\/\/api.w.org\/{rel}","templated":true}]}}