{"id":87994,"date":"2025-09-29T13:56:03","date_gmt":"2025-09-29T13:56:03","guid":{"rendered":"https:\/\/sharearchiver.com\/privacy-policy\/"},"modified":"2025-10-17T07:25:02","modified_gmt":"2025-10-17T07:25:02","slug":"privacy-policy","status":"publish","type":"page","link":"https:\/\/sharearchiver.com\/de\/privacy-policy\/","title":{"rendered":"Privacy Policy"},"content":{"rendered":"\t\t<div data-elementor-type=\"wp-page\" data-elementor-id=\"87994\" class=\"elementor elementor-87994 elementor-87916\" data-elementor-post-type=\"page\">\n\t\t\t\t<div class=\"elementor-element elementor-element-a5e45e8 e-con-full banner e-flex e-con e-parent\" data-id=\"a5e45e8\" data-element_type=\"container\" data-e-type=\"container\" data-settings=\"{&quot;background_background&quot;:&quot;classic&quot;}\">\n\t\t<div class=\"elementor-element elementor-element-f3c03a7 e-flex e-con-boxed e-con e-child\" data-id=\"f3c03a7\" data-element_type=\"container\" data-e-type=\"container\">\n\t\t\t\t\t<div class=\"e-con-inner\">\n\t\t<div class=\"elementor-element elementor-element-13bb368 e-con-full e-flex e-con e-child\" data-id=\"13bb368\" data-element_type=\"container\" data-e-type=\"container\">\n\t\t\t\t<div class=\"elementor-element elementor-element-7370692 elementor-widget elementor-widget-heading\" data-id=\"7370692\" data-element_type=\"widget\" data-e-type=\"widget\" data-widget_type=\"heading.default\">\n\t\t\t\t\t<h1 class=\"elementor-heading-title elementor-size-default\">Datenschutzrichtlinie <\/h1>\t\t\t\t<\/div>\n\t\t\t\t<\/div>\n\t\t<div class=\"elementor-element elementor-element-a047e03 e-con-full e-flex e-con e-child\" data-id=\"a047e03\" data-element_type=\"container\" data-e-type=\"container\">\n\t\t\t\t<\/div>\n\t\t\t\t\t<\/div>\n\t\t\t\t<\/div>\n\t\t\t\t<\/div>\n\t\t<div class=\"elementor-element elementor-element-d777750 e-con-full e-flex e-con e-parent\" data-id=\"d777750\" data-element_type=\"container\" data-e-type=\"container\">\n\t\t<div class=\"elementor-element elementor-element-a96223c e-flex e-con-boxed e-con e-child\" data-id=\"a96223c\" data-element_type=\"container\" data-e-type=\"container\">\n\t\t\t\t\t<div class=\"e-con-inner\">\n\t\t\t\t<div class=\"elementor-element elementor-element-96ea40a elementor-widget elementor-widget-heading\" data-id=\"96ea40a\" data-element_type=\"widget\" data-e-type=\"widget\" data-widget_type=\"heading.default\">\n\t\t\t\t\t<h2 class=\"elementor-heading-title elementor-size-default\">1. Einleitung<\/h2>\t\t\t\t<\/div>\n\t\t\t\t<div class=\"elementor-element elementor-element-e619615 elementor-widget__width-initial elementor-widget elementor-widget-text-editor\" data-id=\"e619615\" data-element_type=\"widget\" data-e-type=\"widget\" data-widget_type=\"text-editor.default\">\n\t\t\t\t\t\t\t\t\t<p>Bei ShareArchiver respektieren wir Ihre Privatsph\u00e4re und verpflichten uns, Ihre pers\u00f6nlichen Daten zu sch\u00fctzen. Diese Datenschutzrichtlinie erl\u00e4utert, wie wir Informationen sammeln, verwenden und sch\u00fctzen, wenn Sie unsere Website, Software und Dienste nutzen. <\/p><p>Mit dem Zugriff auf ShareArchiver.com oder der Nutzung stimmen Sie dieser Richtlinie zu. Sollten Sie nicht einverstanden sein, stellen Sie bitte die Nutzung unserer Dienste ein. <\/p>\t\t\t\t\t\t\t\t<\/div>\n\t\t\t\t<div class=\"elementor-element elementor-element-4948812 elementor-widget elementor-widget-heading\" data-id=\"4948812\" data-element_type=\"widget\" data-e-type=\"widget\" data-widget_type=\"heading.default\">\n\t\t\t\t\t<h2 class=\"elementor-heading-title elementor-size-default\">2. Von uns erfasste Informationen<\/h2>\t\t\t\t<\/div>\n\t\t\t\t<div class=\"elementor-element elementor-element-5a3e226 elementor-widget__width-initial elementor-widget elementor-widget-text-editor\" data-id=\"5a3e226\" data-element_type=\"widget\" data-e-type=\"widget\" data-widget_type=\"text-editor.default\">\n\t\t\t\t\t\t\t\t\t<p>Wir k\u00f6nnen die folgenden Informationen erfassen:<\/p><ul><li><strong>Pers\u00f6nliche Informationen:<\/strong> Name, gesch\u00e4ftliche E-Mail-Adresse, Telefonnummer, Firmenname und Kontoanmeldeinformationen.<\/li><li><strong>Nutzungsinformationen:<\/strong> IP-Adressen, Browsertyp, Ger\u00e4teinformationen und Aktivit\u00e4ten auf unserer Plattform.<\/li><li><strong>Servicedaten:<\/strong> Von Kunden hochgeladene Dateien und Daten zur Verarbeitung auf unserer Plattform. Wir erfassen oder speichern keine finanziellen oder sensiblen pers\u00f6nlichen Daten wie Gesundheitsdaten, Bankdaten oder Kreditkarteninformationen. <\/li><\/ul>\t\t\t\t\t\t\t\t<\/div>\n\t\t\t\t<div class=\"elementor-element elementor-element-3e40c82 elementor-widget elementor-widget-heading\" data-id=\"3e40c82\" data-element_type=\"widget\" data-e-type=\"widget\" data-widget_type=\"heading.default\">\n\t\t\t\t\t<h2 class=\"elementor-heading-title elementor-size-default\">3. Wie wir Informationen verwenden<\/h2>\t\t\t\t<\/div>\n\t\t\t\t<div class=\"elementor-element elementor-element-e219ba1 elementor-widget__width-initial elementor-widget elementor-widget-text-editor\" data-id=\"e219ba1\" data-element_type=\"widget\" data-e-type=\"widget\" data-widget_type=\"text-editor.default\">\n\t\t\t\t\t\t\t\t\t<p>Wir verwenden die gesammelten Informationen, um:<\/p><ul><li>Bereitstellung, Wartung und Verbesserung unserer Software und Dienste.<\/li><li>Kommunizieren Sie mit Ihnen bez\u00fcglich Produktaktualisierungen, Servicemitteilungen oder Supportanfragen.<\/li><li>Verarbeiten Sie Transaktionen und stellen Sie Abrechnungen aus.<\/li><li>Setzen Sie die Einhaltung unserer Allgemeinen Gesch\u00e4ftsbedingungen durch.<\/li><li>Erf\u00fcllen Sie gesetzliche und beh\u00f6rdliche Anforderungen.<\/li><\/ul>\t\t\t\t\t\t\t\t<\/div>\n\t\t\t\t<div class=\"elementor-element elementor-element-6e437dd elementor-widget elementor-widget-heading\" data-id=\"6e437dd\" data-element_type=\"widget\" data-e-type=\"widget\" data-widget_type=\"heading.default\">\n\t\t\t\t\t<h2 class=\"elementor-heading-title elementor-size-default\">4. Datenspeicherung<\/h2>\t\t\t\t<\/div>\n\t\t\t\t<div class=\"elementor-element elementor-element-c6bcf79 elementor-widget__width-initial elementor-widget elementor-widget-text-editor\" data-id=\"c6bcf79\" data-element_type=\"widget\" data-e-type=\"widget\" data-widget_type=\"text-editor.default\">\n\t\t\t\t\t\t\t\t\t<p>Wir speichern personenbezogene Daten nur so lange, wie es zur Erf\u00fcllung der in dieser Richtlinie beschriebenen Zwecke oder gem\u00e4\u00df kanadischem, US-amerikanischem oder europ\u00e4ischem Recht erforderlich ist. Sobald die Daten nicht mehr ben\u00f6tigt werden, werden sie sicher gel\u00f6scht oder anonymisiert. <\/p>\t\t\t\t\t\t\t\t<\/div>\n\t\t\t\t<div class=\"elementor-element elementor-element-764af15 elementor-widget elementor-widget-heading\" data-id=\"764af15\" data-element_type=\"widget\" data-e-type=\"widget\" data-widget_type=\"heading.default\">\n\t\t\t\t\t<h2 class=\"elementor-heading-title elementor-size-default\">5. Datensicherheit<\/h2>\t\t\t\t<\/div>\n\t\t\t\t<div class=\"elementor-element elementor-element-9cccfe2 elementor-widget__width-initial elementor-widget elementor-widget-text-editor\" data-id=\"9cccfe2\" data-element_type=\"widget\" data-e-type=\"widget\" data-widget_type=\"text-editor.default\">\n\t\t\t\t\t\t\t\t\t<p>Wir implementieren branchen\u00fcbliche Sicherheitsvorkehrungen, um Ihre Daten vor unbefugtem Zugriff, Nutzung oder Offenlegung zu sch\u00fctzen. Obwohl wir uns um maximalen Schutz bem\u00fchen, kann kein System 100 % Sicherheit garantieren. <\/p>\t\t\t\t\t\t\t\t<\/div>\n\t\t\t\t<div class=\"elementor-element elementor-element-afd9672 elementor-widget elementor-widget-heading\" data-id=\"afd9672\" data-element_type=\"widget\" data-e-type=\"widget\" data-widget_type=\"heading.default\">\n\t\t\t\t\t<h2 class=\"elementor-heading-title elementor-size-default\">6. Weitergabe von Informationen<\/h2>\t\t\t\t<\/div>\n\t\t\t\t<div class=\"elementor-element elementor-element-57070ad elementor-widget__width-initial elementor-widget elementor-widget-text-editor\" data-id=\"57070ad\" data-element_type=\"widget\" data-e-type=\"widget\" data-widget_type=\"text-editor.default\">\n\t\t\t\t\t\t\t\t\t<p>Wir verkaufen oder vermieten Ihre personenbezogenen Daten nicht. Wir geben Daten nur an folgende Personen weiter: <\/p><ul><li>Vertrauensw\u00fcrdige Drittanbieter, die uns bei der Bereitstellung unserer Dienste unterst\u00fctzen (z. B. Hosting, Abrechnung).<\/li><li>Aufsichtsbeh\u00f6rden oder Justizbeh\u00f6rden, falls gesetzlich vorgeschrieben.<\/li><li>Gesch\u00e4ftspartner im Falle von Fusionen, \u00dcbernahmen oder Unternehmensumstrukturierungen.<\/li><\/ul>\t\t\t\t\t\t\t\t<\/div>\n\t\t\t\t<div class=\"elementor-element elementor-element-2a5b0fe elementor-widget elementor-widget-heading\" data-id=\"2a5b0fe\" data-element_type=\"widget\" data-e-type=\"widget\" data-widget_type=\"heading.default\">\n\t\t\t\t\t<h2 class=\"elementor-heading-title elementor-size-default\">7. Ihre Rechte<\/h2>\t\t\t\t<\/div>\n\t\t\t\t<div class=\"elementor-element elementor-element-943b00a elementor-widget__width-initial elementor-widget elementor-widget-text-editor\" data-id=\"943b00a\" data-element_type=\"widget\" data-e-type=\"widget\" data-widget_type=\"text-editor.default\">\n\t\t\t\t\t\t\t\t\t<p><strong>Nach kanadischem Recht (PIPEDA)<\/strong><\/p><ul><li>Greifen Sie auf Ihre pers\u00f6nlichen Daten zu und fordern Sie eine Kopie davon an.<\/li><li>Fordern Sie Korrekturen oder Aktualisierungen Ihrer Daten an.<\/li><li>Widerruf der Einwilligung zur Verarbeitung, vorbehaltlich gesetzlicher oder vertraglicher Einschr\u00e4nkungen.<\/li><li><strong>Reichen Sie eine Beschwerde beim B\u00fcro des Datenschutzbeauftragten von Kanada ein.<\/strong><\/li><\/ul>\t\t\t\t\t\t\t\t<\/div>\n\t\t\t\t<div class=\"elementor-element elementor-element-783a932 elementor-widget__width-initial elementor-widget elementor-widget-text-editor\" data-id=\"783a932\" data-element_type=\"widget\" data-e-type=\"widget\" data-widget_type=\"text-editor.default\">\n\t\t\t\t\t\t\t\t\t<p><strong>Nach EU-\/UK-Recht (DSGVO\/UK-DSGVO)<\/strong><\/p><p>Wenn Sie sich in der Europ\u00e4ischen Union oder im Vereinigten K\u00f6nigreich befinden, haben Sie zus\u00e4tzliche Rechte:<\/p>\t\t\t\t\t\t\t\t<\/div>\n\t\t\t\t<div class=\"elementor-element elementor-element-c87adcc elementor-widget__width-initial elementor-widget elementor-widget-text-editor\" data-id=\"c87adcc\" data-element_type=\"widget\" data-e-type=\"widget\" data-widget_type=\"text-editor.default\">\n\t\t\t\t\t\t\t\t\t<ul><li>Recht auf Zugriff, Berichtigung und L\u00f6schung personenbezogener Daten.<\/li><li>Recht auf Einschr\u00e4nkung oder Widerspruch gegen die Verarbeitung.<\/li><li>Recht auf Daten\u00fcbertragbarkeit.<\/li><li>Recht auf jederzeitigen Widerruf der Einwilligung.<\/li><li>Recht, bei einer Datenschutzbeh\u00f6rde Beschwerde einzulegen.<\/li><\/ul>\t\t\t\t\t\t\t\t<\/div>\n\t\t\t\t<div class=\"elementor-element elementor-element-6ede603 elementor-widget__width-initial elementor-widget elementor-widget-text-editor\" data-id=\"6ede603\" data-element_type=\"widget\" data-e-type=\"widget\" data-widget_type=\"text-editor.default\">\n\t\t\t\t\t\t\t\t\t<p>Zu unseren Rechtsgrundlagen f\u00fcr die Verarbeitung Ihrer personenbezogenen Daten k\u00f6nnen geh\u00f6ren:<\/p><ul><li style=\"list-style-type: none;\"><ul><li>Erf\u00fcllung eines Vertrags.<\/li><li>Einhaltung einer gesetzlichen Verpflichtung.<\/li><li>Berechtigte Gesch\u00e4ftsinteressen.<\/li><li>Ihre Zustimmung.<\/li><\/ul><\/li><\/ul>\t\t\t\t\t\t\t\t<\/div>\n\t\t\t\t<div class=\"elementor-element elementor-element-d23fdc4 elementor-widget__width-initial elementor-widget elementor-widget-text-editor\" data-id=\"d23fdc4\" data-element_type=\"widget\" data-e-type=\"widget\" data-widget_type=\"text-editor.default\">\n\t\t\t\t\t\t\t\t\t<p><strong>Nach US-amerikanischem Recht (CCPA\/CPRA \u2013 Einwohner Kaliforniens)<\/strong><\/p>\t\t\t\t\t\t\t\t<\/div>\n\t\t\t\t<div class=\"elementor-element elementor-element-d89cf97 elementor-widget__width-initial elementor-widget elementor-widget-text-editor\" data-id=\"d89cf97\" data-element_type=\"widget\" data-e-type=\"widget\" data-widget_type=\"text-editor.default\">\n\t\t\t\t\t\t\t\t\t<p>Wenn Sie in Kalifornien ans\u00e4ssig sind, k\u00f6nnen Sie die folgenden Rechte aus\u00fcben:<\/p><ul><li>Fordern Sie die Offenlegung der Kategorien und spezifischen Teile der personenbezogenen Daten an, die wir \u00fcber Sie gesammelt haben.<\/li><li>Fordern Sie die L\u00f6schung personenbezogener Daten an, vorbehaltlich bestimmter Ausnahmen.<\/li><li>Fordern Sie uns auf, Ihre personenbezogenen Daten weder zu verkaufen noch weiterzugeben (ShareArchiver verkauft keine Daten).<\/li><li>Nichtdiskriminierung bei der Aus\u00fcbung dieser Rechte.<\/li><\/ul>\t\t\t\t\t\t\t\t<\/div>\n\t\t\t\t<div class=\"elementor-element elementor-element-dd490b9 elementor-widget elementor-widget-heading\" data-id=\"dd490b9\" data-element_type=\"widget\" data-e-type=\"widget\" data-widget_type=\"heading.default\">\n\t\t\t\t\t<h2 class=\"elementor-heading-title elementor-size-default\">8. Cookies und Tracking-Technologien<\/h2>\t\t\t\t<\/div>\n\t\t\t\t<div class=\"elementor-element elementor-element-00603e5 elementor-widget__width-initial elementor-widget elementor-widget-text-editor\" data-id=\"00603e5\" data-element_type=\"widget\" data-e-type=\"widget\" data-widget_type=\"text-editor.default\">\n\t\t\t\t\t\t\t\t\t<p>Wir verwenden Cookies und \u00e4hnliche Technologien, um Ihr Erlebnis zu verbessern und die Nutzung zu analysieren.<\/p><ul><li>F\u00fcr Benutzer aus der EU\/dem Vereinigten K\u00f6nigreich: Cookies werden nur mit Ihrer Zustimmung und in \u00dcbereinstimmung mit der DSGVO\/UK-DSGVO gesetzt.<\/li><li>F\u00fcr andere Regionen: Sie k\u00f6nnen Cookies \u00fcber Ihre Browsereinstellungen steuern.<\/li><\/ul>\t\t\t\t\t\t\t\t<\/div>\n\t\t\t\t<div class=\"elementor-element elementor-element-bb0a786 elementor-widget elementor-widget-heading\" data-id=\"bb0a786\" data-element_type=\"widget\" data-e-type=\"widget\" data-widget_type=\"heading.default\">\n\t\t\t\t\t<h2 class=\"elementor-heading-title elementor-size-default\">9. Internationale Daten\u00fcbertragungen<\/h2>\t\t\t\t<\/div>\n\t\t\t\t<div class=\"elementor-element elementor-element-8c1244c elementor-widget__width-initial elementor-widget elementor-widget-text-editor\" data-id=\"8c1244c\" data-element_type=\"widget\" data-e-type=\"widget\" data-widget_type=\"text-editor.default\">\n\t\t\t\t\t\t\t\t\t<p>Ihre Daten k\u00f6nnen au\u00dferhalb Ihres Wohnsitzlandes verarbeitet und gespeichert werden. F\u00fcr Einwohner der EU\/des Vereinigten K\u00f6nigreichs implementieren wir geeignete Sicherheitsvorkehrungen (z. B. <strong>Standardvertragsklauseln<\/strong>), um sicherzustellen, dass Ihre Daten bei internationalen \u00dcbertragungen gesch\u00fctzt bleiben. <\/p>\t\t\t\t\t\t\t\t<\/div>\n\t\t\t\t<div class=\"elementor-element elementor-element-1eee83c elementor-widget elementor-widget-heading\" data-id=\"1eee83c\" data-element_type=\"widget\" data-e-type=\"widget\" data-widget_type=\"heading.default\">\n\t\t\t\t\t<h2 class=\"elementor-heading-title elementor-size-default\">10. Aktualisierungen dieser Richtlinie<\/h2>\t\t\t\t<\/div>\n\t\t\t\t<div class=\"elementor-element elementor-element-cf50d78 elementor-widget__width-initial elementor-widget elementor-widget-text-editor\" data-id=\"cf50d78\" data-element_type=\"widget\" data-e-type=\"widget\" data-widget_type=\"text-editor.default\">\n\t\t\t\t\t\t\t\t\t<p>Ihre Daten k\u00f6nnen au\u00dferhalb Ihres Wohnsitzlandes verarbeitet und gespeichert werden. F\u00fcr Einwohner der EU\/des Vereinigten K\u00f6nigreichs implementieren wir geeignete Sicherheitsvorkehrungen (z. B. <strong>Standardvertragsklauseln<\/strong>), um sicherzustellen, dass Ihre Daten bei internationalen \u00dcbertragungen gesch\u00fctzt bleiben. <\/p>\t\t\t\t\t\t\t\t<\/div>\n\t\t\t\t<div class=\"elementor-element elementor-element-a1de819 elementor-widget elementor-widget-heading\" data-id=\"a1de819\" data-element_type=\"widget\" data-e-type=\"widget\" data-widget_type=\"heading.default\">\n\t\t\t\t\t<h2 class=\"elementor-heading-title elementor-size-default\">11. Kontaktinformationen<\/h2>\t\t\t\t<\/div>\n\t\t\t\t<div class=\"elementor-element elementor-element-c5806fa elementor-widget__width-initial elementor-widget elementor-widget-text-editor\" data-id=\"c5806fa\" data-element_type=\"widget\" data-e-type=\"widget\" data-widget_type=\"text-editor.default\">\n\t\t\t\t\t\t\t\t\t<p>Wenn Sie Fragen oder W\u00fcnsche zu dieser Datenschutzrichtlinie haben, kontaktieren Sie uns unter:<\/p><p><strong>E-Mail:<\/strong> support@sharearchiver.com<\/p><p><strong>Adresse:<\/strong><\/p><p>ShareArchiver INC<\/p><p>700-2425 Matheson Blvd E<\/p><p>Mississauga, Ontario, Kanada<\/p><p><em>L4W 5K4<\/em><\/p>\t\t\t\t\t\t\t\t<\/div>\n\t\t\t\t\t<\/div>\n\t\t\t\t<\/div>\n\t\t\t\t<\/div>\n\t\t\t\t<\/div>\n\t\t","protected":false},"excerpt":{"rendered":"<p>Datenschutzrichtlinie 1. Einleitung Bei ShareArchiver respektieren wir Ihre Privatsph\u00e4re und verpflichten uns, Ihre pers\u00f6nlichen Daten zu sch\u00fctzen. Diese Datenschutzrichtlinie erl\u00e4utert, wie wir Informationen sammeln, verwenden und sch\u00fctzen, wenn Sie unsere Website, Software und Dienste nutzen. Mit dem Zugriff auf ShareArchiver.com oder der Nutzung stimmen Sie dieser Richtlinie zu. Sollten Sie nicht einverstanden sein, stellen Sie [&hellip;]<\/p>\n","protected":false},"author":12,"featured_media":0,"parent":0,"menu_order":0,"comment_status":"closed","ping_status":"closed","template":"","meta":{"_acf_changed":false,"_glsr_average":0,"_glsr_ranking":0,"_glsr_reviews":0,"footnotes":""},"class_list":["post-87994","page","type-page","status-publish","hentry"],"acf":[],"yoast_head":"<!-- This site is optimized with the Yoast SEO Premium plugin v26.9 (Yoast SEO v27.6) - https:\/\/yoast.com\/product\/yoast-seo-premium-wordpress\/ -->\n<title>ShareArchiver Datenschutzrichtlinie &amp; Datensicherheit<\/title>\n<meta name=\"description\" content=\"Lesen Sie das Engagement von ShareArchiver f\u00fcr Ihre Privatsph\u00e4re. Erfahren Sie, wie wir Ihre pers\u00f6nlichen Daten verantwortungsvoll behandeln und sichern.\" \/>\n<meta name=\"robots\" content=\"index, follow, max-snippet:-1, max-image-preview:large, max-video-preview:-1\" \/>\n<link rel=\"canonical\" href=\"https:\/\/sharearchiver.com\/de\/privacy-policy\/\" \/>\n<meta name=\"twitter:label1\" content=\"Gesch\u00e4tzte Lesezeit\" \/>\n\t<meta name=\"twitter:data1\" content=\"3\u00a0Minuten\" \/>\n<script type=\"application\/ld+json\" class=\"yoast-schema-graph\">{\"@context\":\"https:\\\/\\\/schema.org\",\"@graph\":[{\"@type\":\"WebPage\",\"@id\":\"https:\\\/\\\/sharearchiver.com\\\/de\\\/privacy-policy\\\/\",\"url\":\"https:\\\/\\\/sharearchiver.com\\\/de\\\/privacy-policy\\\/\",\"name\":\"ShareArchiver Datenschutzrichtlinie & Datensicherheit\",\"isPartOf\":{\"@id\":\"https:\\\/\\\/sharearchiver.com\\\/de\\\/#website\"},\"datePublished\":\"2025-09-29T13:56:03+00:00\",\"dateModified\":\"2025-10-17T07:25:02+00:00\",\"description\":\"Lesen Sie das Engagement von ShareArchiver f\u00fcr Ihre Privatsph\u00e4re. Erfahren Sie, wie wir Ihre pers\u00f6nlichen Daten verantwortungsvoll behandeln und sichern.\",\"breadcrumb\":{\"@id\":\"https:\\\/\\\/sharearchiver.com\\\/de\\\/privacy-policy\\\/#breadcrumb\"},\"inLanguage\":\"de\",\"potentialAction\":[{\"@type\":\"ReadAction\",\"target\":[\"https:\\\/\\\/sharearchiver.com\\\/de\\\/privacy-policy\\\/\"]}]},{\"@type\":\"BreadcrumbList\",\"@id\":\"https:\\\/\\\/sharearchiver.com\\\/de\\\/privacy-policy\\\/#breadcrumb\",\"itemListElement\":[{\"@type\":\"ListItem\",\"position\":1,\"name\":\"Home\",\"item\":\"https:\\\/\\\/sharearchiver.com\\\/de\\\/\"},{\"@type\":\"ListItem\",\"position\":2,\"name\":\"Privacy Policy\"}]},{\"@type\":\"WebSite\",\"@id\":\"https:\\\/\\\/sharearchiver.com\\\/de\\\/#website\",\"url\":\"https:\\\/\\\/sharearchiver.com\\\/de\\\/\",\"name\":\"ShareArchiver\",\"description\":\"Optimize Storage Without Changing User Workflows.\",\"publisher\":{\"@id\":\"https:\\\/\\\/sharearchiver.com\\\/de\\\/#organization\"},\"potentialAction\":[{\"@type\":\"SearchAction\",\"target\":{\"@type\":\"EntryPoint\",\"urlTemplate\":\"https:\\\/\\\/sharearchiver.com\\\/de\\\/?s={search_term_string}\"},\"query-input\":{\"@type\":\"PropertyValueSpecification\",\"valueRequired\":true,\"valueName\":\"search_term_string\"}}],\"inLanguage\":\"de\"},{\"@type\":\"Organization\",\"@id\":\"https:\\\/\\\/sharearchiver.com\\\/de\\\/#organization\",\"name\":\"ShareArchiver\",\"url\":\"https:\\\/\\\/sharearchiver.com\\\/de\\\/\",\"logo\":{\"@type\":\"ImageObject\",\"inLanguage\":\"de\",\"@id\":\"https:\\\/\\\/sharearchiver.com\\\/de\\\/#\\\/schema\\\/logo\\\/image\\\/\",\"url\":\"https:\\\/\\\/sharearchiver.com\\\/wp-content\\\/uploads\\\/2021\\\/10\\\/ShareArchiver.png\",\"contentUrl\":\"https:\\\/\\\/sharearchiver.com\\\/wp-content\\\/uploads\\\/2021\\\/10\\\/ShareArchiver.png\",\"width\":205,\"height\":45,\"caption\":\"ShareArchiver\"},\"image\":{\"@id\":\"https:\\\/\\\/sharearchiver.com\\\/de\\\/#\\\/schema\\\/logo\\\/image\\\/\"},\"sameAs\":[\"https:\\\/\\\/www.facebook.com\\\/ShareArchiverOfficial\\\/\",\"https:\\\/\\\/www.linkedin.com\\\/company\\\/sharearchiver\\\/\",\"https:\\\/\\\/www.youtube.com\\\/@ShareArchiverINCMississauga\"],\"description\":\"ShareArchiver provides enterprise data archiving solutions that reduce storage costs and preserve long-term access to data without disrupting user workflows across on-premises and cloud environments.\",\"email\":\"info@sharearchiver.com\",\"telephone\":\"1 855 927 2448\"}]}<\/script>\n<!-- \/ Yoast SEO Premium plugin. -->","yoast_head_json":{"title":"ShareArchiver Datenschutzrichtlinie & Datensicherheit","description":"Lesen Sie das Engagement von ShareArchiver f\u00fcr Ihre Privatsph\u00e4re. Erfahren Sie, wie wir Ihre pers\u00f6nlichen Daten verantwortungsvoll behandeln und sichern.","robots":{"index":"index","follow":"follow","max-snippet":"max-snippet:-1","max-image-preview":"max-image-preview:large","max-video-preview":"max-video-preview:-1"},"canonical":"https:\/\/sharearchiver.com\/de\/privacy-policy\/","twitter_misc":{"Gesch\u00e4tzte Lesezeit":"3\u00a0Minuten"},"schema":{"@context":"https:\/\/schema.org","@graph":[{"@type":"WebPage","@id":"https:\/\/sharearchiver.com\/de\/privacy-policy\/","url":"https:\/\/sharearchiver.com\/de\/privacy-policy\/","name":"ShareArchiver Datenschutzrichtlinie & Datensicherheit","isPartOf":{"@id":"https:\/\/sharearchiver.com\/de\/#website"},"datePublished":"2025-09-29T13:56:03+00:00","dateModified":"2025-10-17T07:25:02+00:00","description":"Lesen Sie das Engagement von ShareArchiver f\u00fcr Ihre Privatsph\u00e4re. Erfahren Sie, wie wir Ihre pers\u00f6nlichen Daten verantwortungsvoll behandeln und sichern.","breadcrumb":{"@id":"https:\/\/sharearchiver.com\/de\/privacy-policy\/#breadcrumb"},"inLanguage":"de","potentialAction":[{"@type":"ReadAction","target":["https:\/\/sharearchiver.com\/de\/privacy-policy\/"]}]},{"@type":"BreadcrumbList","@id":"https:\/\/sharearchiver.com\/de\/privacy-policy\/#breadcrumb","itemListElement":[{"@type":"ListItem","position":1,"name":"Home","item":"https:\/\/sharearchiver.com\/de\/"},{"@type":"ListItem","position":2,"name":"Privacy Policy"}]},{"@type":"WebSite","@id":"https:\/\/sharearchiver.com\/de\/#website","url":"https:\/\/sharearchiver.com\/de\/","name":"ShareArchiver","description":"Optimize Storage Without Changing User Workflows.","publisher":{"@id":"https:\/\/sharearchiver.com\/de\/#organization"},"potentialAction":[{"@type":"SearchAction","target":{"@type":"EntryPoint","urlTemplate":"https:\/\/sharearchiver.com\/de\/?s={search_term_string}"},"query-input":{"@type":"PropertyValueSpecification","valueRequired":true,"valueName":"search_term_string"}}],"inLanguage":"de"},{"@type":"Organization","@id":"https:\/\/sharearchiver.com\/de\/#organization","name":"ShareArchiver","url":"https:\/\/sharearchiver.com\/de\/","logo":{"@type":"ImageObject","inLanguage":"de","@id":"https:\/\/sharearchiver.com\/de\/#\/schema\/logo\/image\/","url":"https:\/\/sharearchiver.com\/wp-content\/uploads\/2021\/10\/ShareArchiver.png","contentUrl":"https:\/\/sharearchiver.com\/wp-content\/uploads\/2021\/10\/ShareArchiver.png","width":205,"height":45,"caption":"ShareArchiver"},"image":{"@id":"https:\/\/sharearchiver.com\/de\/#\/schema\/logo\/image\/"},"sameAs":["https:\/\/www.facebook.com\/ShareArchiverOfficial\/","https:\/\/www.linkedin.com\/company\/sharearchiver\/","https:\/\/www.youtube.com\/@ShareArchiverINCMississauga"],"description":"ShareArchiver provides enterprise data archiving solutions that reduce storage costs and preserve long-term access to data without disrupting user workflows across on-premises and cloud environments.","email":"info@sharearchiver.com","telephone":"1 855 927 2448"}]}},"_links":{"self":[{"href":"https:\/\/sharearchiver.com\/de\/wp-json\/wp\/v2\/pages\/87994","targetHints":{"allow":["GET"]}}],"collection":[{"href":"https:\/\/sharearchiver.com\/de\/wp-json\/wp\/v2\/pages"}],"about":[{"href":"https:\/\/sharearchiver.com\/de\/wp-json\/wp\/v2\/types\/page"}],"author":[{"embeddable":true,"href":"https:\/\/sharearchiver.com\/de\/wp-json\/wp\/v2\/users\/12"}],"replies":[{"embeddable":true,"href":"https:\/\/sharearchiver.com\/de\/wp-json\/wp\/v2\/comments?post=87994"}],"version-history":[{"count":1,"href":"https:\/\/sharearchiver.com\/de\/wp-json\/wp\/v2\/pages\/87994\/revisions"}],"predecessor-version":[{"id":88090,"href":"https:\/\/sharearchiver.com\/de\/wp-json\/wp\/v2\/pages\/87994\/revisions\/88090"}],"wp:attachment":[{"href":"https:\/\/sharearchiver.com\/de\/wp-json\/wp\/v2\/media?parent=87994"}],"curies":[{"name":"wp","href":"https:\/\/api.w.org\/{rel}","templated":true}]}}