{"id":87974,"date":"2025-09-29T14:11:04","date_gmt":"2025-09-29T14:11:04","guid":{"rendered":"https:\/\/sharearchiver.com\/ueber-uns\/"},"modified":"2025-10-17T07:51:20","modified_gmt":"2025-10-17T07:51:20","slug":"about-us","status":"publish","type":"page","link":"https:\/\/sharearchiver.com\/de\/about-us\/","title":{"rendered":"\u00dcber uns"},"content":{"rendered":"\t\t<div data-elementor-type=\"wp-page\" data-elementor-id=\"87974\" class=\"elementor elementor-87974 elementor-87917\" data-elementor-post-type=\"page\">\n\t\t\t\t<div class=\"elementor-element elementor-element-4c022d8 e-con-full banner e-flex e-con e-parent\" data-id=\"4c022d8\" data-element_type=\"container\" data-e-type=\"container\" data-settings=\"{&quot;background_background&quot;:&quot;classic&quot;}\">\n\t\t<div class=\"elementor-element elementor-element-b1f9602 e-flex e-con-boxed e-con e-child\" data-id=\"b1f9602\" data-element_type=\"container\" data-e-type=\"container\">\n\t\t\t\t\t<div class=\"e-con-inner\">\n\t\t<div class=\"elementor-element elementor-element-9ea4bcc e-con-full e-flex e-con e-child\" data-id=\"9ea4bcc\" data-element_type=\"container\" data-e-type=\"container\">\n\t\t\t\t<div class=\"elementor-element elementor-element-9f181f6 elementor-widget elementor-widget-heading\" data-id=\"9f181f6\" data-element_type=\"widget\" data-e-type=\"widget\" data-widget_type=\"heading.default\">\n\t\t\t\t\t<h1 class=\"elementor-heading-title elementor-size-default\">\u00dcber uns<\/h1>\t\t\t\t<\/div>\n\t\t\t\t<\/div>\n\t\t\t\t\t<\/div>\n\t\t\t\t<\/div>\n\t\t\t\t<\/div>\n\t\t<div class=\"elementor-element elementor-element-74142d7 e-con-full e-flex e-con e-parent\" data-id=\"74142d7\" data-element_type=\"container\" data-e-type=\"container\" data-settings=\"{&quot;background_background&quot;:&quot;classic&quot;}\">\n\t\t<div class=\"elementor-element elementor-element-fba0193 e-flex e-con-boxed e-con e-child\" data-id=\"fba0193\" data-element_type=\"container\" data-e-type=\"container\">\n\t\t\t\t\t<div class=\"e-con-inner\">\n\t\t\t\t<div class=\"elementor-element elementor-element-9c00362 elementor-widget__width-initial elementor-widget elementor-widget-text-editor\" data-id=\"9c00362\" data-element_type=\"widget\" data-e-type=\"widget\" data-widget_type=\"text-editor.default\">\n\t\t\t\t\t\t\t\t\tWir bei ShareArchiver sind \u00fcberzeugt, dass Daten ein wertvolles Gut sein sollten \u2013 keine \u00fcberw\u00e4ltigende Herausforderung. Unsere Mission war von Anfang an einfach: die Verwaltung von Unternehmensdaten einfacher, intelligenter und kosteng\u00fcnstiger zu gestalten.\nUnser Ausgangspunkt war eine klare Erkenntnis: Mit dem Wachstum von Unternehmen wachsen auch ihre Daten. Leider erh\u00f6hen die meisten herk\u00f6mmlichen Speicher- und Archivierungssysteme die Komplexit\u00e4t, anstatt das Problem zu l\u00f6sen. Deshalb haben wir ShareArchiver entwickelt \u2013 um Unternehmen eine Plattform zu bieten, die Kosten senkt, die Leistung steigert und die Compliance sicherstellt \u2013 und gleichzeitig den Zugriff und die Verst\u00e4ndlichkeit der Daten erleichtert.\nShareArchiver bietet heute eine intelligente, benutzerfreundliche L\u00f6sung, die die Speicherung optimiert, den Zugriff verbessert und umsetzbare Erkenntnisse liefert. Mit uns ist die Datenverwaltung nicht nur einfacher, sondern auch schneller, intelligenter und sicherer.\nWas uns auszeichnet, ist unser Fokus auf Innovation, Effizienz und Kundenerfolg. Wir arbeiten Hand in Hand mit Unternehmen weltweit und helfen ihnen, agil, konform und zukunftsf\u00e4hig zu bleiben.\nDas Herzst\u00fcck von ShareArchiver ist ein engagiertes Team aus Technologen, Probleml\u00f6sern und Vision\u00e4ren, die alle ein Ziel verfolgen: das wahre Potenzial von Unternehmensdaten zu erschlie\u00dfen.\nWillkommen bei ShareArchiver \u2013 wo Ihre Daten f\u00fcr Sie arbeiten, nicht gegen Sie.     \t\t\t\t\t\t\t\t<\/div>\n\t\t\t\t\t<\/div>\n\t\t\t\t<\/div>\n\t\t\t\t<\/div>\n\t\t\t\t<\/div>\n\t\t","protected":false},"excerpt":{"rendered":"<p>\u00dcber uns Wir bei ShareArchiver sind \u00fcberzeugt, dass Daten ein wertvolles Gut sein sollten \u2013 keine \u00fcberw\u00e4ltigende Herausforderung. Unsere Mission war von Anfang an einfach: die Verwaltung von Unternehmensdaten einfacher, intelligenter und kosteng\u00fcnstiger zu gestalten. Unser Ausgangspunkt war eine klare Erkenntnis: Mit dem Wachstum von Unternehmen wachsen auch ihre Daten. Leider erh\u00f6hen die meisten herk\u00f6mmlichen [&hellip;]<\/p>\n","protected":false},"author":12,"featured_media":0,"parent":0,"menu_order":0,"comment_status":"closed","ping_status":"closed","template":"elementor_header_footer","meta":{"_acf_changed":false,"_glsr_average":0,"_glsr_ranking":0,"_glsr_reviews":0,"footnotes":""},"class_list":["post-87974","page","type-page","status-publish","hentry"],"acf":[],"yoast_head":"<!-- This site is optimized with the Yoast SEO Premium plugin v26.9 (Yoast SEO v27.6) - https:\/\/yoast.com\/product\/yoast-seo-premium-wordpress\/ -->\n<title>\u00dcber uns: Datenarchivierung &amp; IT-L\u00f6sungen<\/title>\n<meta name=\"description\" content=\"Erfahren Sie mehr \u00fcber ShareArchiver: Unsere Mission ist die Vereinfachung von Datenmanagement, Archivierung und Compliance f\u00fcr Unternehmen.\" \/>\n<meta name=\"robots\" content=\"index, follow, max-snippet:-1, max-image-preview:large, max-video-preview:-1\" \/>\n<link rel=\"canonical\" href=\"https:\/\/sharearchiver.com\/de\/about-us\/\" \/>\n<meta name=\"twitter:label1\" content=\"Gesch\u00e4tzte Lesezeit\" \/>\n\t<meta name=\"twitter:data1\" content=\"1\u00a0Minute\" \/>\n<script type=\"application\/ld+json\" class=\"yoast-schema-graph\">{\"@context\":\"https:\\\/\\\/schema.org\",\"@graph\":[{\"@type\":\"WebPage\",\"@id\":\"https:\\\/\\\/sharearchiver.com\\\/de\\\/about-us\\\/\",\"url\":\"https:\\\/\\\/sharearchiver.com\\\/de\\\/about-us\\\/\",\"name\":\"\u00dcber uns: Datenarchivierung & IT-L\u00f6sungen\",\"isPartOf\":{\"@id\":\"https:\\\/\\\/sharearchiver.com\\\/de\\\/#website\"},\"datePublished\":\"2025-09-29T14:11:04+00:00\",\"dateModified\":\"2025-10-17T07:51:20+00:00\",\"description\":\"Erfahren Sie mehr \u00fcber ShareArchiver: Unsere Mission ist die Vereinfachung von Datenmanagement, Archivierung und Compliance f\u00fcr Unternehmen.\",\"breadcrumb\":{\"@id\":\"https:\\\/\\\/sharearchiver.com\\\/de\\\/about-us\\\/#breadcrumb\"},\"inLanguage\":\"de\",\"potentialAction\":[{\"@type\":\"ReadAction\",\"target\":[\"https:\\\/\\\/sharearchiver.com\\\/de\\\/about-us\\\/\"]}]},{\"@type\":\"BreadcrumbList\",\"@id\":\"https:\\\/\\\/sharearchiver.com\\\/de\\\/about-us\\\/#breadcrumb\",\"itemListElement\":[{\"@type\":\"ListItem\",\"position\":1,\"name\":\"Home\",\"item\":\"https:\\\/\\\/sharearchiver.com\\\/de\\\/\"},{\"@type\":\"ListItem\",\"position\":2,\"name\":\"\u00dcber uns\"}]},{\"@type\":\"WebSite\",\"@id\":\"https:\\\/\\\/sharearchiver.com\\\/de\\\/#website\",\"url\":\"https:\\\/\\\/sharearchiver.com\\\/de\\\/\",\"name\":\"ShareArchiver\",\"description\":\"Optimize Storage Without Changing User Workflows.\",\"publisher\":{\"@id\":\"https:\\\/\\\/sharearchiver.com\\\/de\\\/#organization\"},\"potentialAction\":[{\"@type\":\"SearchAction\",\"target\":{\"@type\":\"EntryPoint\",\"urlTemplate\":\"https:\\\/\\\/sharearchiver.com\\\/de\\\/?s={search_term_string}\"},\"query-input\":{\"@type\":\"PropertyValueSpecification\",\"valueRequired\":true,\"valueName\":\"search_term_string\"}}],\"inLanguage\":\"de\"},{\"@type\":\"Organization\",\"@id\":\"https:\\\/\\\/sharearchiver.com\\\/de\\\/#organization\",\"name\":\"ShareArchiver\",\"url\":\"https:\\\/\\\/sharearchiver.com\\\/de\\\/\",\"logo\":{\"@type\":\"ImageObject\",\"inLanguage\":\"de\",\"@id\":\"https:\\\/\\\/sharearchiver.com\\\/de\\\/#\\\/schema\\\/logo\\\/image\\\/\",\"url\":\"https:\\\/\\\/sharearchiver.com\\\/wp-content\\\/uploads\\\/2021\\\/10\\\/ShareArchiver.png\",\"contentUrl\":\"https:\\\/\\\/sharearchiver.com\\\/wp-content\\\/uploads\\\/2021\\\/10\\\/ShareArchiver.png\",\"width\":205,\"height\":45,\"caption\":\"ShareArchiver\"},\"image\":{\"@id\":\"https:\\\/\\\/sharearchiver.com\\\/de\\\/#\\\/schema\\\/logo\\\/image\\\/\"},\"sameAs\":[\"https:\\\/\\\/www.facebook.com\\\/ShareArchiverOfficial\\\/\",\"https:\\\/\\\/www.linkedin.com\\\/company\\\/sharearchiver\\\/\",\"https:\\\/\\\/www.youtube.com\\\/@ShareArchiverINCMississauga\"],\"description\":\"ShareArchiver provides enterprise data archiving solutions that reduce storage costs and preserve long-term access to data without disrupting user workflows across on-premises and cloud environments.\",\"email\":\"info@sharearchiver.com\",\"telephone\":\"1 855 927 2448\"}]}<\/script>\n<!-- \/ Yoast SEO Premium plugin. -->","yoast_head_json":{"title":"\u00dcber uns: Datenarchivierung & IT-L\u00f6sungen","description":"Erfahren Sie mehr \u00fcber ShareArchiver: Unsere Mission ist die Vereinfachung von Datenmanagement, Archivierung und Compliance f\u00fcr Unternehmen.","robots":{"index":"index","follow":"follow","max-snippet":"max-snippet:-1","max-image-preview":"max-image-preview:large","max-video-preview":"max-video-preview:-1"},"canonical":"https:\/\/sharearchiver.com\/de\/about-us\/","twitter_misc":{"Gesch\u00e4tzte Lesezeit":"1\u00a0Minute"},"schema":{"@context":"https:\/\/schema.org","@graph":[{"@type":"WebPage","@id":"https:\/\/sharearchiver.com\/de\/about-us\/","url":"https:\/\/sharearchiver.com\/de\/about-us\/","name":"\u00dcber uns: Datenarchivierung & IT-L\u00f6sungen","isPartOf":{"@id":"https:\/\/sharearchiver.com\/de\/#website"},"datePublished":"2025-09-29T14:11:04+00:00","dateModified":"2025-10-17T07:51:20+00:00","description":"Erfahren Sie mehr \u00fcber ShareArchiver: Unsere Mission ist die Vereinfachung von Datenmanagement, Archivierung und Compliance f\u00fcr Unternehmen.","breadcrumb":{"@id":"https:\/\/sharearchiver.com\/de\/about-us\/#breadcrumb"},"inLanguage":"de","potentialAction":[{"@type":"ReadAction","target":["https:\/\/sharearchiver.com\/de\/about-us\/"]}]},{"@type":"BreadcrumbList","@id":"https:\/\/sharearchiver.com\/de\/about-us\/#breadcrumb","itemListElement":[{"@type":"ListItem","position":1,"name":"Home","item":"https:\/\/sharearchiver.com\/de\/"},{"@type":"ListItem","position":2,"name":"\u00dcber uns"}]},{"@type":"WebSite","@id":"https:\/\/sharearchiver.com\/de\/#website","url":"https:\/\/sharearchiver.com\/de\/","name":"ShareArchiver","description":"Optimize Storage Without Changing User Workflows.","publisher":{"@id":"https:\/\/sharearchiver.com\/de\/#organization"},"potentialAction":[{"@type":"SearchAction","target":{"@type":"EntryPoint","urlTemplate":"https:\/\/sharearchiver.com\/de\/?s={search_term_string}"},"query-input":{"@type":"PropertyValueSpecification","valueRequired":true,"valueName":"search_term_string"}}],"inLanguage":"de"},{"@type":"Organization","@id":"https:\/\/sharearchiver.com\/de\/#organization","name":"ShareArchiver","url":"https:\/\/sharearchiver.com\/de\/","logo":{"@type":"ImageObject","inLanguage":"de","@id":"https:\/\/sharearchiver.com\/de\/#\/schema\/logo\/image\/","url":"https:\/\/sharearchiver.com\/wp-content\/uploads\/2021\/10\/ShareArchiver.png","contentUrl":"https:\/\/sharearchiver.com\/wp-content\/uploads\/2021\/10\/ShareArchiver.png","width":205,"height":45,"caption":"ShareArchiver"},"image":{"@id":"https:\/\/sharearchiver.com\/de\/#\/schema\/logo\/image\/"},"sameAs":["https:\/\/www.facebook.com\/ShareArchiverOfficial\/","https:\/\/www.linkedin.com\/company\/sharearchiver\/","https:\/\/www.youtube.com\/@ShareArchiverINCMississauga"],"description":"ShareArchiver provides enterprise data archiving solutions that reduce storage costs and preserve long-term access to data without disrupting user workflows across on-premises and cloud environments.","email":"info@sharearchiver.com","telephone":"1 855 927 2448"}]}},"_links":{"self":[{"href":"https:\/\/sharearchiver.com\/de\/wp-json\/wp\/v2\/pages\/87974","targetHints":{"allow":["GET"]}}],"collection":[{"href":"https:\/\/sharearchiver.com\/de\/wp-json\/wp\/v2\/pages"}],"about":[{"href":"https:\/\/sharearchiver.com\/de\/wp-json\/wp\/v2\/types\/page"}],"author":[{"embeddable":true,"href":"https:\/\/sharearchiver.com\/de\/wp-json\/wp\/v2\/users\/12"}],"replies":[{"embeddable":true,"href":"https:\/\/sharearchiver.com\/de\/wp-json\/wp\/v2\/comments?post=87974"}],"version-history":[{"count":1,"href":"https:\/\/sharearchiver.com\/de\/wp-json\/wp\/v2\/pages\/87974\/revisions"}],"predecessor-version":[{"id":88108,"href":"https:\/\/sharearchiver.com\/de\/wp-json\/wp\/v2\/pages\/87974\/revisions\/88108"}],"wp:attachment":[{"href":"https:\/\/sharearchiver.com\/de\/wp-json\/wp\/v2\/media?parent=87974"}],"curies":[{"name":"wp","href":"https:\/\/api.w.org\/{rel}","templated":true}]}}