{"id":82247,"date":"2024-11-26T06:09:28","date_gmt":"2024-11-26T06:09:28","guid":{"rendered":"https:\/\/sharearchiver.com\/thank-you\/"},"modified":"2024-11-26T17:08:58","modified_gmt":"2024-11-26T17:08:58","slug":"thank-you","status":"publish","type":"page","link":"https:\/\/sharearchiver.com\/de\/thank-you\/","title":{"rendered":"Danke"},"content":{"rendered":"\t\t<div data-elementor-type=\"wp-page\" data-elementor-id=\"82247\" class=\"elementor elementor-82247 elementor-82039\" data-elementor-post-type=\"page\">\n\t\t\t\t<div class=\"elementor-element elementor-element-2960e3d e-con-full banner e-flex e-con e-parent\" data-id=\"2960e3d\" data-element_type=\"container\" data-e-type=\"container\" data-settings=\"{&quot;background_background&quot;:&quot;classic&quot;}\">\n\t\t<div class=\"elementor-element elementor-element-24f2eac e-flex e-con-boxed e-con e-child\" data-id=\"24f2eac\" data-element_type=\"container\" data-e-type=\"container\">\n\t\t\t\t\t<div class=\"e-con-inner\">\n\t\t<div class=\"elementor-element elementor-element-a87ea54 e-con-full e-flex e-con e-child\" data-id=\"a87ea54\" data-element_type=\"container\" data-e-type=\"container\">\n\t\t\t\t<div class=\"elementor-element elementor-element-dc317ca elementor-widget elementor-widget-heading\" data-id=\"dc317ca\" data-element_type=\"widget\" data-e-type=\"widget\" data-widget_type=\"heading.default\">\n\t\t\t\t\t<h1 class=\"elementor-heading-title elementor-size-default\">Vielen Dank f\u00fcr Ihr Abonnement<\/h1>\t\t\t\t<\/div>\n\t\t\t\t<div class=\"elementor-element elementor-element-e1abed2 elementor-widget elementor-widget-text-editor\" data-id=\"e1abed2\" data-element_type=\"widget\" data-e-type=\"widget\" data-widget_type=\"text-editor.default\">\n\t\t\t\t\t\t\t\t\tBleiben Sie ruhig, w\u00e4hrend wir Ihnen eine E-Mail mit Anweisungen f\u00fcr die n\u00e4chsten Schritte senden.\r\n\r\nBitte \u00fcberpr\u00fcfen Sie Ihren Spam-Ordner, falls Sie die E-Mail nicht erhalten.\r\n\r\nBei Fragen wenden Sie sich bitte an sales@sharearchiver.com\t\t\t\t\t\t\t\t<\/div>\n\t\t\t\t<\/div>\n\t\t<div class=\"elementor-element elementor-element-687456a e-con-full e-flex e-con e-child\" data-id=\"687456a\" data-element_type=\"container\" data-e-type=\"container\">\n\t\t\t\t<\/div>\n\t\t\t\t\t<\/div>\n\t\t\t\t<\/div>\n\t\t\t\t<\/div>\n\t\t<div class=\"elementor-element elementor-element-807156b e-flex e-con-boxed e-con e-parent\" data-id=\"807156b\" data-element_type=\"container\" data-e-type=\"container\">\n\t\t\t\t\t<div class=\"e-con-inner\">\n\t\t<div class=\"elementor-element elementor-element-3c133ad e-con-full e-flex e-con e-child\" data-id=\"3c133ad\" data-element_type=\"container\" data-e-type=\"container\">\n\t\t\t\t<div class=\"elementor-element elementor-element-99a5a64 elementor-widget elementor-widget-image\" data-id=\"99a5a64\" data-element_type=\"widget\" data-e-type=\"widget\" data-widget_type=\"image.default\">\n\t\t\t\t\t\t\t\t\t\t\t\t\t\t\t<img fetchpriority=\"high\" decoding=\"async\" width=\"800\" height=\"534\" src=\"https:\/\/sharearchiver.com\/wp-content\/uploads\/2023\/10\/8183402-1024x683.jpg\" class=\"attachment-large size-large wp-image-77711\" alt=\"\" srcset=\"https:\/\/sharearchiver.com\/wp-content\/uploads\/2023\/10\/8183402-1024x683.jpg 1024w, https:\/\/sharearchiver.com\/wp-content\/uploads\/2023\/10\/8183402-300x200.jpg 300w, https:\/\/sharearchiver.com\/wp-content\/uploads\/2023\/10\/8183402-768x512.jpg 768w, https:\/\/sharearchiver.com\/wp-content\/uploads\/2023\/10\/8183402-1536x1024.jpg 1536w, https:\/\/sharearchiver.com\/wp-content\/uploads\/2023\/10\/8183402-2048x1365.jpg 2048w\" sizes=\"(max-width: 800px) 100vw, 800px\" \/>\t\t\t\t\t\t\t\t\t\t\t\t\t\t\t<\/div>\n\t\t\t\t<\/div>\n\t\t\t\t\t<\/div>\n\t\t\t\t<\/div>\n\t\t\t\t<\/div>\n\t\t","protected":false},"excerpt":{"rendered":"<p>Vielen Dank f\u00fcr Ihr Abonnement Bleiben Sie ruhig, w\u00e4hrend wir Ihnen eine E-Mail mit Anweisungen f\u00fcr die n\u00e4chsten Schritte senden. Bitte \u00fcberpr\u00fcfen Sie Ihren Spam-Ordner, falls Sie die E-Mail nicht erhalten. Bei Fragen wenden Sie sich bitte an sales@sharearchiver.com<\/p>\n","protected":false},"author":1,"featured_media":0,"parent":0,"menu_order":0,"comment_status":"closed","ping_status":"closed","template":"elementor_header_footer","meta":{"_acf_changed":false,"_glsr_average":0,"_glsr_ranking":0,"_glsr_reviews":0,"footnotes":""},"class_list":["post-82247","page","type-page","status-publish","hentry"],"acf":[],"yoast_head":"<!-- This site is optimized with the Yoast SEO Premium plugin v26.9 (Yoast SEO v27.5) - https:\/\/yoast.com\/product\/yoast-seo-premium-wordpress\/ -->\n<title>Danke | ShareArchiver<\/title>\n<meta name=\"description\" content=\"Vielen Dank f\u00fcr Ihr Abonnement Bleiben Sie ruhig, w\u00e4hrend wir Ihnen eine E-Mail mit Anweisungen f\u00fcr die n\u00e4chsten Schritte senden. Bitte \u00fcberpr\u00fcfen Sie Learn more about Danke and how ShareArchiver helps reduce storage costs and manage enterprise data securely.\" \/>\n<meta name=\"robots\" content=\"index, follow, max-snippet:-1, max-image-preview:large, max-video-preview:-1\" \/>\n<link rel=\"canonical\" href=\"https:\/\/sharearchiver.com\/de\/thank-you\/\" \/>\n<meta name=\"twitter:label1\" content=\"Gesch\u00e4tzte Lesezeit\" \/>\n\t<meta name=\"twitter:data1\" content=\"1\u00a0Minute\" \/>\n<script type=\"application\/ld+json\" class=\"yoast-schema-graph\">{\"@context\":\"https:\\\/\\\/schema.org\",\"@graph\":[{\"@type\":\"WebPage\",\"@id\":\"https:\\\/\\\/sharearchiver.com\\\/de\\\/thank-you\\\/\",\"url\":\"https:\\\/\\\/sharearchiver.com\\\/de\\\/thank-you\\\/\",\"name\":\"Danke | ShareArchiver\",\"isPartOf\":{\"@id\":\"https:\\\/\\\/sharearchiver.com\\\/de\\\/#website\"},\"primaryImageOfPage\":{\"@id\":\"https:\\\/\\\/sharearchiver.com\\\/de\\\/thank-you\\\/#primaryimage\"},\"image\":{\"@id\":\"https:\\\/\\\/sharearchiver.com\\\/de\\\/thank-you\\\/#primaryimage\"},\"thumbnailUrl\":\"https:\\\/\\\/sharearchiver.com\\\/wp-content\\\/uploads\\\/2023\\\/10\\\/8183402-1024x683.jpg\",\"datePublished\":\"2024-11-26T06:09:28+00:00\",\"dateModified\":\"2024-11-26T17:08:58+00:00\",\"description\":\"Vielen Dank f\u00fcr Ihr Abonnement Bleiben Sie ruhig, w\u00e4hrend wir Ihnen eine E-Mail mit Anweisungen f\u00fcr die n\u00e4chsten Schritte senden. Bitte \u00fcberpr\u00fcfen Sie Learn more about Danke and how ShareArchiver helps reduce storage costs and manage enterprise data securely.\",\"breadcrumb\":{\"@id\":\"https:\\\/\\\/sharearchiver.com\\\/de\\\/thank-you\\\/#breadcrumb\"},\"inLanguage\":\"de\",\"potentialAction\":[{\"@type\":\"ReadAction\",\"target\":[\"https:\\\/\\\/sharearchiver.com\\\/de\\\/thank-you\\\/\"]}]},{\"@type\":\"ImageObject\",\"inLanguage\":\"de\",\"@id\":\"https:\\\/\\\/sharearchiver.com\\\/de\\\/thank-you\\\/#primaryimage\",\"url\":\"https:\\\/\\\/sharearchiver.com\\\/wp-content\\\/uploads\\\/2023\\\/10\\\/8183402-1024x683.jpg\",\"contentUrl\":\"https:\\\/\\\/sharearchiver.com\\\/wp-content\\\/uploads\\\/2023\\\/10\\\/8183402-1024x683.jpg\"},{\"@type\":\"BreadcrumbList\",\"@id\":\"https:\\\/\\\/sharearchiver.com\\\/de\\\/thank-you\\\/#breadcrumb\",\"itemListElement\":[{\"@type\":\"ListItem\",\"position\":1,\"name\":\"Home\",\"item\":\"https:\\\/\\\/sharearchiver.com\\\/de\\\/\"},{\"@type\":\"ListItem\",\"position\":2,\"name\":\"Danke\"}]},{\"@type\":\"WebSite\",\"@id\":\"https:\\\/\\\/sharearchiver.com\\\/de\\\/#website\",\"url\":\"https:\\\/\\\/sharearchiver.com\\\/de\\\/\",\"name\":\"ShareArchiver\",\"description\":\"Optimize Storage Without Changing User Workflows.\",\"publisher\":{\"@id\":\"https:\\\/\\\/sharearchiver.com\\\/de\\\/#organization\"},\"potentialAction\":[{\"@type\":\"SearchAction\",\"target\":{\"@type\":\"EntryPoint\",\"urlTemplate\":\"https:\\\/\\\/sharearchiver.com\\\/de\\\/?s={search_term_string}\"},\"query-input\":{\"@type\":\"PropertyValueSpecification\",\"valueRequired\":true,\"valueName\":\"search_term_string\"}}],\"inLanguage\":\"de\"},{\"@type\":\"Organization\",\"@id\":\"https:\\\/\\\/sharearchiver.com\\\/de\\\/#organization\",\"name\":\"ShareArchiver\",\"url\":\"https:\\\/\\\/sharearchiver.com\\\/de\\\/\",\"logo\":{\"@type\":\"ImageObject\",\"inLanguage\":\"de\",\"@id\":\"https:\\\/\\\/sharearchiver.com\\\/de\\\/#\\\/schema\\\/logo\\\/image\\\/\",\"url\":\"https:\\\/\\\/sharearchiver.com\\\/wp-content\\\/uploads\\\/2021\\\/10\\\/ShareArchiver.png\",\"contentUrl\":\"https:\\\/\\\/sharearchiver.com\\\/wp-content\\\/uploads\\\/2021\\\/10\\\/ShareArchiver.png\",\"width\":205,\"height\":45,\"caption\":\"ShareArchiver\"},\"image\":{\"@id\":\"https:\\\/\\\/sharearchiver.com\\\/de\\\/#\\\/schema\\\/logo\\\/image\\\/\"},\"sameAs\":[\"https:\\\/\\\/www.facebook.com\\\/ShareArchiverOfficial\\\/\",\"https:\\\/\\\/www.linkedin.com\\\/company\\\/sharearchiver\\\/\",\"https:\\\/\\\/www.youtube.com\\\/@ShareArchiverINCMississauga\"],\"description\":\"ShareArchiver provides enterprise data archiving solutions that reduce storage costs and preserve long-term access to data without disrupting user workflows across on-premises and cloud environments.\",\"email\":\"info@sharearchiver.com\",\"telephone\":\"1 855 927 2448\"}]}<\/script>\n<!-- \/ Yoast SEO Premium plugin. -->","yoast_head_json":{"title":"Danke | ShareArchiver","description":"Vielen Dank f\u00fcr Ihr Abonnement Bleiben Sie ruhig, w\u00e4hrend wir Ihnen eine E-Mail mit Anweisungen f\u00fcr die n\u00e4chsten Schritte senden. Bitte \u00fcberpr\u00fcfen Sie Learn more about Danke and how ShareArchiver helps reduce storage costs and manage enterprise data securely.","robots":{"index":"index","follow":"follow","max-snippet":"max-snippet:-1","max-image-preview":"max-image-preview:large","max-video-preview":"max-video-preview:-1"},"canonical":"https:\/\/sharearchiver.com\/de\/thank-you\/","twitter_misc":{"Gesch\u00e4tzte Lesezeit":"1\u00a0Minute"},"schema":{"@context":"https:\/\/schema.org","@graph":[{"@type":"WebPage","@id":"https:\/\/sharearchiver.com\/de\/thank-you\/","url":"https:\/\/sharearchiver.com\/de\/thank-you\/","name":"Danke | ShareArchiver","isPartOf":{"@id":"https:\/\/sharearchiver.com\/de\/#website"},"primaryImageOfPage":{"@id":"https:\/\/sharearchiver.com\/de\/thank-you\/#primaryimage"},"image":{"@id":"https:\/\/sharearchiver.com\/de\/thank-you\/#primaryimage"},"thumbnailUrl":"https:\/\/sharearchiver.com\/wp-content\/uploads\/2023\/10\/8183402-1024x683.jpg","datePublished":"2024-11-26T06:09:28+00:00","dateModified":"2024-11-26T17:08:58+00:00","description":"Vielen Dank f\u00fcr Ihr Abonnement Bleiben Sie ruhig, w\u00e4hrend wir Ihnen eine E-Mail mit Anweisungen f\u00fcr die n\u00e4chsten Schritte senden. Bitte \u00fcberpr\u00fcfen Sie Learn more about Danke and how ShareArchiver helps reduce storage costs and manage enterprise data securely.","breadcrumb":{"@id":"https:\/\/sharearchiver.com\/de\/thank-you\/#breadcrumb"},"inLanguage":"de","potentialAction":[{"@type":"ReadAction","target":["https:\/\/sharearchiver.com\/de\/thank-you\/"]}]},{"@type":"ImageObject","inLanguage":"de","@id":"https:\/\/sharearchiver.com\/de\/thank-you\/#primaryimage","url":"https:\/\/sharearchiver.com\/wp-content\/uploads\/2023\/10\/8183402-1024x683.jpg","contentUrl":"https:\/\/sharearchiver.com\/wp-content\/uploads\/2023\/10\/8183402-1024x683.jpg"},{"@type":"BreadcrumbList","@id":"https:\/\/sharearchiver.com\/de\/thank-you\/#breadcrumb","itemListElement":[{"@type":"ListItem","position":1,"name":"Home","item":"https:\/\/sharearchiver.com\/de\/"},{"@type":"ListItem","position":2,"name":"Danke"}]},{"@type":"WebSite","@id":"https:\/\/sharearchiver.com\/de\/#website","url":"https:\/\/sharearchiver.com\/de\/","name":"ShareArchiver","description":"Optimize Storage Without Changing User Workflows.","publisher":{"@id":"https:\/\/sharearchiver.com\/de\/#organization"},"potentialAction":[{"@type":"SearchAction","target":{"@type":"EntryPoint","urlTemplate":"https:\/\/sharearchiver.com\/de\/?s={search_term_string}"},"query-input":{"@type":"PropertyValueSpecification","valueRequired":true,"valueName":"search_term_string"}}],"inLanguage":"de"},{"@type":"Organization","@id":"https:\/\/sharearchiver.com\/de\/#organization","name":"ShareArchiver","url":"https:\/\/sharearchiver.com\/de\/","logo":{"@type":"ImageObject","inLanguage":"de","@id":"https:\/\/sharearchiver.com\/de\/#\/schema\/logo\/image\/","url":"https:\/\/sharearchiver.com\/wp-content\/uploads\/2021\/10\/ShareArchiver.png","contentUrl":"https:\/\/sharearchiver.com\/wp-content\/uploads\/2021\/10\/ShareArchiver.png","width":205,"height":45,"caption":"ShareArchiver"},"image":{"@id":"https:\/\/sharearchiver.com\/de\/#\/schema\/logo\/image\/"},"sameAs":["https:\/\/www.facebook.com\/ShareArchiverOfficial\/","https:\/\/www.linkedin.com\/company\/sharearchiver\/","https:\/\/www.youtube.com\/@ShareArchiverINCMississauga"],"description":"ShareArchiver provides enterprise data archiving solutions that reduce storage costs and preserve long-term access to data without disrupting user workflows across on-premises and cloud environments.","email":"info@sharearchiver.com","telephone":"1 855 927 2448"}]}},"_links":{"self":[{"href":"https:\/\/sharearchiver.com\/de\/wp-json\/wp\/v2\/pages\/82247","targetHints":{"allow":["GET"]}}],"collection":[{"href":"https:\/\/sharearchiver.com\/de\/wp-json\/wp\/v2\/pages"}],"about":[{"href":"https:\/\/sharearchiver.com\/de\/wp-json\/wp\/v2\/types\/page"}],"author":[{"embeddable":true,"href":"https:\/\/sharearchiver.com\/de\/wp-json\/wp\/v2\/users\/1"}],"replies":[{"embeddable":true,"href":"https:\/\/sharearchiver.com\/de\/wp-json\/wp\/v2\/comments?post=82247"}],"version-history":[{"count":0,"href":"https:\/\/sharearchiver.com\/de\/wp-json\/wp\/v2\/pages\/82247\/revisions"}],"wp:attachment":[{"href":"https:\/\/sharearchiver.com\/de\/wp-json\/wp\/v2\/media?parent=82247"}],"curies":[{"name":"wp","href":"https:\/\/api.w.org\/{rel}","templated":true}]}}